{"id":5820,"date":"2018-12-13T11:09:31","date_gmt":"2018-12-13T10:09:31","guid":{"rendered":"https:\/\/lionfoods.nl\/bouw-je-website-in-een-dag\/"},"modified":"2025-07-31T12:34:51","modified_gmt":"2025-07-31T11:34:51","slug":"bouw-je-website-in-een-dag","status":"publish","type":"page","link":"https:\/\/lionfoods.nl\/de\/","title":{"rendered":"Home"},"content":{"rendered":"<p>Dit is de homepage<\/p>\n","protected":false},"excerpt":{"rendered":"<p>Dit is de homepage<\/p>\n","protected":false},"author":1,"featured_media":0,"parent":0,"menu_order":45,"comment_status":"closed","ping_status":"closed","template":"","meta":{"_acf_changed":false,"footnotes":""},"class_list":["post-5820","page","type-page","status-publish","hentry"],"acf":{"flexible_content":[{"acf_fc_layout":"pageheader_default","header_media":"video","color_overlay":"rgba(0,0,0,0.3)","hovering_content":false,"platform_choice":"file","video":"rNlK2F2fsr0","upload_video_file":5567,"desktop":{"header_size":"large","fullscreen":null,"large":"{\"original_image\":\"4725\",\"cropped_image\":\"4725\"}","small":null},"mobile":{"header_size":"large","fullscreen":null,"large":"{\"original_image\":\"4725\",\"cropped_image\":{\"image\":\"2024\/04\/d3-shutterstock_583805455-1-1_450x420_acf_cropped.jpg\",\"preview\":\"2024\/04\/preview_d3-shutterstock_583805455-1-1_450x420_acf_cropped.jpg\"}}","small":null},"pre_title":"","header_title":"Gebratene Zwiebeln: Lokal angebaut, weltweit beliebt!","header_intro":"","header_btn-primary":{"header_btn-color":"is-primary","header_btn":{"title":"Unsere Produkte","url":"https:\/\/lionfoods.nl\/product\/","target":""}},"header_btn-secondary":{"header_btn-color":"is-primary","header_btn":""},"header_btn-video":{"header_btn-color":"is-primary","header_btn":""},"layout_custom_css":""},{"acf_fc_layout":"feature","pre_title":"","title":"","intro":"Unsere R\u00f6stzwiebeln verleihen jedem Gericht nicht nur Biss, sondern auch eine k\u00f6stliche Geschmacksnote. Ob Burger, Salat, Sushi oder andere Gerichte \u2013 unsere R\u00f6stzwiebeln sind das perfekte Topping f\u00fcr eine geschmackvolle Note. Sie sind vielseitig einsetzbar und ideal f\u00fcr Gastronomie, Einzelhandel und Lebensmittelindustrie.\r\n\r\nDas Besondere an unseren Zwiebeln ist ihr regionaler Anbau auf sorgf\u00e4ltig ausgew\u00e4hlten Fl\u00e4chen. Nach der Ernte werden sie sofort bei Lion Foods frittiert, sodass sie ihren typischen Biss und ihr frisches Aroma behalten. So sind unsere R\u00f6stzwiebeln nicht nur hochwertig, sondern auch gleichbleibend in Geschmack und Textur. Dank unseres kontinuierlichen Fokus auf Qualit\u00e4t und Innovation sind unsere R\u00f6stzwiebeln unter verschiedenen Marken bereits in \u00fcber 80 L\u00e4ndern beliebt.","buttons":null,"media":{"choice":"image","toggle":false,"chosen_element":"","attributes":{"horizontal":"","vertical":"","custom_style_element_size":false,"min_element_size":"","style_element_size":50,"max_element_size":""},"image":"{\"original_image\":\"5403\",\"cropped_image\":{\"image\":\"2025\/02\/Gebakken-uitjes-v2_x_acf_cropped.jpg\",\"preview\":\"2025\/02\/preview_Gebakken-uitjes-v2_x_acf_cropped.jpg\"}}","platform":"vimeo","autoplay_toggle":false,"vimeo":"","youtube":"","upload_video_file":null},"type":"left","vertical_alignment":"top","heading_type":"h2","heading":"h2","text_color":"","padding":{"top":"m","bottom":"m"},"layout_bg_show_image":false,"background_color":"","layout_bg_overlay":"","layout_bg_image_desktop":null,"layout_bg_position_desktop":"center","layout_bg_image_mobile":null,"layout_bg_position_mobile":"center","title-transition":{"has_transition":false,"transition_type":"none","transition_offset":"","transition_delay":0},"intro-transition":{"has_transition":false,"transition_type":"none","transition_offset":"","transition_delay":0},"image-transition":{"has_transition":false,"transition_type":"none","transition_offset":"","transition_delay":0},"buttons-transition":{"has_transition":false,"transition_type":"none","transition_offset":"","transition_delay":0},"layout_custom_css":""},{"acf_fc_layout":"feature","pre_title":"","title":" Globale Partnerschaft und Eigenmarke","intro":"Wir setzen auf langfristige Partnerschaften und liefern Kunden weltweit Premiumqualit\u00e4t. Unsere R\u00f6stzwiebeln finden ihren Weg in Superm\u00e4rkte, Restaurants und K\u00fcchen in \u00fcber 80 L\u00e4ndern \u2013 von lokalen Lieblingsrestaurants bis hin zu den gr\u00f6\u00dften Burger-Ketten der Welt. Dank unserer langj\u00e4hrigen Erfahrung und Expertise unterst\u00fctzen wir K\u00f6che und Food-Profis bei der Integration unserer Produkte in ihre Gerichte.\r\n\r\nOb Sie Ihre eigene Marke lancieren oder nach Eigenmarkenl\u00f6sungen suchen \u2013 unser Team bietet Ihnen individuelle Unterst\u00fctzung. Wir unterst\u00fctzen Sie gerne bei der Entwicklung des perfekten Produkts f\u00fcr Ihren Markt und bieten Ihnen die M\u00f6glichkeit, unsere Premium-R\u00f6stzwiebeln in Ihrer eigenen Verpackung zu liefern. Lion Foods ist der Partner f\u00fcr Ihre Eigenmarke und genie\u00dft das Vertrauen der gr\u00f6\u00dften Schnellrestaurant-Marken weltweit.","buttons":null,"media":{"choice":"image","toggle":false,"chosen_element":"","attributes":{"horizontal":"","vertical":"","custom_style_element_size":false,"min_element_size":"","style_element_size":50,"max_element_size":""},"image":"{\"original_image\":\"5461\",\"cropped_image\":{\"image\":\"2024\/08\/TOP-onion-24-jan-575_x_acf_cropped-1.jpg\",\"preview\":\"2024\/08\/preview_TOP-onion-24-jan-575_x_acf_cropped-1.jpg\"}}","platform":"vimeo","autoplay_toggle":false,"vimeo":"","youtube":"","upload_video_file":null},"type":"right","vertical_alignment":"top","heading_type":"h2","heading":"h2","text_color":"","padding":{"top":"m","bottom":"m"},"layout_bg_show_image":false,"background_color":"","layout_bg_overlay":"","layout_bg_image_desktop":null,"layout_bg_position_desktop":"center","layout_bg_image_mobile":null,"layout_bg_position_mobile":"center","title-transition":{"has_transition":false,"transition_type":"none","transition_offset":"","transition_delay":0},"intro-transition":{"has_transition":false,"transition_type":"none","transition_offset":"","transition_delay":0},"image-transition":{"has_transition":false,"transition_type":"none","transition_offset":"","transition_delay":0},"buttons-transition":{"has_transition":false,"transition_type":"none","transition_offset":"","transition_delay":0},"layout_custom_css":""},{"acf_fc_layout":"feature","pre_title":"","title":"H\u00f6chste Anspr\u00fcche an Qualit\u00e4t","intro":"Bei Lion Foods produzieren wir nur das Beste. Mit \u00fcber 25 Jahren Erfahrung im Bereich R\u00f6stzwiebeln wissen wir genau, was f\u00fcr den perfekten Biss und Geschmack n\u00f6tig ist. Unsere Produkte erf\u00fcllen h\u00f6chste Qualit\u00e4ts- und Lebensmittelsicherheitsstandards. Wir sind IFS-, BRCGS- und RSPO-zertifiziert.\r\n\r\nQualit\u00e4t endet nicht bei Zertifizierungen. Wir entwickeln uns kontinuierlich weiter und investieren in neueste Technologien, um unsere Prozesse zu optimieren und die besten Produkte zu liefern.\r\n\r\nEntscheiden Sie sich f\u00fcr Premiumqualit\u00e4t. Entscheiden Sie sich f\u00fcr Lion Foods.","buttons":null,"media":{"choice":"image","toggle":false,"chosen_element":"","attributes":{"horizontal":"","vertical":"","custom_style_element_size":false,"min_element_size":"","style_element_size":50,"max_element_size":""},"image":"{\"original_image\":\"4926\",\"cropped_image\":{\"image\":\"2025\/02\/EKF-OnionSpec-HR-20170413-004-e1738853044149_x_acf_cropped.jpg\",\"preview\":\"2025\/02\/preview_EKF-OnionSpec-HR-20170413-004-e1738853044149_x_acf_cropped.jpg\"}}","platform":"vimeo","autoplay_toggle":false,"vimeo":"","youtube":"","upload_video_file":null},"type":"left","vertical_alignment":"top","heading_type":"h2","heading":"h2","text_color":"","padding":{"top":"m","bottom":"m"},"layout_bg_show_image":false,"background_color":"","layout_bg_overlay":"","layout_bg_image_desktop":null,"layout_bg_position_desktop":"center","layout_bg_image_mobile":null,"layout_bg_position_mobile":"center","title-transition":{"has_transition":false,"transition_type":"none","transition_offset":"","transition_delay":0},"intro-transition":{"has_transition":false,"transition_type":"none","transition_offset":"","transition_delay":0},"image-transition":{"has_transition":false,"transition_type":"none","transition_offset":"","transition_delay":0},"buttons-transition":{"has_transition":false,"transition_type":"none","transition_offset":"","transition_delay":0},"layout_custom_css":""}]},"yoast_head":"<!-- This site is optimized with the Yoast SEO plugin v27.0 - https:\/\/yoast.com\/product\/yoast-seo-wordpress\/ -->\n<title>Home - Lion Foods<\/title>\n<meta name=\"robots\" content=\"index, follow, max-snippet:-1, max-image-preview:large, max-video-preview:-1\" \/>\n<link rel=\"canonical\" href=\"https:\/\/lionfoods.nl\/de\/\" \/>\n<meta property=\"og:locale\" content=\"de_DE\" \/>\n<meta property=\"og:type\" content=\"article\" \/>\n<meta property=\"og:title\" content=\"Compozer: Bouw je website in \u00e9\u00e9n dag!\" \/>\n<meta property=\"og:description\" content=\"Dit is de homepage\" \/>\n<meta property=\"og:url\" content=\"https:\/\/lionfoods.nl\/de\/\" \/>\n<meta property=\"og:site_name\" content=\"Lion Foods\" \/>\n<meta property=\"article:modified_time\" content=\"2025-07-31T11:34:51+00:00\" \/>\n<meta name=\"twitter:card\" content=\"summary_large_image\" \/>\n<meta name=\"twitter:title\" content=\"Compozer: Bouw je website in \u00e9\u00e9n dag!\" \/>\n<meta name=\"twitter:label1\" content=\"Est. reading time\" \/>\n\t<meta name=\"twitter:data1\" content=\"2 minutes\" \/>\n<script type=\"application\/ld+json\" class=\"yoast-schema-graph\">{\"@context\":\"https:\/\/schema.org\",\"@graph\":[{\"@type\":\"WebPage\",\"@id\":\"https:\/\/lionfoods.nl\/de\/\",\"url\":\"https:\/\/lionfoods.nl\/de\/\",\"name\":\"Home - Lion Foods\",\"isPartOf\":{\"@id\":\"https:\/\/lionfoods.nl\/#website\"},\"datePublished\":\"2018-12-13T10:09:31+00:00\",\"dateModified\":\"2025-07-31T11:34:51+00:00\",\"breadcrumb\":{\"@id\":\"https:\/\/lionfoods.nl\/de\/#breadcrumb\"},\"inLanguage\":\"de-DE\",\"potentialAction\":[{\"@type\":\"ReadAction\",\"target\":[\"https:\/\/lionfoods.nl\/de\/\"]}]},{\"@type\":\"BreadcrumbList\",\"@id\":\"https:\/\/lionfoods.nl\/de\/#breadcrumb\",\"itemListElement\":[{\"@type\":\"ListItem\",\"position\":1,\"name\":\"Home\",\"item\":\"https:\/\/lionfoods.nl\/de\/\"},{\"@type\":\"ListItem\",\"position\":2,\"name\":\"Home\"}]},{\"@type\":\"WebSite\",\"@id\":\"https:\/\/lionfoods.nl\/#website\",\"url\":\"https:\/\/lionfoods.nl\/\",\"name\":\"Lion Foods\",\"description\":\"\",\"publisher\":{\"@id\":\"https:\/\/lionfoods.nl\/#organization\"},\"potentialAction\":[{\"@type\":\"SearchAction\",\"target\":{\"@type\":\"EntryPoint\",\"urlTemplate\":\"https:\/\/lionfoods.nl\/?s={search_term_string}\"},\"query-input\":{\"@type\":\"PropertyValueSpecification\",\"valueRequired\":true,\"valueName\":\"search_term_string\"}}],\"inLanguage\":\"de-DE\"},{\"@type\":\"Organization\",\"@id\":\"https:\/\/lionfoods.nl\/#organization\",\"name\":\"Compozer\",\"url\":\"https:\/\/lionfoods.nl\/\",\"logo\":{\"@type\":\"ImageObject\",\"inLanguage\":\"de-DE\",\"@id\":\"https:\/\/lionfoods.nl\/#\/schema\/logo\/image\/\",\"url\":\"https:\/\/www.compozer.nl\/app\/uploads\/2021\/11\/logo-compozer_3.svg\",\"contentUrl\":\"https:\/\/www.compozer.nl\/app\/uploads\/2021\/11\/logo-compozer_3.svg\",\"width\":718,\"height\":257,\"caption\":\"Compozer\"},\"image\":{\"@id\":\"https:\/\/lionfoods.nl\/#\/schema\/logo\/image\/\"},\"sameAs\":[\"https:\/\/www.linkedin.com\/company\/compozer-nl\/\"]}]}<\/script>\n<!-- \/ Yoast SEO plugin. -->","yoast_head_json":{"title":"Home - Lion Foods","robots":{"index":"index","follow":"follow","max-snippet":"max-snippet:-1","max-image-preview":"max-image-preview:large","max-video-preview":"max-video-preview:-1"},"canonical":"https:\/\/lionfoods.nl\/de\/","og_locale":"de_DE","og_type":"article","og_title":"Compozer: Bouw je website in \u00e9\u00e9n dag!","og_description":"Dit is de homepage","og_url":"https:\/\/lionfoods.nl\/de\/","og_site_name":"Lion Foods","article_modified_time":"2025-07-31T11:34:51+00:00","twitter_card":"summary_large_image","twitter_title":"Compozer: Bouw je website in \u00e9\u00e9n dag!","twitter_misc":{"Est. reading time":"2 minutes"},"schema":{"@context":"https:\/\/schema.org","@graph":[{"@type":"WebPage","@id":"https:\/\/lionfoods.nl\/de\/","url":"https:\/\/lionfoods.nl\/de\/","name":"Home - Lion Foods","isPartOf":{"@id":"https:\/\/lionfoods.nl\/#website"},"datePublished":"2018-12-13T10:09:31+00:00","dateModified":"2025-07-31T11:34:51+00:00","breadcrumb":{"@id":"https:\/\/lionfoods.nl\/de\/#breadcrumb"},"inLanguage":"de-DE","potentialAction":[{"@type":"ReadAction","target":["https:\/\/lionfoods.nl\/de\/"]}]},{"@type":"BreadcrumbList","@id":"https:\/\/lionfoods.nl\/de\/#breadcrumb","itemListElement":[{"@type":"ListItem","position":1,"name":"Home","item":"https:\/\/lionfoods.nl\/de\/"},{"@type":"ListItem","position":2,"name":"Home"}]},{"@type":"WebSite","@id":"https:\/\/lionfoods.nl\/#website","url":"https:\/\/lionfoods.nl\/","name":"Lion Foods","description":"","publisher":{"@id":"https:\/\/lionfoods.nl\/#organization"},"potentialAction":[{"@type":"SearchAction","target":{"@type":"EntryPoint","urlTemplate":"https:\/\/lionfoods.nl\/?s={search_term_string}"},"query-input":{"@type":"PropertyValueSpecification","valueRequired":true,"valueName":"search_term_string"}}],"inLanguage":"de-DE"},{"@type":"Organization","@id":"https:\/\/lionfoods.nl\/#organization","name":"Compozer","url":"https:\/\/lionfoods.nl\/","logo":{"@type":"ImageObject","inLanguage":"de-DE","@id":"https:\/\/lionfoods.nl\/#\/schema\/logo\/image\/","url":"https:\/\/www.compozer.nl\/app\/uploads\/2021\/11\/logo-compozer_3.svg","contentUrl":"https:\/\/www.compozer.nl\/app\/uploads\/2021\/11\/logo-compozer_3.svg","width":718,"height":257,"caption":"Compozer"},"image":{"@id":"https:\/\/lionfoods.nl\/#\/schema\/logo\/image\/"},"sameAs":["https:\/\/www.linkedin.com\/company\/compozer-nl\/"]}]}},"_links":{"self":[{"href":"https:\/\/lionfoods.nl\/de\/wp-json\/wp\/v2\/pages\/5820","targetHints":{"allow":["GET"]}}],"collection":[{"href":"https:\/\/lionfoods.nl\/de\/wp-json\/wp\/v2\/pages"}],"about":[{"href":"https:\/\/lionfoods.nl\/de\/wp-json\/wp\/v2\/types\/page"}],"author":[{"embeddable":true,"href":"https:\/\/lionfoods.nl\/de\/wp-json\/wp\/v2\/users\/1"}],"replies":[{"embeddable":true,"href":"https:\/\/lionfoods.nl\/de\/wp-json\/wp\/v2\/comments?post=5820"}],"version-history":[{"count":3,"href":"https:\/\/lionfoods.nl\/de\/wp-json\/wp\/v2\/pages\/5820\/revisions"}],"predecessor-version":[{"id":5987,"href":"https:\/\/lionfoods.nl\/de\/wp-json\/wp\/v2\/pages\/5820\/revisions\/5987"}],"wp:attachment":[{"href":"https:\/\/lionfoods.nl\/de\/wp-json\/wp\/v2\/media?parent=5820"}],"curies":[{"name":"wp","href":"https:\/\/api.w.org\/{rel}","templated":true}]}}