{"id":5831,"date":"2024-08-16T08:28:35","date_gmt":"2024-08-16T07:28:35","guid":{"rendered":"https:\/\/lionfoods.nl\/ffo\/"},"modified":"2025-07-30T13:15:03","modified_gmt":"2025-07-30T12:15:03","slug":"ffo","status":"publish","type":"page","link":"https:\/\/lionfoods.nl\/de\/ffo\/","title":{"rendered":"FFO"},"content":{"rendered":"","protected":false},"excerpt":{"rendered":"","protected":false},"author":1,"featured_media":0,"parent":0,"menu_order":8,"comment_status":"closed","ping_status":"closed","template":"","meta":{"_acf_changed":false,"footnotes":""},"class_list":["post-5831","page","type-page","status-publish","hentry"],"acf":{"flexible_content":[{"acf_fc_layout":"pageheader_default","header_media":"image","color_overlay":"rgba(0,0,0,0.1)","hovering_content":true,"platform_choice":"image","video":"","upload_video_file":null,"desktop":{"header_size":"large","fullscreen":null,"large":"{\"original_image\":\"5010\",\"cropped_image\":{\"image\":\"2024\/08\/Top-Onions-food-sept-2023-281_1600x700_acf_cropped.jpg\",\"preview\":\"2024\/08\/preview_Top-Onions-food-sept-2023-281_1600x700_acf_cropped.jpg\"}}","small":"{\"original_image\":\"4725\",\"cropped_image\":\"4725\"}"},"mobile":{"header_size":"large","fullscreen":null,"large":"{\"original_image\":\"5010\",\"cropped_image\":{\"image\":\"2024\/08\/Top-Onions-food-sept-2023-281_450x420_acf_cropped.jpg\",\"preview\":\"2024\/08\/preview_Top-Onions-food-sept-2023-281_450x420_acf_cropped.jpg\"}}","small":"{\"original_image\":\"4725\",\"cropped_image\":{\"image\":\"2024\/08\/d3-shutterstock_583805455-1-1_450x210_acf_cropped.jpg\",\"preview\":\"2024\/08\/preview_d3-shutterstock_583805455-1-1_450x210_acf_cropped.jpg\"}}"},"pre_title":"","header_title":"FFO","header_intro":"French Fried Onions sind eine k\u00f6stliche Variante der bekannten R\u00f6stzwiebeln. Mit etwas gr\u00f6\u00dferen St\u00fccken, einem weichen, aromatischen Geschmack und einer leichten Textur. Und nat\u00fcrlich knusprig. Bekannt als unverzichtbare Zutat im \u201eGr\u00fcnen Bohnenauflauf\u201c, einem typisch amerikanischen Gericht. Aber auch k\u00f6stlich in vielen anderen Gerichten und nat\u00fcrlich auf Hot Dogs und Hamburgern, Salaten, Suppen, Sandwiches und vielem mehr! Ein fantastisches Topping, die M\u00f6glichkeiten sind nahezu endlos. French Fried Onions werden in Bechern und Beuteln von 120 Gramm bis 10 kg verpackt. Mit verschiedenen Standorten weltweit k\u00f6nnen wir die Verf\u00fcgbarkeit von Zwiebeln garantieren und schnell auf Kundenanfragen reagieren.","header_btn-primary":{"header_btn-color":"is-primary","header_btn":""},"header_btn-secondary":{"header_btn-color":"is-primary","header_btn":""},"header_btn-video":{"header_btn-color":"is-primary","header_btn":""},"layout_custom_css":""},{"acf_fc_layout":"wysiwyg_sidebar","pre_title":"","title":"","intro":"","content":"M\u00f6chten Sie Ihre Gerichte mit k\u00f6stlichen R\u00f6stzwiebeln verfeinern? Oder m\u00f6chten Sie hochwertige R\u00f6stzwiebeln an Restaurants oder Superm\u00e4rkte verkaufen? Lion Foods liefert R\u00f6stzwiebeln aus niederl\u00e4ndischem Anbau.\r\n\r\nVerleihen Sie Ihren Gerichten mit R\u00f6stzwiebeln das gewisse Extra.\r\n\r\nDie R\u00f6stzwiebeln von Lion Foods sind immer einsatzbereit. Das bietet Ihnen und Ihren Kunden zus\u00e4tzlichen Komfort bei der Zubereitung k\u00f6stlicher Gerichte. R\u00f6stzwiebeln sind au\u00dferdem eine leckere Erg\u00e4nzung zu vielen (asiatischen) Gerichten wie Hotdogs und Hamburgern. Sie verfeinern au\u00dferdem den Geschmack von Salaten, Suppen, Sandwiches und vielem mehr! Ein fantastisches Topping \u2013 die M\u00f6glichkeiten sind nahezu unbegrenzt.\r\n\r\nR\u00f6stzwiebeln bei Lion Foods bestellen: Die Vorteile\r\n\r\nWir liefern R\u00f6stzwiebeln h\u00f6chster Qualit\u00e4t, da viele der von uns verwendeten Zwiebeln von Lion Foods selbst angebaut werden. So garantieren wir gute Qualit\u00e4t und zuverl\u00e4ssige Lieferung. Nach der Ernte werden die Zwiebeln gesch\u00e4lt, gewaschen und gehackt. F\u00fcr maximale Knusprigkeit werden die geschnittenen Zwiebeln paniert und anschlie\u00dfend weiterverarbeitet. Das Endergebnis ist ein Produkt ohne k\u00fcnstliche Farb-, Geschmacks- oder Duftstoffe. 100 % nat\u00fcrlich!\r\n\r\nVerschiedene Arten von Gebackenen f\u00fcr Elche gerecht\r\n\r\nWir produzieren franz\u00f6sische R\u00f6stzwiebeln auch biologisch und glutenfrei.\r\n\r\nEinige Produkte wurden \u00fcber die ganze Welt verteilt und an Kunden in den Bereichen Gastronomie, Industrie und Einzelhandel verkauft. Es gibt eine solide und flexible Organisation, die Ihnen hilft, alles zu tun, was Sie brauchen.","heading_type":"h2","heading":"h2","layout_text_align":"centered","text_color":"","padding":{"top":"m","bottom":"m"},"layout_bg_show_image":false,"background_color":"","layout_bg_overlay":"","layout_bg_image_desktop":null,"layout_bg_position_desktop":"center","layout_bg_image_mobile":null,"layout_bg_position_mobile":"center","pre-title-transition":{"has_transition":false,"transition_type":"none","transition_offset":0,"transition_delay":0},"title-transition":{"has_transition":false,"transition_type":"none","transition_offset":"","transition_delay":0},"intro-transition":{"has_transition":false,"transition_type":"none","transition_offset":"","transition_delay":0},"text-transition":{"has_transition":false,"transition_type":"none","transition_offset":"","transition_delay":0},"layout_custom_css":""}]},"yoast_head":"<!-- This site is optimized with the Yoast SEO plugin v27.0 - https:\/\/yoast.com\/product\/yoast-seo-wordpress\/ -->\n<title>FFO - Lion Foods<\/title>\n<meta name=\"robots\" content=\"index, follow, max-snippet:-1, max-image-preview:large, max-video-preview:-1\" \/>\n<link rel=\"canonical\" href=\"https:\/\/lionfoods.nl\/de\/ffo\/\" \/>\n<meta property=\"og:locale\" content=\"de_DE\" \/>\n<meta property=\"og:type\" content=\"article\" \/>\n<meta property=\"og:title\" content=\"FFO - Lion Foods\" \/>\n<meta property=\"og:url\" content=\"https:\/\/lionfoods.nl\/de\/ffo\/\" \/>\n<meta property=\"og:site_name\" content=\"Lion Foods\" \/>\n<meta property=\"article:modified_time\" content=\"2025-07-30T12:15:03+00:00\" \/>\n<meta name=\"twitter:card\" content=\"summary_large_image\" \/>\n<meta name=\"twitter:label1\" content=\"Est. reading time\" \/>\n\t<meta name=\"twitter:data1\" content=\"2 minutes\" \/>\n<script type=\"application\/ld+json\" class=\"yoast-schema-graph\">{\"@context\":\"https:\/\/schema.org\",\"@graph\":[{\"@type\":\"WebPage\",\"@id\":\"https:\/\/lionfoods.nl\/de\/ffo\/\",\"url\":\"https:\/\/lionfoods.nl\/de\/ffo\/\",\"name\":\"FFO - Lion Foods\",\"isPartOf\":{\"@id\":\"https:\/\/lionfoods.nl\/#website\"},\"datePublished\":\"2024-08-16T07:28:35+00:00\",\"dateModified\":\"2025-07-30T12:15:03+00:00\",\"breadcrumb\":{\"@id\":\"https:\/\/lionfoods.nl\/de\/ffo\/#breadcrumb\"},\"inLanguage\":\"de-DE\",\"potentialAction\":[{\"@type\":\"ReadAction\",\"target\":[\"https:\/\/lionfoods.nl\/de\/ffo\/\"]}]},{\"@type\":\"BreadcrumbList\",\"@id\":\"https:\/\/lionfoods.nl\/de\/ffo\/#breadcrumb\",\"itemListElement\":[{\"@type\":\"ListItem\",\"position\":1,\"name\":\"Home\",\"item\":\"https:\/\/lionfoods.nl\/de\/\"},{\"@type\":\"ListItem\",\"position\":2,\"name\":\"FFO\"}]},{\"@type\":\"WebSite\",\"@id\":\"https:\/\/lionfoods.nl\/#website\",\"url\":\"https:\/\/lionfoods.nl\/\",\"name\":\"Lion Foods\",\"description\":\"\",\"publisher\":{\"@id\":\"https:\/\/lionfoods.nl\/#organization\"},\"potentialAction\":[{\"@type\":\"SearchAction\",\"target\":{\"@type\":\"EntryPoint\",\"urlTemplate\":\"https:\/\/lionfoods.nl\/?s={search_term_string}\"},\"query-input\":{\"@type\":\"PropertyValueSpecification\",\"valueRequired\":true,\"valueName\":\"search_term_string\"}}],\"inLanguage\":\"de-DE\"},{\"@type\":\"Organization\",\"@id\":\"https:\/\/lionfoods.nl\/#organization\",\"name\":\"Compozer\",\"url\":\"https:\/\/lionfoods.nl\/\",\"logo\":{\"@type\":\"ImageObject\",\"inLanguage\":\"de-DE\",\"@id\":\"https:\/\/lionfoods.nl\/#\/schema\/logo\/image\/\",\"url\":\"https:\/\/www.compozer.nl\/app\/uploads\/2021\/11\/logo-compozer_3.svg\",\"contentUrl\":\"https:\/\/www.compozer.nl\/app\/uploads\/2021\/11\/logo-compozer_3.svg\",\"width\":718,\"height\":257,\"caption\":\"Compozer\"},\"image\":{\"@id\":\"https:\/\/lionfoods.nl\/#\/schema\/logo\/image\/\"},\"sameAs\":[\"https:\/\/www.linkedin.com\/company\/compozer-nl\/\"]}]}<\/script>\n<!-- \/ Yoast SEO plugin. -->","yoast_head_json":{"title":"FFO - Lion Foods","robots":{"index":"index","follow":"follow","max-snippet":"max-snippet:-1","max-image-preview":"max-image-preview:large","max-video-preview":"max-video-preview:-1"},"canonical":"https:\/\/lionfoods.nl\/de\/ffo\/","og_locale":"de_DE","og_type":"article","og_title":"FFO - Lion Foods","og_url":"https:\/\/lionfoods.nl\/de\/ffo\/","og_site_name":"Lion Foods","article_modified_time":"2025-07-30T12:15:03+00:00","twitter_card":"summary_large_image","twitter_misc":{"Est. reading time":"2 minutes"},"schema":{"@context":"https:\/\/schema.org","@graph":[{"@type":"WebPage","@id":"https:\/\/lionfoods.nl\/de\/ffo\/","url":"https:\/\/lionfoods.nl\/de\/ffo\/","name":"FFO - Lion Foods","isPartOf":{"@id":"https:\/\/lionfoods.nl\/#website"},"datePublished":"2024-08-16T07:28:35+00:00","dateModified":"2025-07-30T12:15:03+00:00","breadcrumb":{"@id":"https:\/\/lionfoods.nl\/de\/ffo\/#breadcrumb"},"inLanguage":"de-DE","potentialAction":[{"@type":"ReadAction","target":["https:\/\/lionfoods.nl\/de\/ffo\/"]}]},{"@type":"BreadcrumbList","@id":"https:\/\/lionfoods.nl\/de\/ffo\/#breadcrumb","itemListElement":[{"@type":"ListItem","position":1,"name":"Home","item":"https:\/\/lionfoods.nl\/de\/"},{"@type":"ListItem","position":2,"name":"FFO"}]},{"@type":"WebSite","@id":"https:\/\/lionfoods.nl\/#website","url":"https:\/\/lionfoods.nl\/","name":"Lion Foods","description":"","publisher":{"@id":"https:\/\/lionfoods.nl\/#organization"},"potentialAction":[{"@type":"SearchAction","target":{"@type":"EntryPoint","urlTemplate":"https:\/\/lionfoods.nl\/?s={search_term_string}"},"query-input":{"@type":"PropertyValueSpecification","valueRequired":true,"valueName":"search_term_string"}}],"inLanguage":"de-DE"},{"@type":"Organization","@id":"https:\/\/lionfoods.nl\/#organization","name":"Compozer","url":"https:\/\/lionfoods.nl\/","logo":{"@type":"ImageObject","inLanguage":"de-DE","@id":"https:\/\/lionfoods.nl\/#\/schema\/logo\/image\/","url":"https:\/\/www.compozer.nl\/app\/uploads\/2021\/11\/logo-compozer_3.svg","contentUrl":"https:\/\/www.compozer.nl\/app\/uploads\/2021\/11\/logo-compozer_3.svg","width":718,"height":257,"caption":"Compozer"},"image":{"@id":"https:\/\/lionfoods.nl\/#\/schema\/logo\/image\/"},"sameAs":["https:\/\/www.linkedin.com\/company\/compozer-nl\/"]}]}},"_links":{"self":[{"href":"https:\/\/lionfoods.nl\/de\/wp-json\/wp\/v2\/pages\/5831","targetHints":{"allow":["GET"]}}],"collection":[{"href":"https:\/\/lionfoods.nl\/de\/wp-json\/wp\/v2\/pages"}],"about":[{"href":"https:\/\/lionfoods.nl\/de\/wp-json\/wp\/v2\/types\/page"}],"author":[{"embeddable":true,"href":"https:\/\/lionfoods.nl\/de\/wp-json\/wp\/v2\/users\/1"}],"replies":[{"embeddable":true,"href":"https:\/\/lionfoods.nl\/de\/wp-json\/wp\/v2\/comments?post=5831"}],"version-history":[{"count":1,"href":"https:\/\/lionfoods.nl\/de\/wp-json\/wp\/v2\/pages\/5831\/revisions"}],"predecessor-version":[{"id":5890,"href":"https:\/\/lionfoods.nl\/de\/wp-json\/wp\/v2\/pages\/5831\/revisions\/5890"}],"wp:attachment":[{"href":"https:\/\/lionfoods.nl\/de\/wp-json\/wp\/v2\/media?parent=5831"}],"curies":[{"name":"wp","href":"https:\/\/api.w.org\/{rel}","templated":true}]}}