{"id":5835,"date":"2024-08-16T08:01:03","date_gmt":"2024-08-16T07:01:03","guid":{"rendered":"https:\/\/lionfoods.nl\/cfo\/"},"modified":"2025-07-30T14:45:41","modified_gmt":"2025-07-30T13:45:41","slug":"cfo","status":"publish","type":"page","link":"https:\/\/lionfoods.nl\/de\/cfo\/","title":{"rendered":"CFO"},"content":{"rendered":"","protected":false},"excerpt":{"rendered":"","protected":false},"author":1,"featured_media":0,"parent":0,"menu_order":13,"comment_status":"closed","ping_status":"closed","template":"","meta":{"_acf_changed":false,"footnotes":""},"class_list":["post-5835","page","type-page","status-publish","hentry"],"acf":{"flexible_content":[{"acf_fc_layout":"pageheader_default","header_media":"image","color_overlay":"rgba(0,0,0,0.1)","hovering_content":true,"platform_choice":"image","video":"","upload_video_file":null,"desktop":{"header_size":"large","fullscreen":null,"large":"{\"original_image\":\"5004\",\"cropped_image\":{\"image\":\"2024\/08\/Top-Onions-food-sept-2023-113_1600x700_acf_cropped.jpg\",\"preview\":\"2024\/08\/preview_Top-Onions-food-sept-2023-113_1600x700_acf_cropped.jpg\"}}","small":"{\"original_image\":\"4725\",\"cropped_image\":\"4725\"}"},"mobile":{"header_size":"large","fullscreen":null,"large":"{\"original_image\":\"5004\",\"cropped_image\":{\"image\":\"2024\/08\/Top-Onions-food-sept-2023-113_450x420_acf_cropped.jpg\",\"preview\":\"2024\/08\/preview_Top-Onions-food-sept-2023-113_450x420_acf_cropped.jpg\"}}","small":"{\"original_image\":\"4725\",\"cropped_image\":{\"image\":\"2024\/08\/d3-shutterstock_583805455-1-1_450x210_acf_cropped.jpg\",\"preview\":\"2024\/08\/preview_d3-shutterstock_583805455-1-1_450x210_acf_cropped.jpg\"}}"},"pre_title":"","header_title":"CFO","header_intro":"Immer mehr Verbraucher entdecken unsere R\u00f6stzwiebeln (CFO) als perfekte Verfeinerung ihrer Gerichte. Der charakteristische Biss und der aromatische Geschmack verleihen ihnen das gewisse Etwas. Vom indonesischen Reisgericht bis zum leckeren Salat: Jede Mahlzeit sollte ein kleines Fest sein. K\u00f6nnen wir Ihnen dabei helfen? M\u00f6chten Sie Ihre Gerichte mit leckeren R\u00f6stzwiebeln verfeinern? Oder m\u00f6chten Sie hochwertige R\u00f6stzwiebeln beispielsweise an Restaurants oder Superm\u00e4rkte verkaufen? Lion Foods liefert feinste R\u00f6stzwiebeln aus den Niederlanden.","header_btn-primary":{"header_btn-color":"is-primary","header_btn":""},"header_btn-secondary":{"header_btn-color":"is-primary","header_btn":""},"header_btn-video":{"header_btn-color":"is-primary","header_btn":""},"layout_custom_css":""},{"acf_fc_layout":"wysiwyg_sidebar","pre_title":"","title":"","intro":"","content":"M\u00f6chten Sie Ihre Gerichte mit leckeren R\u00f6stzwiebeln verfeinern? Oder m\u00f6chten Sie hochwertige R\u00f6stzwiebeln an Restaurants oder Superm\u00e4rkte verkaufen? Lion Foods liefert die besten R\u00f6stzwiebeln aus den Niederlanden.\r\n\r\nVerleihen Sie Ihren Gerichten mit R\u00f6stzwiebeln das gewisse Extra.\r\n\r\nDie R\u00f6stzwiebeln von Lion Foods sind immer einsatzbereit. Das bietet Ihnen und Ihren Kunden zus\u00e4tzlichen Komfort bei der Zubereitung k\u00f6stlicher Gerichte. R\u00f6stzwiebeln sind au\u00dferdem eine leckere Erg\u00e4nzung zu vielen Gerichten, wie Salaten, Suppen, Eint\u00f6pfen oder Reisgerichten. Mit R\u00f6stzwiebeln gelingen Ihnen viele Gerichte.\r\n\r\nR\u00f6stzwiebeln bei Lion Foods bestellen: Ihre Vorteile\r\n\r\nWir liefern R\u00f6stzwiebeln h\u00f6chster Qualit\u00e4t, weil:\r\n\r\nWir steuern den gesamten Produktionsprozess. Vom Zwiebelanbau bis zum Endprodukt \u00fcbernehmen wir die komplette Abwicklung. So kaufen Sie bei uns immer R\u00f6stzwiebeln h\u00f6chster Qualit\u00e4t.\r\n\r\nDie Zwiebeln erf\u00fcllen die erforderlichen Qualit\u00e4tsstandards. Regelm\u00e4\u00dfige Audits stellen sicher, dass alle unsere Produkte, einschlie\u00dflich der R\u00f6stzwiebeln, auf Qualit\u00e4t gepr\u00fcft werden.\r\n\r\nUnsere Produkte sind vegan oder halal. Lion Foods bietet eine gro\u00dfe Auswahl an R\u00f6stzwiebeln f\u00fcr jedes Gericht.\r\n\r\nUnsere R\u00f6stzwiebeln sind immer vegan und halal. Wir bieten auch glutenfreie R\u00f6stzwiebeln, Bio-R\u00f6stzwiebeln und Zwiebeln mit Speckgeschmack an. Mit den Zwiebeln von Lion Foods k\u00f6nnen Sie alles kreieren, was Sie m\u00f6chten.","heading_type":"h2","heading":"h2","layout_text_align":"centered","text_color":"","padding":{"top":"m","bottom":"m"},"layout_bg_show_image":false,"background_color":"","layout_bg_overlay":"","layout_bg_image_desktop":null,"layout_bg_position_desktop":"center","layout_bg_image_mobile":null,"layout_bg_position_mobile":"center","pre-title-transition":{"has_transition":false,"transition_type":"none","transition_offset":0,"transition_delay":0},"title-transition":{"has_transition":false,"transition_type":"none","transition_offset":"","transition_delay":0},"intro-transition":{"has_transition":false,"transition_type":"none","transition_offset":"","transition_delay":0},"text-transition":{"has_transition":false,"transition_type":"none","transition_offset":"","transition_delay":0},"layout_custom_css":""},{"acf_fc_layout":"gallery","images":[{"image":"{\"original_image\":5050,\"cropped_image\":{\"image\":\"2024\/08\/Top-Onions-food-sept-2023-443_1280x800_acf_cropped-1.jpg\",\"preview\":\"2024\/08\/preview_Top-Onions-food-sept-2023-443_1280x800_acf_cropped-1.jpg\"}}"},{"image":"{\"original_image\":5081,\"cropped_image\":{\"image\":\"2024\/08\/Top-Onions-food-sept-2023-1141_1280x800_acf_cropped-1.jpg\",\"preview\":\"2024\/08\/preview_Top-Onions-food-sept-2023-1141_1280x800_acf_cropped-1.jpg\"}}"},{"image":"{\"original_image\":5035,\"cropped_image\":{\"image\":\"2024\/08\/Top-Onions-food-sept-2023-515_1280x800_acf_cropped-1.jpg\",\"preview\":\"2024\/08\/preview_Top-Onions-food-sept-2023-515_1280x800_acf_cropped-1.jpg\"}}"},{"image":"{\"original_image\":5045,\"cropped_image\":{\"image\":\"2024\/08\/Top-Onions-food-sept-2023-679_1280x800_acf_cropped-1.jpg\",\"preview\":\"2024\/08\/preview_Top-Onions-food-sept-2023-679_1280x800_acf_cropped-1.jpg\"}}"},{"image":"{\"original_image\":\"5104\",\"cropped_image\":{\"image\":\"2024\/08\/Top-onion-group-fotoshoot-11-01-23-653_BEW_1280x800_acf_cropped.jpg\",\"preview\":\"2024\/08\/preview_Top-onion-group-fotoshoot-11-01-23-653_BEW_1280x800_acf_cropped.jpg\"}}"},{"image":"{\"original_image\":5065,\"cropped_image\":{\"image\":\"2024\/08\/Top-Onions-food-sept-2023-946_1280x800_acf_cropped-1.jpg\",\"preview\":\"2024\/08\/preview_Top-Onions-food-sept-2023-946_1280x800_acf_cropped-1.jpg\"}}"},{"image":"{\"original_image\":\"5504\",\"cropped_image\":{\"image\":\"2024\/08\/TOP-onions-Mexicaans-6_1280x800_acf_cropped.jpg\",\"preview\":\"2024\/08\/preview_TOP-onions-Mexicaans-6_1280x800_acf_cropped.jpg\"}}"},{"image":"{\"original_image\":\"5508\",\"cropped_image\":{\"image\":\"2024\/08\/TOP-onions-Mexicaans-14_1280x800_acf_cropped.jpg\",\"preview\":\"2024\/08\/preview_TOP-onions-Mexicaans-14_1280x800_acf_cropped.jpg\"}}"}],"show_nav_arrows":true,"item_count":"5","columns":"10","full_width":true,"show_pagination":false,"text_color":"","automatic_sliding":false,"automatic_time":2500,"padding":{"top":"m","bottom":"m"},"layout_bg_show_image":false,"background_color":"","layout_bg_overlay":"","layout_bg_image_desktop":null,"layout_bg_position_desktop":"center","layout_bg_image_mobile":null,"layout_bg_position_mobile":"center","image-transition":{"has_transition":false,"transition_type":"none","transition_offset":"","transition_delay":0},"layout_custom_css":""}]},"yoast_head":"<!-- This site is optimized with the Yoast SEO plugin v27.0 - https:\/\/yoast.com\/product\/yoast-seo-wordpress\/ -->\n<title>CFO - Lion Foods<\/title>\n<meta name=\"robots\" content=\"index, follow, max-snippet:-1, max-image-preview:large, max-video-preview:-1\" \/>\n<link rel=\"canonical\" href=\"https:\/\/lionfoods.nl\/de\/cfo\/\" \/>\n<meta property=\"og:locale\" content=\"de_DE\" \/>\n<meta property=\"og:type\" content=\"article\" \/>\n<meta property=\"og:title\" content=\"CFO - Lion Foods\" \/>\n<meta property=\"og:url\" content=\"https:\/\/lionfoods.nl\/de\/cfo\/\" \/>\n<meta property=\"og:site_name\" content=\"Lion Foods\" \/>\n<meta property=\"article:modified_time\" content=\"2025-07-30T13:45:41+00:00\" \/>\n<meta name=\"twitter:card\" content=\"summary_large_image\" \/>\n<meta name=\"twitter:label1\" content=\"Est. reading time\" \/>\n\t<meta name=\"twitter:data1\" content=\"2 minutes\" \/>\n<script type=\"application\/ld+json\" class=\"yoast-schema-graph\">{\"@context\":\"https:\/\/schema.org\",\"@graph\":[{\"@type\":\"WebPage\",\"@id\":\"https:\/\/lionfoods.nl\/de\/cfo\/\",\"url\":\"https:\/\/lionfoods.nl\/de\/cfo\/\",\"name\":\"CFO - Lion Foods\",\"isPartOf\":{\"@id\":\"https:\/\/lionfoods.nl\/#website\"},\"datePublished\":\"2024-08-16T07:01:03+00:00\",\"dateModified\":\"2025-07-30T13:45:41+00:00\",\"breadcrumb\":{\"@id\":\"https:\/\/lionfoods.nl\/de\/cfo\/#breadcrumb\"},\"inLanguage\":\"de-DE\",\"potentialAction\":[{\"@type\":\"ReadAction\",\"target\":[\"https:\/\/lionfoods.nl\/de\/cfo\/\"]}]},{\"@type\":\"BreadcrumbList\",\"@id\":\"https:\/\/lionfoods.nl\/de\/cfo\/#breadcrumb\",\"itemListElement\":[{\"@type\":\"ListItem\",\"position\":1,\"name\":\"Home\",\"item\":\"https:\/\/lionfoods.nl\/de\/\"},{\"@type\":\"ListItem\",\"position\":2,\"name\":\"CFO\"}]},{\"@type\":\"WebSite\",\"@id\":\"https:\/\/lionfoods.nl\/#website\",\"url\":\"https:\/\/lionfoods.nl\/\",\"name\":\"Lion Foods\",\"description\":\"\",\"publisher\":{\"@id\":\"https:\/\/lionfoods.nl\/#organization\"},\"potentialAction\":[{\"@type\":\"SearchAction\",\"target\":{\"@type\":\"EntryPoint\",\"urlTemplate\":\"https:\/\/lionfoods.nl\/?s={search_term_string}\"},\"query-input\":{\"@type\":\"PropertyValueSpecification\",\"valueRequired\":true,\"valueName\":\"search_term_string\"}}],\"inLanguage\":\"de-DE\"},{\"@type\":\"Organization\",\"@id\":\"https:\/\/lionfoods.nl\/#organization\",\"name\":\"Compozer\",\"url\":\"https:\/\/lionfoods.nl\/\",\"logo\":{\"@type\":\"ImageObject\",\"inLanguage\":\"de-DE\",\"@id\":\"https:\/\/lionfoods.nl\/#\/schema\/logo\/image\/\",\"url\":\"https:\/\/www.compozer.nl\/app\/uploads\/2021\/11\/logo-compozer_3.svg\",\"contentUrl\":\"https:\/\/www.compozer.nl\/app\/uploads\/2021\/11\/logo-compozer_3.svg\",\"width\":718,\"height\":257,\"caption\":\"Compozer\"},\"image\":{\"@id\":\"https:\/\/lionfoods.nl\/#\/schema\/logo\/image\/\"},\"sameAs\":[\"https:\/\/www.linkedin.com\/company\/compozer-nl\/\"]}]}<\/script>\n<!-- \/ Yoast SEO plugin. -->","yoast_head_json":{"title":"CFO - Lion Foods","robots":{"index":"index","follow":"follow","max-snippet":"max-snippet:-1","max-image-preview":"max-image-preview:large","max-video-preview":"max-video-preview:-1"},"canonical":"https:\/\/lionfoods.nl\/de\/cfo\/","og_locale":"de_DE","og_type":"article","og_title":"CFO - Lion Foods","og_url":"https:\/\/lionfoods.nl\/de\/cfo\/","og_site_name":"Lion Foods","article_modified_time":"2025-07-30T13:45:41+00:00","twitter_card":"summary_large_image","twitter_misc":{"Est. reading time":"2 minutes"},"schema":{"@context":"https:\/\/schema.org","@graph":[{"@type":"WebPage","@id":"https:\/\/lionfoods.nl\/de\/cfo\/","url":"https:\/\/lionfoods.nl\/de\/cfo\/","name":"CFO - Lion Foods","isPartOf":{"@id":"https:\/\/lionfoods.nl\/#website"},"datePublished":"2024-08-16T07:01:03+00:00","dateModified":"2025-07-30T13:45:41+00:00","breadcrumb":{"@id":"https:\/\/lionfoods.nl\/de\/cfo\/#breadcrumb"},"inLanguage":"de-DE","potentialAction":[{"@type":"ReadAction","target":["https:\/\/lionfoods.nl\/de\/cfo\/"]}]},{"@type":"BreadcrumbList","@id":"https:\/\/lionfoods.nl\/de\/cfo\/#breadcrumb","itemListElement":[{"@type":"ListItem","position":1,"name":"Home","item":"https:\/\/lionfoods.nl\/de\/"},{"@type":"ListItem","position":2,"name":"CFO"}]},{"@type":"WebSite","@id":"https:\/\/lionfoods.nl\/#website","url":"https:\/\/lionfoods.nl\/","name":"Lion Foods","description":"","publisher":{"@id":"https:\/\/lionfoods.nl\/#organization"},"potentialAction":[{"@type":"SearchAction","target":{"@type":"EntryPoint","urlTemplate":"https:\/\/lionfoods.nl\/?s={search_term_string}"},"query-input":{"@type":"PropertyValueSpecification","valueRequired":true,"valueName":"search_term_string"}}],"inLanguage":"de-DE"},{"@type":"Organization","@id":"https:\/\/lionfoods.nl\/#organization","name":"Compozer","url":"https:\/\/lionfoods.nl\/","logo":{"@type":"ImageObject","inLanguage":"de-DE","@id":"https:\/\/lionfoods.nl\/#\/schema\/logo\/image\/","url":"https:\/\/www.compozer.nl\/app\/uploads\/2021\/11\/logo-compozer_3.svg","contentUrl":"https:\/\/www.compozer.nl\/app\/uploads\/2021\/11\/logo-compozer_3.svg","width":718,"height":257,"caption":"Compozer"},"image":{"@id":"https:\/\/lionfoods.nl\/#\/schema\/logo\/image\/"},"sameAs":["https:\/\/www.linkedin.com\/company\/compozer-nl\/"]}]}},"_links":{"self":[{"href":"https:\/\/lionfoods.nl\/de\/wp-json\/wp\/v2\/pages\/5835","targetHints":{"allow":["GET"]}}],"collection":[{"href":"https:\/\/lionfoods.nl\/de\/wp-json\/wp\/v2\/pages"}],"about":[{"href":"https:\/\/lionfoods.nl\/de\/wp-json\/wp\/v2\/types\/page"}],"author":[{"embeddable":true,"href":"https:\/\/lionfoods.nl\/de\/wp-json\/wp\/v2\/users\/1"}],"replies":[{"embeddable":true,"href":"https:\/\/lionfoods.nl\/de\/wp-json\/wp\/v2\/comments?post=5835"}],"version-history":[{"count":3,"href":"https:\/\/lionfoods.nl\/de\/wp-json\/wp\/v2\/pages\/5835\/revisions"}],"predecessor-version":[{"id":5943,"href":"https:\/\/lionfoods.nl\/de\/wp-json\/wp\/v2\/pages\/5835\/revisions\/5943"}],"wp:attachment":[{"href":"https:\/\/lionfoods.nl\/de\/wp-json\/wp\/v2\/media?parent=5835"}],"curies":[{"name":"wp","href":"https:\/\/api.w.org\/{rel}","templated":true}]}}