{"id":5845,"date":"2024-04-02T14:24:26","date_gmt":"2024-04-02T13:24:26","guid":{"rendered":"https:\/\/lionfoods.nl\/recepten\/"},"modified":"2025-07-31T08:24:38","modified_gmt":"2025-07-31T07:24:38","slug":"recepten","status":"publish","type":"page","link":"https:\/\/lionfoods.nl\/de\/recepten\/","title":{"rendered":"Rezepte"},"content":{"rendered":"<p>Dit is de homepage<\/p>\n","protected":false},"excerpt":{"rendered":"<p>Dit is de homepage<\/p>\n","protected":false},"author":1,"featured_media":0,"parent":0,"menu_order":19,"comment_status":"closed","ping_status":"closed","template":"","meta":{"_acf_changed":false,"footnotes":""},"class_list":["post-5845","page","type-page","status-publish","hentry"],"acf":{"flexible_content":[{"acf_fc_layout":"pageheader_default","header_media":"video","color_overlay":"rgba(0,0,0,0.3)","hovering_content":false,"platform_choice":"file","video":"","upload_video_file":5201,"desktop":{"header_size":"large","fullscreen":null,"large":"{\"original_image\":\"4921\",\"cropped_image\":{\"image\":\"2024\/05\/Top-Onions-food-sept-2023-1046_1600x700_acf_cropped-1.jpg\",\"preview\":\"2024\/05\/preview_Top-Onions-food-sept-2023-1046_1600x700_acf_cropped-1.jpg\"}}","small":null},"mobile":{"header_size":"large","fullscreen":null,"large":"{\"original_image\":\"4921\",\"cropped_image\":{\"image\":\"2024\/05\/Top-Onions-food-sept-2023-1046_450x420_acf_cropped-1.jpg\",\"preview\":\"2024\/05\/preview_Top-Onions-food-sept-2023-1046_450x420_acf_cropped-1.jpg\"}}","small":null},"pre_title":"","header_title":"","header_intro":"","header_btn-primary":{"header_btn-color":"is-primary","header_btn":""},"header_btn-secondary":{"header_btn-color":"is-primary","header_btn":""},"header_btn-video":{"header_btn-color":"is-primary","header_btn":""},"layout_custom_css":".layout#.pageheader--video {\r\n  max-height: calc(50vh - 90px);\r\n}"},{"acf_fc_layout":"collection","pre_title":"","title":"Rezepte","intro":"Lassen Sie sich von unseren leckeren Rezepten mit knusprigen R\u00f6stzwiebeln (CFO) und franz\u00f6sischen R\u00f6stzwiebeln (FFO) inspirieren. Perfekt f\u00fcr jede K\u00fcche, vom schnellen Snack bis zur kulinarischen Kreation.","select_post_type":"recept","term_select":"AND","select_terms":[],"number_posts":"-1","post_order":"menu_order","show_categories":false,"show_filter":false,"type_filter":"","show_dates":false,"show_intro":true,"limit_blog":false,"show_pagination":false,"heading_type":"h2","heading":"h1","layout_text_align":"centered","text_color":"","block_styling":{"hover_shadow":true,"block_outline":true},"padding":{"top":"m","bottom":"m"},"layout_bg_show_image":false,"background_color":"","layout_bg_overlay":"","layout_bg_image_desktop":null,"layout_bg_position_desktop":"center","layout_bg_image_mobile":null,"layout_bg_position_mobile":"center","pre-title-transition":{"has_transition":false,"transition_type":"none","transition_offset":0,"transition_delay":0},"title-transition":{"has_transition":false,"transition_type":"none","transition_offset":"","transition_delay":0},"text-transition":{"has_transition":false,"transition_type":"none","transition_offset":"","transition_delay":0},"layout_custom_css":""}]},"yoast_head":"<!-- This site is optimized with the Yoast SEO plugin v27.0 - https:\/\/yoast.com\/product\/yoast-seo-wordpress\/ -->\n<title>Rezepte - Lion Foods<\/title>\n<meta name=\"robots\" content=\"index, follow, max-snippet:-1, max-image-preview:large, max-video-preview:-1\" \/>\n<link rel=\"canonical\" href=\"https:\/\/lionfoods.nl\/de\/recepten\/\" \/>\n<meta property=\"og:locale\" content=\"de_DE\" \/>\n<meta property=\"og:type\" content=\"article\" \/>\n<meta property=\"og:title\" content=\"Compozer: Bouw je website in \u00e9\u00e9n dag!\" \/>\n<meta property=\"og:description\" content=\"Dit is de homepage\" \/>\n<meta property=\"og:url\" content=\"https:\/\/lionfoods.nl\/de\/recepten\/\" \/>\n<meta property=\"og:site_name\" content=\"Lion Foods\" \/>\n<meta property=\"article:modified_time\" content=\"2025-07-31T07:24:38+00:00\" \/>\n<meta name=\"twitter:card\" content=\"summary_large_image\" \/>\n<meta name=\"twitter:title\" content=\"Compozer: Bouw je website in \u00e9\u00e9n dag!\" \/>\n<meta name=\"twitter:label1\" content=\"Est. reading time\" \/>\n\t<meta name=\"twitter:data1\" content=\"1 minute\" \/>\n<script type=\"application\/ld+json\" class=\"yoast-schema-graph\">{\"@context\":\"https:\/\/schema.org\",\"@graph\":[{\"@type\":\"WebPage\",\"@id\":\"https:\/\/lionfoods.nl\/de\/recepten\/\",\"url\":\"https:\/\/lionfoods.nl\/de\/recepten\/\",\"name\":\"Rezepte - Lion Foods\",\"isPartOf\":{\"@id\":\"https:\/\/lionfoods.nl\/#website\"},\"datePublished\":\"2024-04-02T13:24:26+00:00\",\"dateModified\":\"2025-07-31T07:24:38+00:00\",\"breadcrumb\":{\"@id\":\"https:\/\/lionfoods.nl\/de\/recepten\/#breadcrumb\"},\"inLanguage\":\"de-DE\",\"potentialAction\":[{\"@type\":\"ReadAction\",\"target\":[\"https:\/\/lionfoods.nl\/de\/recepten\/\"]}]},{\"@type\":\"BreadcrumbList\",\"@id\":\"https:\/\/lionfoods.nl\/de\/recepten\/#breadcrumb\",\"itemListElement\":[{\"@type\":\"ListItem\",\"position\":1,\"name\":\"Home\",\"item\":\"https:\/\/lionfoods.nl\/de\/\"},{\"@type\":\"ListItem\",\"position\":2,\"name\":\"Rezepte\"}]},{\"@type\":\"WebSite\",\"@id\":\"https:\/\/lionfoods.nl\/#website\",\"url\":\"https:\/\/lionfoods.nl\/\",\"name\":\"Lion Foods\",\"description\":\"\",\"publisher\":{\"@id\":\"https:\/\/lionfoods.nl\/#organization\"},\"potentialAction\":[{\"@type\":\"SearchAction\",\"target\":{\"@type\":\"EntryPoint\",\"urlTemplate\":\"https:\/\/lionfoods.nl\/?s={search_term_string}\"},\"query-input\":{\"@type\":\"PropertyValueSpecification\",\"valueRequired\":true,\"valueName\":\"search_term_string\"}}],\"inLanguage\":\"de-DE\"},{\"@type\":\"Organization\",\"@id\":\"https:\/\/lionfoods.nl\/#organization\",\"name\":\"Compozer\",\"url\":\"https:\/\/lionfoods.nl\/\",\"logo\":{\"@type\":\"ImageObject\",\"inLanguage\":\"de-DE\",\"@id\":\"https:\/\/lionfoods.nl\/#\/schema\/logo\/image\/\",\"url\":\"https:\/\/www.compozer.nl\/app\/uploads\/2021\/11\/logo-compozer_3.svg\",\"contentUrl\":\"https:\/\/www.compozer.nl\/app\/uploads\/2021\/11\/logo-compozer_3.svg\",\"width\":718,\"height\":257,\"caption\":\"Compozer\"},\"image\":{\"@id\":\"https:\/\/lionfoods.nl\/#\/schema\/logo\/image\/\"},\"sameAs\":[\"https:\/\/www.linkedin.com\/company\/compozer-nl\/\"]}]}<\/script>\n<!-- \/ Yoast SEO plugin. -->","yoast_head_json":{"title":"Rezepte - Lion Foods","robots":{"index":"index","follow":"follow","max-snippet":"max-snippet:-1","max-image-preview":"max-image-preview:large","max-video-preview":"max-video-preview:-1"},"canonical":"https:\/\/lionfoods.nl\/de\/recepten\/","og_locale":"de_DE","og_type":"article","og_title":"Compozer: Bouw je website in \u00e9\u00e9n dag!","og_description":"Dit is de homepage","og_url":"https:\/\/lionfoods.nl\/de\/recepten\/","og_site_name":"Lion Foods","article_modified_time":"2025-07-31T07:24:38+00:00","twitter_card":"summary_large_image","twitter_title":"Compozer: Bouw je website in \u00e9\u00e9n dag!","twitter_misc":{"Est. reading time":"1 minute"},"schema":{"@context":"https:\/\/schema.org","@graph":[{"@type":"WebPage","@id":"https:\/\/lionfoods.nl\/de\/recepten\/","url":"https:\/\/lionfoods.nl\/de\/recepten\/","name":"Rezepte - Lion Foods","isPartOf":{"@id":"https:\/\/lionfoods.nl\/#website"},"datePublished":"2024-04-02T13:24:26+00:00","dateModified":"2025-07-31T07:24:38+00:00","breadcrumb":{"@id":"https:\/\/lionfoods.nl\/de\/recepten\/#breadcrumb"},"inLanguage":"de-DE","potentialAction":[{"@type":"ReadAction","target":["https:\/\/lionfoods.nl\/de\/recepten\/"]}]},{"@type":"BreadcrumbList","@id":"https:\/\/lionfoods.nl\/de\/recepten\/#breadcrumb","itemListElement":[{"@type":"ListItem","position":1,"name":"Home","item":"https:\/\/lionfoods.nl\/de\/"},{"@type":"ListItem","position":2,"name":"Rezepte"}]},{"@type":"WebSite","@id":"https:\/\/lionfoods.nl\/#website","url":"https:\/\/lionfoods.nl\/","name":"Lion Foods","description":"","publisher":{"@id":"https:\/\/lionfoods.nl\/#organization"},"potentialAction":[{"@type":"SearchAction","target":{"@type":"EntryPoint","urlTemplate":"https:\/\/lionfoods.nl\/?s={search_term_string}"},"query-input":{"@type":"PropertyValueSpecification","valueRequired":true,"valueName":"search_term_string"}}],"inLanguage":"de-DE"},{"@type":"Organization","@id":"https:\/\/lionfoods.nl\/#organization","name":"Compozer","url":"https:\/\/lionfoods.nl\/","logo":{"@type":"ImageObject","inLanguage":"de-DE","@id":"https:\/\/lionfoods.nl\/#\/schema\/logo\/image\/","url":"https:\/\/www.compozer.nl\/app\/uploads\/2021\/11\/logo-compozer_3.svg","contentUrl":"https:\/\/www.compozer.nl\/app\/uploads\/2021\/11\/logo-compozer_3.svg","width":718,"height":257,"caption":"Compozer"},"image":{"@id":"https:\/\/lionfoods.nl\/#\/schema\/logo\/image\/"},"sameAs":["https:\/\/www.linkedin.com\/company\/compozer-nl\/"]}]}},"_links":{"self":[{"href":"https:\/\/lionfoods.nl\/de\/wp-json\/wp\/v2\/pages\/5845","targetHints":{"allow":["GET"]}}],"collection":[{"href":"https:\/\/lionfoods.nl\/de\/wp-json\/wp\/v2\/pages"}],"about":[{"href":"https:\/\/lionfoods.nl\/de\/wp-json\/wp\/v2\/types\/page"}],"author":[{"embeddable":true,"href":"https:\/\/lionfoods.nl\/de\/wp-json\/wp\/v2\/users\/1"}],"replies":[{"embeddable":true,"href":"https:\/\/lionfoods.nl\/de\/wp-json\/wp\/v2\/comments?post=5845"}],"version-history":[{"count":3,"href":"https:\/\/lionfoods.nl\/de\/wp-json\/wp\/v2\/pages\/5845\/revisions"}],"predecessor-version":[{"id":5977,"href":"https:\/\/lionfoods.nl\/de\/wp-json\/wp\/v2\/pages\/5845\/revisions\/5977"}],"wp:attachment":[{"href":"https:\/\/lionfoods.nl\/de\/wp-json\/wp\/v2\/media?parent=5845"}],"curies":[{"name":"wp","href":"https:\/\/api.w.org\/{rel}","templated":true}]}}