{"id":5866,"date":"2024-04-02T14:10:41","date_gmt":"2024-04-02T13:10:41","guid":{"rendered":"https:\/\/lionfoods.nl\/product\/"},"modified":"2025-10-14T13:57:27","modified_gmt":"2025-10-14T12:57:27","slug":"product","status":"publish","type":"page","link":"https:\/\/lionfoods.nl\/de\/product\/","title":{"rendered":"Produkte"},"content":{"rendered":"<p>Dit is de homepage<\/p>\n","protected":false},"excerpt":{"rendered":"<p>Dit is de homepage<\/p>\n","protected":false},"author":1,"featured_media":0,"parent":0,"menu_order":35,"comment_status":"closed","ping_status":"closed","template":"","meta":{"_acf_changed":false,"footnotes":""},"class_list":["post-5866","page","type-page","status-publish","hentry"],"acf":{"flexible_content":[{"acf_fc_layout":"pageheader_default","header_media":"image","color_overlay":"rgba(0,0,0,0.3)","hovering_content":false,"platform_choice":"image","video":"","upload_video_file":null,"desktop":{"header_size":"small","fullscreen":null,"large":"{\"original_image\":\"4902\",\"cropped_image\":\"4902\"}","small":"{\"original_image\":\"4902\",\"cropped_image\":\"4902\"}"},"mobile":{"header_size":"small","fullscreen":null,"large":"{\"original_image\":\"4902\",\"cropped_image\":{\"image\":\"2024\/04\/top-onions-studio-17-05-23-1_450x420_acf_cropped.jpg\",\"preview\":\"2024\/04\/preview_top-onions-studio-17-05-23-1_450x420_acf_cropped.jpg\"}}","small":"{\"original_image\":\"4902\",\"cropped_image\":{\"image\":\"2024\/08\/top-onions-studio-17-05-23-1_450x210_acf_cropped.jpg\",\"preview\":\"2024\/08\/preview_top-onions-studio-17-05-23-1_450x210_acf_cropped.jpg\"}}"},"pre_title":"","header_title":"","header_intro":"","header_btn-primary":{"header_btn-color":"is-primary","header_btn":""},"header_btn-secondary":{"header_btn-color":"is-primary","header_btn":""},"header_btn-video":{"header_btn-color":"is-primary","header_btn":""},"layout_custom_css":""},{"acf_fc_layout":"feature","pre_title":"","title":" Unsere Produkte","intro":"Bei Lion Foods produzieren wir die besten R\u00f6stzwiebeln (CFO) und R\u00f6stzwiebeln (FFO) der Welt. Unsere R\u00f6stzwiebeln sind die perfekte Erg\u00e4nzung zu einer Vielzahl von Gerichten, von Hamburgern und Hotdogs bis hin zu Salaten und asiatischen Spezialit\u00e4ten.\r\n\r\nWir verwenden ausschlie\u00dflich lokal geerntete Zwiebeln aus den Niederlanden und Belgien. Dadurch kontrollieren wir die gesamte Lieferkette und garantieren h\u00f6chste Qualit\u00e4t. Unser schonendes Frittierverfahren h\u00e4lt die Zwiebeln herrlich knusprig und bewahrt ihren authentischen Geschmack.\r\n\r\nNeben unserer Eigenmarke King's Harvest sind wir auch einer der gr\u00f6\u00dften Eigenmarkenhersteller von R\u00f6stzwiebeln f\u00fcr den Einzelhandel und die Gastronomie. Dank unserer flexiblen Produktionsanlagen und individuellen Anpassungsm\u00f6glichkeiten k\u00f6nnen wir unseren Kunden hochwertige Produkte in verschiedenen Verpackungsvarianten und Spezifikationen anbieten.\r\n\r\nQualit\u00e4t, Geschmack und Nachhaltigkeit \u2013 daf\u00fcr steht Lion Foods!","buttons":null,"media":{"choice":"image","toggle":false,"chosen_element":"","attributes":{"horizontal":"","vertical":"","custom_style_element_size":false,"min_element_size":"","style_element_size":50,"max_element_size":""},"image":"{\"original_image\":\"5746\",\"cropped_image\":{\"image\":\"2025\/03\/Gebakken-uitjes_USPs_ENG-1_x_acf_cropped.jpg\",\"preview\":\"2025\/03\/preview_Gebakken-uitjes_USPs_ENG-1_x_acf_cropped.jpg\"}}","platform":"vimeo","autoplay_toggle":false,"vimeo":"","youtube":"","upload_video_file":null},"type":"left","vertical_alignment":"top","heading_type":"h2","heading":"h2","text_color":"","padding":{"top":"m","bottom":"m"},"layout_bg_show_image":false,"background_color":"","layout_bg_overlay":"","layout_bg_image_desktop":null,"layout_bg_position_desktop":"center","layout_bg_image_mobile":null,"layout_bg_position_mobile":"center","title-transition":{"has_transition":false,"transition_type":"none","transition_offset":"","transition_delay":0},"intro-transition":{"has_transition":false,"transition_type":"none","transition_offset":"","transition_delay":0},"image-transition":{"has_transition":false,"transition_type":"none","transition_offset":"","transition_delay":0},"buttons-transition":{"has_transition":false,"transition_type":"none","transition_offset":"","transition_delay":0},"layout_custom_css":""},{"acf_fc_layout":"grid","pre_title":"","title":"Unsere Marken","intro":"","layout_columns":"two","photo_format":"rectangle","show_readmore_link":true,"blocks":[{"image":"{\"original_image\":\"5602\",\"cropped_image\":{\"image\":\"2025\/02\/Crispy-Fried-Onions-400gr-1-1_579x353_acf_cropped.png\",\"preview\":\"2025\/02\/preview_Crispy-Fried-Onions-400gr-1-1_579x353_acf_cropped.png\"}}","title":"King Harvest","intro":"Einzelhandelsverpackungen und Foodservice in verschiedenen Sprachen. Wenn Sie diese vertreiben m\u00f6chten, kontaktieren Sie uns bitte.","link":{"title":"Bitte kontaktieren Sie uns","url":"https:\/\/lionfoods.nl\/de\/contact\/","target":""}},{"image":"{\"original_image\":\"5407\",\"cropped_image\":{\"image\":\"2024\/08\/TOP-fried-onions-1_579x353_acf_cropped.jpg\",\"preview\":\"2024\/08\/preview_TOP-fried-onions-1_579x353_acf_cropped.jpg\"}}","title":"Eigenmarke","intro":"Sind unsere Knusperzwiebeln eine optimale Erg\u00e4nzung f\u00fcr Ihr Sortiment? Wir beraten Sie gerne. Unsere Spezialisten beraten Sie gerne.","link":{"title":"Bitte kontaktieren Sie uns","url":"https:\/\/lionfoods.nl\/de\/contact\/","target":""}}],"heading_type":"h2","heading":"h1","layout_text_align":"centered","background_color":"#f4f4f4","text_color":"","padding":{"top":"m","bottom":"m"},"pre-title-transition":{"has_transition":false,"transition_type":"none","transition_offset":0,"transition_delay":0},"title-transition":{"has_transition":false,"transition_type":"none","transition_offset":"","transition_delay":0},"intro-transition":{"has_transition":false,"transition_type":"none","transition_offset":"","transition_delay":0},"text-transition":{"has_transition":false,"transition_type":"none","transition_offset":"","transition_delay":0},"layout_custom_css":""},{"acf_fc_layout":"team","pre_title":"","title":"Bitte kontaktieren Sie uns","intro":"","view_format":"grid","layout_columns":"three","photo_format":"rectangle","blocks":[{"image":"{\"original_image\":\"5550\",\"cropped_image\":{\"image\":\"2025\/02\/Max_752x458_acf_cropped.jpg\",\"preview\":\"2025\/02\/preview_Max_752x458_acf_cropped.jpg\"}}","name":"Max van Hoek","role":"Export Sales Manager","info":"","email":"m.vanhoek@lionfoods.nl","phone":"+31(0)6 22 82 46 66","linkedin":"","link":""},{"image":"{\"original_image\":\"5554\",\"cropped_image\":{\"image\":\"2025\/02\/Cas_752x458_acf_cropped.jpg\",\"preview\":\"2025\/02\/preview_Cas_752x458_acf_cropped.jpg\"}}","name":"Cas Uijtenhaak","role":"Export Sales Manager","info":"","email":"c.uijtenhaak@lionfoods.nl","phone":"+31(0)6 20 63 41 36","linkedin":"","link":""},{"image":"{\"original_image\":\"5558\",\"cropped_image\":{\"image\":\"2025\/02\/Arie_752x458_acf_cropped.jpg\",\"preview\":\"2025\/02\/preview_Arie_752x458_acf_cropped.jpg\"}}","name":"Arie Pronk","role":"Export Sales Manager","info":"","email":"a.pronk@lionfoods.nl","phone":"+31(0)6 22 38 77 23","linkedin":"","link":""},{"image":"{\"original_image\":\"5562\",\"cropped_image\":{\"image\":\"2025\/02\/Rogier_752x458_acf_cropped.jpg\",\"preview\":\"2025\/02\/preview_Rogier_752x458_acf_cropped.jpg\"}}","name":"Rogier Janssen","role":"Export Sales Manager","info":"","email":"r.janssen@lionfoods.nl","phone":"+55 119 953 099 01","linkedin":"","link":""}],"heading_type":"h2","heading":"h2","layout_text_align":"centered","text_color":"","padding":{"top":"m","bottom":"m"},"layout_bg_show_image":false,"background_color":"","layout_bg_overlay":"","layout_bg_image_desktop":null,"layout_bg_position_desktop":"center","layout_bg_image_mobile":null,"layout_bg_position_mobile":"center","pre-title-transition":{"has_transition":false,"transition_type":"none","transition_offset":0,"transition_delay":0},"title-transition":{"has_transition":false,"transition_type":"none","transition_offset":"","transition_delay":0},"intro-transition":{"has_transition":false,"transition_type":"none","transition_offset":"","transition_delay":0},"text-transition":{"has_transition":false,"transition_type":"none","transition_offset":"","transition_delay":0},"layout_custom_css":""}]},"yoast_head":"<!-- This site is optimized with the Yoast SEO plugin v27.0 - https:\/\/yoast.com\/product\/yoast-seo-wordpress\/ -->\n<title>Produkte - Lion Foods<\/title>\n<meta name=\"robots\" content=\"index, follow, max-snippet:-1, max-image-preview:large, max-video-preview:-1\" \/>\n<link rel=\"canonical\" href=\"https:\/\/lionfoods.nl\/de\/product\/\" \/>\n<meta property=\"og:locale\" content=\"de_DE\" \/>\n<meta property=\"og:type\" content=\"article\" \/>\n<meta property=\"og:title\" content=\"Compozer: Bouw je website in \u00e9\u00e9n dag!\" \/>\n<meta property=\"og:description\" content=\"Dit is de homepage\" \/>\n<meta property=\"og:url\" content=\"https:\/\/lionfoods.nl\/de\/product\/\" \/>\n<meta property=\"og:site_name\" content=\"Lion Foods\" \/>\n<meta property=\"article:modified_time\" content=\"2025-10-14T12:57:27+00:00\" \/>\n<meta name=\"twitter:card\" content=\"summary_large_image\" \/>\n<meta name=\"twitter:title\" content=\"Compozer: Bouw je website in \u00e9\u00e9n dag!\" \/>\n<meta name=\"twitter:label1\" content=\"Est. reading time\" \/>\n\t<meta name=\"twitter:data1\" content=\"2 minutes\" \/>\n<script type=\"application\/ld+json\" class=\"yoast-schema-graph\">{\"@context\":\"https:\/\/schema.org\",\"@graph\":[{\"@type\":\"WebPage\",\"@id\":\"https:\/\/lionfoods.nl\/de\/product\/\",\"url\":\"https:\/\/lionfoods.nl\/de\/product\/\",\"name\":\"Produkte - Lion Foods\",\"isPartOf\":{\"@id\":\"https:\/\/lionfoods.nl\/#website\"},\"datePublished\":\"2024-04-02T13:10:41+00:00\",\"dateModified\":\"2025-10-14T12:57:27+00:00\",\"breadcrumb\":{\"@id\":\"https:\/\/lionfoods.nl\/de\/product\/#breadcrumb\"},\"inLanguage\":\"de-DE\",\"potentialAction\":[{\"@type\":\"ReadAction\",\"target\":[\"https:\/\/lionfoods.nl\/de\/product\/\"]}]},{\"@type\":\"BreadcrumbList\",\"@id\":\"https:\/\/lionfoods.nl\/de\/product\/#breadcrumb\",\"itemListElement\":[{\"@type\":\"ListItem\",\"position\":1,\"name\":\"Home\",\"item\":\"https:\/\/lionfoods.nl\/de\/\"},{\"@type\":\"ListItem\",\"position\":2,\"name\":\"Produkte\"}]},{\"@type\":\"WebSite\",\"@id\":\"https:\/\/lionfoods.nl\/#website\",\"url\":\"https:\/\/lionfoods.nl\/\",\"name\":\"Lion Foods\",\"description\":\"\",\"publisher\":{\"@id\":\"https:\/\/lionfoods.nl\/#organization\"},\"potentialAction\":[{\"@type\":\"SearchAction\",\"target\":{\"@type\":\"EntryPoint\",\"urlTemplate\":\"https:\/\/lionfoods.nl\/?s={search_term_string}\"},\"query-input\":{\"@type\":\"PropertyValueSpecification\",\"valueRequired\":true,\"valueName\":\"search_term_string\"}}],\"inLanguage\":\"de-DE\"},{\"@type\":\"Organization\",\"@id\":\"https:\/\/lionfoods.nl\/#organization\",\"name\":\"Compozer\",\"url\":\"https:\/\/lionfoods.nl\/\",\"logo\":{\"@type\":\"ImageObject\",\"inLanguage\":\"de-DE\",\"@id\":\"https:\/\/lionfoods.nl\/#\/schema\/logo\/image\/\",\"url\":\"https:\/\/www.compozer.nl\/app\/uploads\/2021\/11\/logo-compozer_3.svg\",\"contentUrl\":\"https:\/\/www.compozer.nl\/app\/uploads\/2021\/11\/logo-compozer_3.svg\",\"width\":718,\"height\":257,\"caption\":\"Compozer\"},\"image\":{\"@id\":\"https:\/\/lionfoods.nl\/#\/schema\/logo\/image\/\"},\"sameAs\":[\"https:\/\/www.linkedin.com\/company\/compozer-nl\/\"]}]}<\/script>\n<!-- \/ Yoast SEO plugin. -->","yoast_head_json":{"title":"Produkte - Lion Foods","robots":{"index":"index","follow":"follow","max-snippet":"max-snippet:-1","max-image-preview":"max-image-preview:large","max-video-preview":"max-video-preview:-1"},"canonical":"https:\/\/lionfoods.nl\/de\/product\/","og_locale":"de_DE","og_type":"article","og_title":"Compozer: Bouw je website in \u00e9\u00e9n dag!","og_description":"Dit is de homepage","og_url":"https:\/\/lionfoods.nl\/de\/product\/","og_site_name":"Lion Foods","article_modified_time":"2025-10-14T12:57:27+00:00","twitter_card":"summary_large_image","twitter_title":"Compozer: Bouw je website in \u00e9\u00e9n dag!","twitter_misc":{"Est. reading time":"2 minutes"},"schema":{"@context":"https:\/\/schema.org","@graph":[{"@type":"WebPage","@id":"https:\/\/lionfoods.nl\/de\/product\/","url":"https:\/\/lionfoods.nl\/de\/product\/","name":"Produkte - Lion Foods","isPartOf":{"@id":"https:\/\/lionfoods.nl\/#website"},"datePublished":"2024-04-02T13:10:41+00:00","dateModified":"2025-10-14T12:57:27+00:00","breadcrumb":{"@id":"https:\/\/lionfoods.nl\/de\/product\/#breadcrumb"},"inLanguage":"de-DE","potentialAction":[{"@type":"ReadAction","target":["https:\/\/lionfoods.nl\/de\/product\/"]}]},{"@type":"BreadcrumbList","@id":"https:\/\/lionfoods.nl\/de\/product\/#breadcrumb","itemListElement":[{"@type":"ListItem","position":1,"name":"Home","item":"https:\/\/lionfoods.nl\/de\/"},{"@type":"ListItem","position":2,"name":"Produkte"}]},{"@type":"WebSite","@id":"https:\/\/lionfoods.nl\/#website","url":"https:\/\/lionfoods.nl\/","name":"Lion Foods","description":"","publisher":{"@id":"https:\/\/lionfoods.nl\/#organization"},"potentialAction":[{"@type":"SearchAction","target":{"@type":"EntryPoint","urlTemplate":"https:\/\/lionfoods.nl\/?s={search_term_string}"},"query-input":{"@type":"PropertyValueSpecification","valueRequired":true,"valueName":"search_term_string"}}],"inLanguage":"de-DE"},{"@type":"Organization","@id":"https:\/\/lionfoods.nl\/#organization","name":"Compozer","url":"https:\/\/lionfoods.nl\/","logo":{"@type":"ImageObject","inLanguage":"de-DE","@id":"https:\/\/lionfoods.nl\/#\/schema\/logo\/image\/","url":"https:\/\/www.compozer.nl\/app\/uploads\/2021\/11\/logo-compozer_3.svg","contentUrl":"https:\/\/www.compozer.nl\/app\/uploads\/2021\/11\/logo-compozer_3.svg","width":718,"height":257,"caption":"Compozer"},"image":{"@id":"https:\/\/lionfoods.nl\/#\/schema\/logo\/image\/"},"sameAs":["https:\/\/www.linkedin.com\/company\/compozer-nl\/"]}]}},"_links":{"self":[{"href":"https:\/\/lionfoods.nl\/de\/wp-json\/wp\/v2\/pages\/5866","targetHints":{"allow":["GET"]}}],"collection":[{"href":"https:\/\/lionfoods.nl\/de\/wp-json\/wp\/v2\/pages"}],"about":[{"href":"https:\/\/lionfoods.nl\/de\/wp-json\/wp\/v2\/types\/page"}],"author":[{"embeddable":true,"href":"https:\/\/lionfoods.nl\/de\/wp-json\/wp\/v2\/users\/1"}],"replies":[{"embeddable":true,"href":"https:\/\/lionfoods.nl\/de\/wp-json\/wp\/v2\/comments?post=5866"}],"version-history":[{"count":5,"href":"https:\/\/lionfoods.nl\/de\/wp-json\/wp\/v2\/pages\/5866\/revisions"}],"predecessor-version":[{"id":5995,"href":"https:\/\/lionfoods.nl\/de\/wp-json\/wp\/v2\/pages\/5866\/revisions\/5995"}],"wp:attachment":[{"href":"https:\/\/lionfoods.nl\/de\/wp-json\/wp\/v2\/media?parent=5866"}],"curies":[{"name":"wp","href":"https:\/\/api.w.org\/{rel}","templated":true}]}}