{"id":5824,"date":"2018-12-13T11:09:31","date_gmt":"2018-12-13T10:09:31","guid":{"rendered":"https:\/\/lionfoods.nl\/bouw-je-website-in-een-dag\/"},"modified":"2025-07-31T12:35:25","modified_gmt":"2025-07-31T11:35:25","slug":"bouw-je-website-in-een-dag","status":"publish","type":"page","link":"https:\/\/lionfoods.nl\/es\/","title":{"rendered":"Home"},"content":{"rendered":"<p>Dit is de homepage<\/p>\n","protected":false},"excerpt":{"rendered":"<p>Dit is de homepage<\/p>\n","protected":false},"author":1,"featured_media":0,"parent":0,"menu_order":45,"comment_status":"closed","ping_status":"closed","template":"","meta":{"_acf_changed":false,"footnotes":""},"class_list":["post-5824","page","type-page","status-publish","hentry"],"acf":{"flexible_content":[{"acf_fc_layout":"pageheader_default","header_media":"video","color_overlay":"rgba(0,0,0,0.3)","hovering_content":false,"platform_choice":"file","video":"rNlK2F2fsr0","upload_video_file":5567,"desktop":{"header_size":"large","fullscreen":null,"large":"{\"original_image\":\"4725\",\"cropped_image\":\"4725\"}","small":null},"mobile":{"header_size":"large","fullscreen":null,"large":"{\"original_image\":\"4725\",\"cropped_image\":{\"image\":\"2024\/04\/d3-shutterstock_583805455-1-1_450x420_acf_cropped.jpg\",\"preview\":\"2024\/04\/preview_d3-shutterstock_583805455-1-1_450x420_acf_cropped.jpg\"}}","small":null},"pre_title":"","header_title":"Cebollas fritas: \u00a1cultivadas localmente, amadas en todo el mundo!","header_intro":"","header_btn-primary":{"header_btn-color":"is-primary","header_btn":{"title":"Nuestros productos","url":"https:\/\/lionfoods.nl\/product\/","target":""}},"header_btn-secondary":{"header_btn-color":"is-primary","header_btn":""},"header_btn-video":{"header_btn-color":"is-primary","header_btn":""},"layout_custom_css":""},{"acf_fc_layout":"feature","pre_title":"","title":"","intro":"Nuestras cebollas fritas no solo aportan un toque crujiente, sino tambi\u00e9n un delicioso sabor a cualquier plato. Ya sea que prepares una hamburguesa, una ensalada, sushi u otro plato, nuestras cebollas fritas son el aderezo perfecto para darle un toque de sabor. Son vers\u00e1tiles e ideales para la restauraci\u00f3n, el comercio minorista y la industria alimentaria.\r\n\r\nLo que hace que nuestras cebollas sean tan especiales es que se cultivan localmente en parcelas cuidadosamente seleccionadas. Tras la cosecha, se fr\u00eden inmediatamente en Lion Foods, para que conserven su caracter\u00edstico toque crujiente y sabor fresco. Esto garantiza que nuestras cebollas fritas no solo sean de alta calidad, sino tambi\u00e9n de un sabor y una textura consistentes. Gracias a nuestra constante atenci\u00f3n a la calidad y la innovaci\u00f3n, nuestras cebollas fritas ya son apreciadas en m\u00e1s de 80 pa\u00edses, bajo diversas marcas.","buttons":null,"media":{"choice":"image","toggle":false,"chosen_element":"","attributes":{"horizontal":"","vertical":"","custom_style_element_size":false,"min_element_size":"","style_element_size":50,"max_element_size":""},"image":"{\"original_image\":\"5403\",\"cropped_image\":{\"image\":\"2025\/02\/Gebakken-uitjes-v2_x_acf_cropped.jpg\",\"preview\":\"2025\/02\/preview_Gebakken-uitjes-v2_x_acf_cropped.jpg\"}}","platform":"vimeo","autoplay_toggle":false,"vimeo":"","youtube":"","upload_video_file":null},"type":"left","vertical_alignment":"top","heading_type":"h2","heading":"h2","text_color":"","padding":{"top":"m","bottom":"m"},"layout_bg_show_image":false,"background_color":"","layout_bg_overlay":"","layout_bg_image_desktop":null,"layout_bg_position_desktop":"center","layout_bg_image_mobile":null,"layout_bg_position_mobile":"center","title-transition":{"has_transition":false,"transition_type":"none","transition_offset":"","transition_delay":0},"intro-transition":{"has_transition":false,"transition_type":"none","transition_offset":"","transition_delay":0},"image-transition":{"has_transition":false,"transition_type":"none","transition_offset":"","transition_delay":0},"buttons-transition":{"has_transition":false,"transition_type":"none","transition_offset":"","transition_delay":0},"layout_custom_css":""},{"acf_fc_layout":"feature","pre_title":"","title":"Asociaci\u00f3n global y marca privada","intro":"<p style=\"font-weight: 400;\">Creemos en las alianzas a largo plazo y en ofrecer una calidad premium a clientes de todo el mundo. Nuestras cebollas crujientes se encuentran en supermercados, restaurantes y cocinas de m\u00e1s de 80 pa\u00edses, desde los favoritos locales hasta las cadenas de hamburguesas m\u00e1s grandes del mundo. Gracias a nuestros a\u00f1os de experiencia y conocimientos, apoyamos a chefs y profesionales de la alimentaci\u00f3n a integrar nuestros productos en sus platos.<\/p>\r\nTanto si desea lanzar su propia marca como si busca soluciones de marca blanca, nuestro equipo le ofrece asistencia personalizada. Nos complace ayudarle a desarrollar el producto perfecto para su mercado, con la opci\u00f3n de suministrar nuestras cebollas fritas premium en su propio envase. Lion Foods es el socio ideal para su marca blanca, en el que conf\u00edan las marcas de comida r\u00e1pida m\u00e1s importantes del mundo.","buttons":null,"media":{"choice":"image","toggle":false,"chosen_element":"","attributes":{"horizontal":"","vertical":"","custom_style_element_size":false,"min_element_size":"","style_element_size":50,"max_element_size":""},"image":"{\"original_image\":\"5461\",\"cropped_image\":{\"image\":\"2024\/08\/TOP-onion-24-jan-575_x_acf_cropped-1.jpg\",\"preview\":\"2024\/08\/preview_TOP-onion-24-jan-575_x_acf_cropped-1.jpg\"}}","platform":"vimeo","autoplay_toggle":false,"vimeo":"","youtube":"","upload_video_file":null},"type":"right","vertical_alignment":"top","heading_type":"h2","heading":"h2","text_color":"","padding":{"top":"m","bottom":"m"},"layout_bg_show_image":false,"background_color":"","layout_bg_overlay":"","layout_bg_image_desktop":null,"layout_bg_position_desktop":"center","layout_bg_image_mobile":null,"layout_bg_position_mobile":"center","title-transition":{"has_transition":false,"transition_type":"none","transition_offset":"","transition_delay":0},"intro-transition":{"has_transition":false,"transition_type":"none","transition_offset":"","transition_delay":0},"image-transition":{"has_transition":false,"transition_type":"none","transition_offset":"","transition_delay":0},"buttons-transition":{"has_transition":false,"transition_type":"none","transition_offset":"","transition_delay":0},"layout_custom_css":""},{"acf_fc_layout":"feature","pre_title":"","title":" M\u00e1ximas exigencias en calidad","intro":"En Lion Foods, producimos solo lo mejor. Con m\u00e1s de 25 a\u00f1os de experiencia en cebollas fritas, sabemos exactamente qu\u00e9 se necesita para lograr el crujido y el sabor perfectos. Nuestros productos cumplen con los m\u00e1s altos est\u00e1ndares de calidad y seguridad alimentaria. Contamos con las certificaciones IFS, BRCGS y RSPO.\r\n\r\nLa calidad no se limita a las certificaciones. Seguimos innovando e invirtiendo en las \u00faltimas tecnolog\u00edas para optimizar nuestros procesos y ofrecer los mejores productos.\r\n\r\nElija calidad premium. Elija Lion Foods.","buttons":null,"media":{"choice":"image","toggle":false,"chosen_element":"","attributes":{"horizontal":"","vertical":"","custom_style_element_size":false,"min_element_size":"","style_element_size":50,"max_element_size":""},"image":"{\"original_image\":\"4926\",\"cropped_image\":{\"image\":\"2025\/02\/EKF-OnionSpec-HR-20170413-004-e1738853044149_x_acf_cropped.jpg\",\"preview\":\"2025\/02\/preview_EKF-OnionSpec-HR-20170413-004-e1738853044149_x_acf_cropped.jpg\"}}","platform":"vimeo","autoplay_toggle":false,"vimeo":"","youtube":"","upload_video_file":null},"type":"left","vertical_alignment":"top","heading_type":"h2","heading":"h2","text_color":"","padding":{"top":"m","bottom":"m"},"layout_bg_show_image":false,"background_color":"","layout_bg_overlay":"","layout_bg_image_desktop":null,"layout_bg_position_desktop":"center","layout_bg_image_mobile":null,"layout_bg_position_mobile":"center","title-transition":{"has_transition":false,"transition_type":"none","transition_offset":"","transition_delay":0},"intro-transition":{"has_transition":false,"transition_type":"none","transition_offset":"","transition_delay":0},"image-transition":{"has_transition":false,"transition_type":"none","transition_offset":"","transition_delay":0},"buttons-transition":{"has_transition":false,"transition_type":"none","transition_offset":"","transition_delay":0},"layout_custom_css":""}]},"yoast_head":"<!-- This site is optimized with the Yoast SEO plugin v27.0 - https:\/\/yoast.com\/product\/yoast-seo-wordpress\/ -->\n<title>Home - Lion Foods<\/title>\n<meta name=\"robots\" content=\"index, follow, max-snippet:-1, max-image-preview:large, max-video-preview:-1\" \/>\n<link rel=\"canonical\" href=\"https:\/\/lionfoods.nl\/es\/\" \/>\n<meta property=\"og:locale\" content=\"es_ES\" \/>\n<meta property=\"og:type\" content=\"article\" \/>\n<meta property=\"og:title\" content=\"Compozer: Bouw je website in \u00e9\u00e9n dag!\" \/>\n<meta property=\"og:description\" content=\"Dit is de homepage\" \/>\n<meta property=\"og:url\" content=\"https:\/\/lionfoods.nl\/es\/\" \/>\n<meta property=\"og:site_name\" content=\"Lion Foods\" \/>\n<meta property=\"article:modified_time\" content=\"2025-07-31T11:35:25+00:00\" \/>\n<meta name=\"twitter:card\" content=\"summary_large_image\" \/>\n<meta name=\"twitter:title\" content=\"Compozer: Bouw je website in \u00e9\u00e9n dag!\" \/>\n<meta name=\"twitter:label1\" content=\"Est. reading time\" \/>\n\t<meta name=\"twitter:data1\" content=\"2 minutes\" \/>\n<script type=\"application\/ld+json\" class=\"yoast-schema-graph\">{\"@context\":\"https:\/\/schema.org\",\"@graph\":[{\"@type\":\"WebPage\",\"@id\":\"https:\/\/lionfoods.nl\/es\/\",\"url\":\"https:\/\/lionfoods.nl\/es\/\",\"name\":\"Home - Lion Foods\",\"isPartOf\":{\"@id\":\"https:\/\/lionfoods.nl\/#website\"},\"datePublished\":\"2018-12-13T10:09:31+00:00\",\"dateModified\":\"2025-07-31T11:35:25+00:00\",\"breadcrumb\":{\"@id\":\"https:\/\/lionfoods.nl\/es\/#breadcrumb\"},\"inLanguage\":\"es-ES\",\"potentialAction\":[{\"@type\":\"ReadAction\",\"target\":[\"https:\/\/lionfoods.nl\/es\/\"]}]},{\"@type\":\"BreadcrumbList\",\"@id\":\"https:\/\/lionfoods.nl\/es\/#breadcrumb\",\"itemListElement\":[{\"@type\":\"ListItem\",\"position\":1,\"name\":\"Home\",\"item\":\"https:\/\/lionfoods.nl\/es\/\"},{\"@type\":\"ListItem\",\"position\":2,\"name\":\"Home\"}]},{\"@type\":\"WebSite\",\"@id\":\"https:\/\/lionfoods.nl\/#website\",\"url\":\"https:\/\/lionfoods.nl\/\",\"name\":\"Lion Foods\",\"description\":\"\",\"publisher\":{\"@id\":\"https:\/\/lionfoods.nl\/#organization\"},\"potentialAction\":[{\"@type\":\"SearchAction\",\"target\":{\"@type\":\"EntryPoint\",\"urlTemplate\":\"https:\/\/lionfoods.nl\/?s={search_term_string}\"},\"query-input\":{\"@type\":\"PropertyValueSpecification\",\"valueRequired\":true,\"valueName\":\"search_term_string\"}}],\"inLanguage\":\"es-ES\"},{\"@type\":\"Organization\",\"@id\":\"https:\/\/lionfoods.nl\/#organization\",\"name\":\"Compozer\",\"url\":\"https:\/\/lionfoods.nl\/\",\"logo\":{\"@type\":\"ImageObject\",\"inLanguage\":\"es-ES\",\"@id\":\"https:\/\/lionfoods.nl\/#\/schema\/logo\/image\/\",\"url\":\"https:\/\/www.compozer.nl\/app\/uploads\/2021\/11\/logo-compozer_3.svg\",\"contentUrl\":\"https:\/\/www.compozer.nl\/app\/uploads\/2021\/11\/logo-compozer_3.svg\",\"width\":718,\"height\":257,\"caption\":\"Compozer\"},\"image\":{\"@id\":\"https:\/\/lionfoods.nl\/#\/schema\/logo\/image\/\"},\"sameAs\":[\"https:\/\/www.linkedin.com\/company\/compozer-nl\/\"]}]}<\/script>\n<!-- \/ Yoast SEO plugin. -->","yoast_head_json":{"title":"Home - Lion Foods","robots":{"index":"index","follow":"follow","max-snippet":"max-snippet:-1","max-image-preview":"max-image-preview:large","max-video-preview":"max-video-preview:-1"},"canonical":"https:\/\/lionfoods.nl\/es\/","og_locale":"es_ES","og_type":"article","og_title":"Compozer: Bouw je website in \u00e9\u00e9n dag!","og_description":"Dit is de homepage","og_url":"https:\/\/lionfoods.nl\/es\/","og_site_name":"Lion Foods","article_modified_time":"2025-07-31T11:35:25+00:00","twitter_card":"summary_large_image","twitter_title":"Compozer: Bouw je website in \u00e9\u00e9n dag!","twitter_misc":{"Est. reading time":"2 minutes"},"schema":{"@context":"https:\/\/schema.org","@graph":[{"@type":"WebPage","@id":"https:\/\/lionfoods.nl\/es\/","url":"https:\/\/lionfoods.nl\/es\/","name":"Home - Lion Foods","isPartOf":{"@id":"https:\/\/lionfoods.nl\/#website"},"datePublished":"2018-12-13T10:09:31+00:00","dateModified":"2025-07-31T11:35:25+00:00","breadcrumb":{"@id":"https:\/\/lionfoods.nl\/es\/#breadcrumb"},"inLanguage":"es-ES","potentialAction":[{"@type":"ReadAction","target":["https:\/\/lionfoods.nl\/es\/"]}]},{"@type":"BreadcrumbList","@id":"https:\/\/lionfoods.nl\/es\/#breadcrumb","itemListElement":[{"@type":"ListItem","position":1,"name":"Home","item":"https:\/\/lionfoods.nl\/es\/"},{"@type":"ListItem","position":2,"name":"Home"}]},{"@type":"WebSite","@id":"https:\/\/lionfoods.nl\/#website","url":"https:\/\/lionfoods.nl\/","name":"Lion Foods","description":"","publisher":{"@id":"https:\/\/lionfoods.nl\/#organization"},"potentialAction":[{"@type":"SearchAction","target":{"@type":"EntryPoint","urlTemplate":"https:\/\/lionfoods.nl\/?s={search_term_string}"},"query-input":{"@type":"PropertyValueSpecification","valueRequired":true,"valueName":"search_term_string"}}],"inLanguage":"es-ES"},{"@type":"Organization","@id":"https:\/\/lionfoods.nl\/#organization","name":"Compozer","url":"https:\/\/lionfoods.nl\/","logo":{"@type":"ImageObject","inLanguage":"es-ES","@id":"https:\/\/lionfoods.nl\/#\/schema\/logo\/image\/","url":"https:\/\/www.compozer.nl\/app\/uploads\/2021\/11\/logo-compozer_3.svg","contentUrl":"https:\/\/www.compozer.nl\/app\/uploads\/2021\/11\/logo-compozer_3.svg","width":718,"height":257,"caption":"Compozer"},"image":{"@id":"https:\/\/lionfoods.nl\/#\/schema\/logo\/image\/"},"sameAs":["https:\/\/www.linkedin.com\/company\/compozer-nl\/"]}]}},"_links":{"self":[{"href":"https:\/\/lionfoods.nl\/es\/wp-json\/wp\/v2\/pages\/5824","targetHints":{"allow":["GET"]}}],"collection":[{"href":"https:\/\/lionfoods.nl\/es\/wp-json\/wp\/v2\/pages"}],"about":[{"href":"https:\/\/lionfoods.nl\/es\/wp-json\/wp\/v2\/types\/page"}],"author":[{"embeddable":true,"href":"https:\/\/lionfoods.nl\/es\/wp-json\/wp\/v2\/users\/1"}],"replies":[{"embeddable":true,"href":"https:\/\/lionfoods.nl\/es\/wp-json\/wp\/v2\/comments?post=5824"}],"version-history":[{"count":3,"href":"https:\/\/lionfoods.nl\/es\/wp-json\/wp\/v2\/pages\/5824\/revisions"}],"predecessor-version":[{"id":5988,"href":"https:\/\/lionfoods.nl\/es\/wp-json\/wp\/v2\/pages\/5824\/revisions\/5988"}],"wp:attachment":[{"href":"https:\/\/lionfoods.nl\/es\/wp-json\/wp\/v2\/media?parent=5824"}],"curies":[{"name":"wp","href":"https:\/\/api.w.org\/{rel}","templated":true}]}}