{"id":5833,"date":"2024-08-16T08:28:35","date_gmt":"2024-08-16T07:28:35","guid":{"rendered":"https:\/\/lionfoods.nl\/ffo\/"},"modified":"2025-07-30T14:26:03","modified_gmt":"2025-07-30T13:26:03","slug":"ffo","status":"publish","type":"page","link":"https:\/\/lionfoods.nl\/es\/ffo\/","title":{"rendered":"FFO"},"content":{"rendered":"","protected":false},"excerpt":{"rendered":"","protected":false},"author":1,"featured_media":0,"parent":0,"menu_order":8,"comment_status":"closed","ping_status":"closed","template":"","meta":{"_acf_changed":false,"footnotes":""},"class_list":["post-5833","page","type-page","status-publish","hentry"],"acf":{"flexible_content":[{"acf_fc_layout":"pageheader_default","header_media":"image","color_overlay":"rgba(0,0,0,0.1)","hovering_content":true,"platform_choice":"image","video":"","upload_video_file":null,"desktop":{"header_size":"large","fullscreen":null,"large":"{\"original_image\":\"5010\",\"cropped_image\":{\"image\":\"2024\/08\/Top-Onions-food-sept-2023-281_1600x700_acf_cropped.jpg\",\"preview\":\"2024\/08\/preview_Top-Onions-food-sept-2023-281_1600x700_acf_cropped.jpg\"}}","small":"{\"original_image\":\"4725\",\"cropped_image\":\"4725\"}"},"mobile":{"header_size":"large","fullscreen":null,"large":"{\"original_image\":\"5010\",\"cropped_image\":{\"image\":\"2024\/08\/Top-Onions-food-sept-2023-281_450x420_acf_cropped.jpg\",\"preview\":\"2024\/08\/preview_Top-Onions-food-sept-2023-281_450x420_acf_cropped.jpg\"}}","small":"{\"original_image\":\"4725\",\"cropped_image\":{\"image\":\"2024\/08\/d3-shutterstock_583805455-1-1_450x210_acf_cropped.jpg\",\"preview\":\"2024\/08\/preview_d3-shutterstock_583805455-1-1_450x210_acf_cropped.jpg\"}}"},"pre_title":"","header_title":"FFO","header_intro":"Las cebollas fritas francesas son una deliciosa variante de las famosas cebollas fritas. Con trozos ligeramente m\u00e1s grandes, un sabor suave y arom\u00e1tico, una textura ligera y crujiente, por supuesto. Conocidas como un ingrediente indispensable en la \"cazuela de jud\u00edas verdes\", un plato t\u00edpico estadounidense. Pero tambi\u00e9n deliciosas en muchos otros platos, como perritos calientes, hamburguesas, ensaladas, sopas, s\u00e1ndwiches y mucho m\u00e1s. Un ingrediente fant\u00e1stico, con infinitas posibilidades. Las cebollas fritas francesas se envasan en vasos y bolsas de 120 gramos a 10 kg. Con diversas ubicaciones en todo el mundo, garantizamos la disponibilidad de cebollas y respondemos r\u00e1pidamente a las solicitudes de nuestros clientes.","header_btn-primary":{"header_btn-color":"is-primary","header_btn":""},"header_btn-secondary":{"header_btn-color":"is-primary","header_btn":""},"header_btn-video":{"header_btn-color":"is-primary","header_btn":""},"layout_custom_css":""},{"acf_fc_layout":"wysiwyg_sidebar","pre_title":"","title":"","intro":"","content":"\u00bfQuieres realzar tus platos con deliciosas cebollas fritas? \u00bfO quieres vender cebollas fritas de alta calidad a restaurantes o supermercados? Lion Foods suministra cebollas fritas cultivadas en los Pa\u00edses Bajos.\r\n\r\nDale a tus platos un toque especial con cebollas fritas.\r\n\r\nLas cebollas fritas de Lion Foods siempre est\u00e1n listas para usar. Esto te ofrece a ti o a tus clientes mayor comodidad a la hora de preparar deliciosos platos. Las cebollas fritas tambi\u00e9n son un delicioso complemento para muchos platos asi\u00e1ticos, como perritos calientes y hamburguesas. Adem\u00e1s, realzan el sabor de ensaladas, sopas, s\u00e1ndwiches y mucho m\u00e1s. Un aderezo fant\u00e1stico: las posibilidades son casi infinitas.\r\n\r\nPedir cebollas fritas de Lion Foods: las ventajas\r\n\r\nSuministramos cebollas fritas de la m\u00e1s alta calidad porque muchas de las cebollas que utilizamos son cultivadas por Lion Foods. Esto nos permite garantizar una buena calidad y un suministro fiable. Una vez cosechadas, las cebollas se pelan, se lavan y se trocean. Para lograr la m\u00e1xima textura crujiente, las cebollas rebanadas se rebozan y luego se procesan. El resultado es un producto sin colorantes, sabores ni fragancias artificiales. \u00a1100 % natural!\r\n\r\nUna variedad de cebollas fritas para cada plato.\r\n\r\nTambi\u00e9n producimos nuestras cebollas fritas de forma ecol\u00f3gica y sin gluten.\r\n\r\nNuestros productos son apreciados en todo el mundo y se suministran a clientes de los sectores de la restauraci\u00f3n, la industria y el comercio minorista. Nuestra s\u00f3lida y flexible organizaci\u00f3n nos permite satisfacer todas sus necesidades.","heading_type":"h2","heading":"h2","layout_text_align":"centered","text_color":"","padding":{"top":"m","bottom":"m"},"layout_bg_show_image":false,"background_color":"","layout_bg_overlay":"","layout_bg_image_desktop":null,"layout_bg_position_desktop":"center","layout_bg_image_mobile":null,"layout_bg_position_mobile":"center","pre-title-transition":{"has_transition":false,"transition_type":"none","transition_offset":0,"transition_delay":0},"title-transition":{"has_transition":false,"transition_type":"none","transition_offset":"","transition_delay":0},"intro-transition":{"has_transition":false,"transition_type":"none","transition_offset":"","transition_delay":0},"text-transition":{"has_transition":false,"transition_type":"none","transition_offset":"","transition_delay":0},"layout_custom_css":""}]},"yoast_head":"<!-- This site is optimized with the Yoast SEO plugin v27.0 - https:\/\/yoast.com\/product\/yoast-seo-wordpress\/ -->\n<title>FFO - Lion Foods<\/title>\n<meta name=\"robots\" content=\"index, follow, max-snippet:-1, max-image-preview:large, max-video-preview:-1\" \/>\n<link rel=\"canonical\" href=\"https:\/\/lionfoods.nl\/es\/ffo\/\" \/>\n<meta property=\"og:locale\" content=\"es_ES\" \/>\n<meta property=\"og:type\" content=\"article\" \/>\n<meta property=\"og:title\" content=\"FFO - Lion Foods\" \/>\n<meta property=\"og:url\" content=\"https:\/\/lionfoods.nl\/es\/ffo\/\" \/>\n<meta property=\"og:site_name\" content=\"Lion Foods\" \/>\n<meta property=\"article:modified_time\" content=\"2025-07-30T13:26:03+00:00\" \/>\n<meta name=\"twitter:card\" content=\"summary_large_image\" \/>\n<meta name=\"twitter:label1\" content=\"Est. reading time\" \/>\n\t<meta name=\"twitter:data1\" content=\"2 minutes\" \/>\n<script type=\"application\/ld+json\" class=\"yoast-schema-graph\">{\"@context\":\"https:\/\/schema.org\",\"@graph\":[{\"@type\":\"WebPage\",\"@id\":\"https:\/\/lionfoods.nl\/es\/ffo\/\",\"url\":\"https:\/\/lionfoods.nl\/es\/ffo\/\",\"name\":\"FFO - Lion Foods\",\"isPartOf\":{\"@id\":\"https:\/\/lionfoods.nl\/#website\"},\"datePublished\":\"2024-08-16T07:28:35+00:00\",\"dateModified\":\"2025-07-30T13:26:03+00:00\",\"breadcrumb\":{\"@id\":\"https:\/\/lionfoods.nl\/es\/ffo\/#breadcrumb\"},\"inLanguage\":\"es-ES\",\"potentialAction\":[{\"@type\":\"ReadAction\",\"target\":[\"https:\/\/lionfoods.nl\/es\/ffo\/\"]}]},{\"@type\":\"BreadcrumbList\",\"@id\":\"https:\/\/lionfoods.nl\/es\/ffo\/#breadcrumb\",\"itemListElement\":[{\"@type\":\"ListItem\",\"position\":1,\"name\":\"Home\",\"item\":\"https:\/\/lionfoods.nl\/es\/\"},{\"@type\":\"ListItem\",\"position\":2,\"name\":\"FFO\"}]},{\"@type\":\"WebSite\",\"@id\":\"https:\/\/lionfoods.nl\/#website\",\"url\":\"https:\/\/lionfoods.nl\/\",\"name\":\"Lion Foods\",\"description\":\"\",\"publisher\":{\"@id\":\"https:\/\/lionfoods.nl\/#organization\"},\"potentialAction\":[{\"@type\":\"SearchAction\",\"target\":{\"@type\":\"EntryPoint\",\"urlTemplate\":\"https:\/\/lionfoods.nl\/?s={search_term_string}\"},\"query-input\":{\"@type\":\"PropertyValueSpecification\",\"valueRequired\":true,\"valueName\":\"search_term_string\"}}],\"inLanguage\":\"es-ES\"},{\"@type\":\"Organization\",\"@id\":\"https:\/\/lionfoods.nl\/#organization\",\"name\":\"Compozer\",\"url\":\"https:\/\/lionfoods.nl\/\",\"logo\":{\"@type\":\"ImageObject\",\"inLanguage\":\"es-ES\",\"@id\":\"https:\/\/lionfoods.nl\/#\/schema\/logo\/image\/\",\"url\":\"https:\/\/www.compozer.nl\/app\/uploads\/2021\/11\/logo-compozer_3.svg\",\"contentUrl\":\"https:\/\/www.compozer.nl\/app\/uploads\/2021\/11\/logo-compozer_3.svg\",\"width\":718,\"height\":257,\"caption\":\"Compozer\"},\"image\":{\"@id\":\"https:\/\/lionfoods.nl\/#\/schema\/logo\/image\/\"},\"sameAs\":[\"https:\/\/www.linkedin.com\/company\/compozer-nl\/\"]}]}<\/script>\n<!-- \/ Yoast SEO plugin. -->","yoast_head_json":{"title":"FFO - Lion Foods","robots":{"index":"index","follow":"follow","max-snippet":"max-snippet:-1","max-image-preview":"max-image-preview:large","max-video-preview":"max-video-preview:-1"},"canonical":"https:\/\/lionfoods.nl\/es\/ffo\/","og_locale":"es_ES","og_type":"article","og_title":"FFO - Lion Foods","og_url":"https:\/\/lionfoods.nl\/es\/ffo\/","og_site_name":"Lion Foods","article_modified_time":"2025-07-30T13:26:03+00:00","twitter_card":"summary_large_image","twitter_misc":{"Est. reading time":"2 minutes"},"schema":{"@context":"https:\/\/schema.org","@graph":[{"@type":"WebPage","@id":"https:\/\/lionfoods.nl\/es\/ffo\/","url":"https:\/\/lionfoods.nl\/es\/ffo\/","name":"FFO - Lion Foods","isPartOf":{"@id":"https:\/\/lionfoods.nl\/#website"},"datePublished":"2024-08-16T07:28:35+00:00","dateModified":"2025-07-30T13:26:03+00:00","breadcrumb":{"@id":"https:\/\/lionfoods.nl\/es\/ffo\/#breadcrumb"},"inLanguage":"es-ES","potentialAction":[{"@type":"ReadAction","target":["https:\/\/lionfoods.nl\/es\/ffo\/"]}]},{"@type":"BreadcrumbList","@id":"https:\/\/lionfoods.nl\/es\/ffo\/#breadcrumb","itemListElement":[{"@type":"ListItem","position":1,"name":"Home","item":"https:\/\/lionfoods.nl\/es\/"},{"@type":"ListItem","position":2,"name":"FFO"}]},{"@type":"WebSite","@id":"https:\/\/lionfoods.nl\/#website","url":"https:\/\/lionfoods.nl\/","name":"Lion Foods","description":"","publisher":{"@id":"https:\/\/lionfoods.nl\/#organization"},"potentialAction":[{"@type":"SearchAction","target":{"@type":"EntryPoint","urlTemplate":"https:\/\/lionfoods.nl\/?s={search_term_string}"},"query-input":{"@type":"PropertyValueSpecification","valueRequired":true,"valueName":"search_term_string"}}],"inLanguage":"es-ES"},{"@type":"Organization","@id":"https:\/\/lionfoods.nl\/#organization","name":"Compozer","url":"https:\/\/lionfoods.nl\/","logo":{"@type":"ImageObject","inLanguage":"es-ES","@id":"https:\/\/lionfoods.nl\/#\/schema\/logo\/image\/","url":"https:\/\/www.compozer.nl\/app\/uploads\/2021\/11\/logo-compozer_3.svg","contentUrl":"https:\/\/www.compozer.nl\/app\/uploads\/2021\/11\/logo-compozer_3.svg","width":718,"height":257,"caption":"Compozer"},"image":{"@id":"https:\/\/lionfoods.nl\/#\/schema\/logo\/image\/"},"sameAs":["https:\/\/www.linkedin.com\/company\/compozer-nl\/"]}]}},"_links":{"self":[{"href":"https:\/\/lionfoods.nl\/es\/wp-json\/wp\/v2\/pages\/5833","targetHints":{"allow":["GET"]}}],"collection":[{"href":"https:\/\/lionfoods.nl\/es\/wp-json\/wp\/v2\/pages"}],"about":[{"href":"https:\/\/lionfoods.nl\/es\/wp-json\/wp\/v2\/types\/page"}],"author":[{"embeddable":true,"href":"https:\/\/lionfoods.nl\/es\/wp-json\/wp\/v2\/users\/1"}],"replies":[{"embeddable":true,"href":"https:\/\/lionfoods.nl\/es\/wp-json\/wp\/v2\/comments?post=5833"}],"version-history":[{"count":1,"href":"https:\/\/lionfoods.nl\/es\/wp-json\/wp\/v2\/pages\/5833\/revisions"}],"predecessor-version":[{"id":5936,"href":"https:\/\/lionfoods.nl\/es\/wp-json\/wp\/v2\/pages\/5833\/revisions\/5936"}],"wp:attachment":[{"href":"https:\/\/lionfoods.nl\/es\/wp-json\/wp\/v2\/media?parent=5833"}],"curies":[{"name":"wp","href":"https:\/\/api.w.org\/{rel}","templated":true}]}}