{"id":5838,"date":"2024-08-16T08:01:03","date_gmt":"2024-08-16T07:01:03","guid":{"rendered":"https:\/\/lionfoods.nl\/cfo\/"},"modified":"2025-07-30T14:27:22","modified_gmt":"2025-07-30T13:27:22","slug":"cfo","status":"publish","type":"page","link":"https:\/\/lionfoods.nl\/es\/cfo\/","title":{"rendered":"CFO"},"content":{"rendered":"","protected":false},"excerpt":{"rendered":"","protected":false},"author":1,"featured_media":0,"parent":0,"menu_order":13,"comment_status":"closed","ping_status":"closed","template":"","meta":{"_acf_changed":false,"footnotes":""},"class_list":["post-5838","page","type-page","status-publish","hentry"],"acf":{"flexible_content":[{"acf_fc_layout":"pageheader_default","header_media":"image","color_overlay":"rgba(0,0,0,0.1)","hovering_content":true,"platform_choice":"image","video":"","upload_video_file":null,"desktop":{"header_size":"large","fullscreen":null,"large":"{\"original_image\":\"5004\",\"cropped_image\":{\"image\":\"2024\/08\/Top-Onions-food-sept-2023-113_1600x700_acf_cropped.jpg\",\"preview\":\"2024\/08\/preview_Top-Onions-food-sept-2023-113_1600x700_acf_cropped.jpg\"}}","small":"{\"original_image\":\"4725\",\"cropped_image\":\"4725\"}"},"mobile":{"header_size":"large","fullscreen":null,"large":"{\"original_image\":\"5004\",\"cropped_image\":{\"image\":\"2024\/08\/Top-Onions-food-sept-2023-113_450x420_acf_cropped.jpg\",\"preview\":\"2024\/08\/preview_Top-Onions-food-sept-2023-113_450x420_acf_cropped.jpg\"}}","small":"{\"original_image\":\"4725\",\"cropped_image\":{\"image\":\"2024\/08\/d3-shutterstock_583805455-1-1_450x210_acf_cropped.jpg\",\"preview\":\"2024\/08\/preview_d3-shutterstock_583805455-1-1_450x210_acf_cropped.jpg\"}}"},"pre_title":"","header_title":"CFO","header_intro":"Cada vez m\u00e1s consumidores descubren nuestras cebollas fritas (CFO) como la manera perfecta de realzar sus platos. Su caracter\u00edstico sabor y aroma les aportan un toque especial. Desde un arroz indonesio hasta una deliciosa ensalada: cada comida deber\u00eda ser una peque\u00f1a celebraci\u00f3n. \u00bfPodemos ayudarte? \u00bfQuieres realzar tus platos con deliciosas cebollas fritas? \u00bfO quieres vender cebollas fritas de alta calidad a restaurantes o supermercados, por ejemplo? Lion Foods suministra las mejores cebollas fritas de los Pa\u00edses Bajos.","header_btn-primary":{"header_btn-color":"is-primary","header_btn":""},"header_btn-secondary":{"header_btn-color":"is-primary","header_btn":""},"header_btn-video":{"header_btn-color":"is-primary","header_btn":""},"layout_custom_css":""},{"acf_fc_layout":"wysiwyg_sidebar","pre_title":"","title":"","intro":"","content":"\u00bfQuieres realzar tus platos con deliciosas cebollas fritas? \u00bfO quieres vender cebollas fritas de alta calidad a restaurantes o supermercados? Lion Foods suministra las mejores cebollas fritas de los Pa\u00edses Bajos.\r\n\r\nDale a tus platos un toque especial con cebollas fritas.\r\n\r\nLas cebollas fritas de Lion Foods siempre est\u00e1n listas para usar. Esto te ofrece a ti o a tus clientes mayor comodidad a la hora de preparar deliciosos platos. Adem\u00e1s, son un delicioso complemento para muchos platos, como ensaladas, sopas, guisos o arroces. Con cebollas fritas, puedes convertir muchos platos en un \u00e9xito.\r\n\r\nPedir cebollas fritas en Lion Foods: las ventajas\r\n\r\nSuministramos cebollas fritas de la m\u00e1s alta calidad porque:\r\n\r\nGestionamos todo el proceso de producci\u00f3n. Nos encargamos de todo el proceso, desde el cultivo de la cebolla hasta el producto final. Esto significa que siempre nos compras cebollas fritas de la m\u00e1s alta calidad.\r\n\r\nLas cebollas cumplen con los est\u00e1ndares de calidad necesarios. Mediante auditor\u00edas peri\u00f3dicas, garantizamos que todos nuestros productos, incluidas las cebollas fritas, sean probados para garantizar su calidad.\r\n\r\nNuestros productos son veganos o halal. Lion Foods tambi\u00e9n es el lugar ideal para esto.\r\nVarios tipos de cebollas fritas para cada plato.\r\n\r\nNuestras cebollas fritas son siempre veganas y halal. Tambi\u00e9n ofrecemos cebollas fritas sin gluten, cebollas fritas org\u00e1nicas y cebollas con sabor a tocino. Con las cebollas de Lion Foods, puedes preparar casi cualquier cosa.","heading_type":"h2","heading":"h2","layout_text_align":"centered","text_color":"","padding":{"top":"m","bottom":"m"},"layout_bg_show_image":false,"background_color":"","layout_bg_overlay":"","layout_bg_image_desktop":null,"layout_bg_position_desktop":"center","layout_bg_image_mobile":null,"layout_bg_position_mobile":"center","pre-title-transition":{"has_transition":false,"transition_type":"none","transition_offset":0,"transition_delay":0},"title-transition":{"has_transition":false,"transition_type":"none","transition_offset":"","transition_delay":0},"intro-transition":{"has_transition":false,"transition_type":"none","transition_offset":"","transition_delay":0},"text-transition":{"has_transition":false,"transition_type":"none","transition_offset":"","transition_delay":0},"layout_custom_css":""},{"acf_fc_layout":"gallery","images":[{"image":"{\"original_image\":5050,\"cropped_image\":{\"image\":\"2024\/08\/Top-Onions-food-sept-2023-443_1280x800_acf_cropped-1.jpg\",\"preview\":\"2024\/08\/preview_Top-Onions-food-sept-2023-443_1280x800_acf_cropped-1.jpg\"}}"},{"image":"{\"original_image\":5081,\"cropped_image\":{\"image\":\"2024\/08\/Top-Onions-food-sept-2023-1141_1280x800_acf_cropped-1.jpg\",\"preview\":\"2024\/08\/preview_Top-Onions-food-sept-2023-1141_1280x800_acf_cropped-1.jpg\"}}"},{"image":"{\"original_image\":5035,\"cropped_image\":{\"image\":\"2024\/08\/Top-Onions-food-sept-2023-515_1280x800_acf_cropped-1.jpg\",\"preview\":\"2024\/08\/preview_Top-Onions-food-sept-2023-515_1280x800_acf_cropped-1.jpg\"}}"},{"image":"{\"original_image\":5045,\"cropped_image\":{\"image\":\"2024\/08\/Top-Onions-food-sept-2023-679_1280x800_acf_cropped-1.jpg\",\"preview\":\"2024\/08\/preview_Top-Onions-food-sept-2023-679_1280x800_acf_cropped-1.jpg\"}}"},{"image":"{\"original_image\":\"5104\",\"cropped_image\":{\"image\":\"2024\/08\/Top-onion-group-fotoshoot-11-01-23-653_BEW_1280x800_acf_cropped.jpg\",\"preview\":\"2024\/08\/preview_Top-onion-group-fotoshoot-11-01-23-653_BEW_1280x800_acf_cropped.jpg\"}}"},{"image":"{\"original_image\":5065,\"cropped_image\":{\"image\":\"2024\/08\/Top-Onions-food-sept-2023-946_1280x800_acf_cropped-1.jpg\",\"preview\":\"2024\/08\/preview_Top-Onions-food-sept-2023-946_1280x800_acf_cropped-1.jpg\"}}"},{"image":"{\"original_image\":\"5504\",\"cropped_image\":{\"image\":\"2024\/08\/TOP-onions-Mexicaans-6_1280x800_acf_cropped.jpg\",\"preview\":\"2024\/08\/preview_TOP-onions-Mexicaans-6_1280x800_acf_cropped.jpg\"}}"},{"image":"{\"original_image\":\"5508\",\"cropped_image\":{\"image\":\"2024\/08\/TOP-onions-Mexicaans-14_1280x800_acf_cropped.jpg\",\"preview\":\"2024\/08\/preview_TOP-onions-Mexicaans-14_1280x800_acf_cropped.jpg\"}}"}],"show_nav_arrows":true,"item_count":"5","columns":"10","full_width":true,"show_pagination":false,"text_color":"","automatic_sliding":false,"automatic_time":2500,"padding":{"top":"m","bottom":"m"},"layout_bg_show_image":false,"background_color":"","layout_bg_overlay":"","layout_bg_image_desktop":null,"layout_bg_position_desktop":"center","layout_bg_image_mobile":null,"layout_bg_position_mobile":"center","image-transition":{"has_transition":false,"transition_type":"none","transition_offset":"","transition_delay":0},"layout_custom_css":""}]},"yoast_head":"<!-- This site is optimized with the Yoast SEO plugin v27.0 - https:\/\/yoast.com\/product\/yoast-seo-wordpress\/ -->\n<title>CFO - Lion Foods<\/title>\n<meta name=\"robots\" content=\"index, follow, max-snippet:-1, max-image-preview:large, max-video-preview:-1\" \/>\n<link rel=\"canonical\" href=\"https:\/\/lionfoods.nl\/es\/cfo\/\" \/>\n<meta property=\"og:locale\" content=\"es_ES\" \/>\n<meta property=\"og:type\" content=\"article\" \/>\n<meta property=\"og:title\" content=\"CFO - Lion Foods\" \/>\n<meta property=\"og:url\" content=\"https:\/\/lionfoods.nl\/es\/cfo\/\" \/>\n<meta property=\"og:site_name\" content=\"Lion Foods\" \/>\n<meta property=\"article:modified_time\" content=\"2025-07-30T13:27:22+00:00\" \/>\n<meta name=\"twitter:card\" content=\"summary_large_image\" \/>\n<meta name=\"twitter:label1\" content=\"Est. reading time\" \/>\n\t<meta name=\"twitter:data1\" content=\"2 minutes\" \/>\n<script type=\"application\/ld+json\" class=\"yoast-schema-graph\">{\"@context\":\"https:\/\/schema.org\",\"@graph\":[{\"@type\":\"WebPage\",\"@id\":\"https:\/\/lionfoods.nl\/es\/cfo\/\",\"url\":\"https:\/\/lionfoods.nl\/es\/cfo\/\",\"name\":\"CFO - Lion Foods\",\"isPartOf\":{\"@id\":\"https:\/\/lionfoods.nl\/#website\"},\"datePublished\":\"2024-08-16T07:01:03+00:00\",\"dateModified\":\"2025-07-30T13:27:22+00:00\",\"breadcrumb\":{\"@id\":\"https:\/\/lionfoods.nl\/es\/cfo\/#breadcrumb\"},\"inLanguage\":\"es-ES\",\"potentialAction\":[{\"@type\":\"ReadAction\",\"target\":[\"https:\/\/lionfoods.nl\/es\/cfo\/\"]}]},{\"@type\":\"BreadcrumbList\",\"@id\":\"https:\/\/lionfoods.nl\/es\/cfo\/#breadcrumb\",\"itemListElement\":[{\"@type\":\"ListItem\",\"position\":1,\"name\":\"Home\",\"item\":\"https:\/\/lionfoods.nl\/es\/\"},{\"@type\":\"ListItem\",\"position\":2,\"name\":\"CFO\"}]},{\"@type\":\"WebSite\",\"@id\":\"https:\/\/lionfoods.nl\/#website\",\"url\":\"https:\/\/lionfoods.nl\/\",\"name\":\"Lion Foods\",\"description\":\"\",\"publisher\":{\"@id\":\"https:\/\/lionfoods.nl\/#organization\"},\"potentialAction\":[{\"@type\":\"SearchAction\",\"target\":{\"@type\":\"EntryPoint\",\"urlTemplate\":\"https:\/\/lionfoods.nl\/?s={search_term_string}\"},\"query-input\":{\"@type\":\"PropertyValueSpecification\",\"valueRequired\":true,\"valueName\":\"search_term_string\"}}],\"inLanguage\":\"es-ES\"},{\"@type\":\"Organization\",\"@id\":\"https:\/\/lionfoods.nl\/#organization\",\"name\":\"Compozer\",\"url\":\"https:\/\/lionfoods.nl\/\",\"logo\":{\"@type\":\"ImageObject\",\"inLanguage\":\"es-ES\",\"@id\":\"https:\/\/lionfoods.nl\/#\/schema\/logo\/image\/\",\"url\":\"https:\/\/www.compozer.nl\/app\/uploads\/2021\/11\/logo-compozer_3.svg\",\"contentUrl\":\"https:\/\/www.compozer.nl\/app\/uploads\/2021\/11\/logo-compozer_3.svg\",\"width\":718,\"height\":257,\"caption\":\"Compozer\"},\"image\":{\"@id\":\"https:\/\/lionfoods.nl\/#\/schema\/logo\/image\/\"},\"sameAs\":[\"https:\/\/www.linkedin.com\/company\/compozer-nl\/\"]}]}<\/script>\n<!-- \/ Yoast SEO plugin. -->","yoast_head_json":{"title":"CFO - Lion Foods","robots":{"index":"index","follow":"follow","max-snippet":"max-snippet:-1","max-image-preview":"max-image-preview:large","max-video-preview":"max-video-preview:-1"},"canonical":"https:\/\/lionfoods.nl\/es\/cfo\/","og_locale":"es_ES","og_type":"article","og_title":"CFO - Lion Foods","og_url":"https:\/\/lionfoods.nl\/es\/cfo\/","og_site_name":"Lion Foods","article_modified_time":"2025-07-30T13:27:22+00:00","twitter_card":"summary_large_image","twitter_misc":{"Est. reading time":"2 minutes"},"schema":{"@context":"https:\/\/schema.org","@graph":[{"@type":"WebPage","@id":"https:\/\/lionfoods.nl\/es\/cfo\/","url":"https:\/\/lionfoods.nl\/es\/cfo\/","name":"CFO - Lion Foods","isPartOf":{"@id":"https:\/\/lionfoods.nl\/#website"},"datePublished":"2024-08-16T07:01:03+00:00","dateModified":"2025-07-30T13:27:22+00:00","breadcrumb":{"@id":"https:\/\/lionfoods.nl\/es\/cfo\/#breadcrumb"},"inLanguage":"es-ES","potentialAction":[{"@type":"ReadAction","target":["https:\/\/lionfoods.nl\/es\/cfo\/"]}]},{"@type":"BreadcrumbList","@id":"https:\/\/lionfoods.nl\/es\/cfo\/#breadcrumb","itemListElement":[{"@type":"ListItem","position":1,"name":"Home","item":"https:\/\/lionfoods.nl\/es\/"},{"@type":"ListItem","position":2,"name":"CFO"}]},{"@type":"WebSite","@id":"https:\/\/lionfoods.nl\/#website","url":"https:\/\/lionfoods.nl\/","name":"Lion Foods","description":"","publisher":{"@id":"https:\/\/lionfoods.nl\/#organization"},"potentialAction":[{"@type":"SearchAction","target":{"@type":"EntryPoint","urlTemplate":"https:\/\/lionfoods.nl\/?s={search_term_string}"},"query-input":{"@type":"PropertyValueSpecification","valueRequired":true,"valueName":"search_term_string"}}],"inLanguage":"es-ES"},{"@type":"Organization","@id":"https:\/\/lionfoods.nl\/#organization","name":"Compozer","url":"https:\/\/lionfoods.nl\/","logo":{"@type":"ImageObject","inLanguage":"es-ES","@id":"https:\/\/lionfoods.nl\/#\/schema\/logo\/image\/","url":"https:\/\/www.compozer.nl\/app\/uploads\/2021\/11\/logo-compozer_3.svg","contentUrl":"https:\/\/www.compozer.nl\/app\/uploads\/2021\/11\/logo-compozer_3.svg","width":718,"height":257,"caption":"Compozer"},"image":{"@id":"https:\/\/lionfoods.nl\/#\/schema\/logo\/image\/"},"sameAs":["https:\/\/www.linkedin.com\/company\/compozer-nl\/"]}]}},"_links":{"self":[{"href":"https:\/\/lionfoods.nl\/es\/wp-json\/wp\/v2\/pages\/5838","targetHints":{"allow":["GET"]}}],"collection":[{"href":"https:\/\/lionfoods.nl\/es\/wp-json\/wp\/v2\/pages"}],"about":[{"href":"https:\/\/lionfoods.nl\/es\/wp-json\/wp\/v2\/types\/page"}],"author":[{"embeddable":true,"href":"https:\/\/lionfoods.nl\/es\/wp-json\/wp\/v2\/users\/1"}],"replies":[{"embeddable":true,"href":"https:\/\/lionfoods.nl\/es\/wp-json\/wp\/v2\/comments?post=5838"}],"version-history":[{"count":2,"href":"https:\/\/lionfoods.nl\/es\/wp-json\/wp\/v2\/pages\/5838\/revisions"}],"predecessor-version":[{"id":5938,"href":"https:\/\/lionfoods.nl\/es\/wp-json\/wp\/v2\/pages\/5838\/revisions\/5938"}],"wp:attachment":[{"href":"https:\/\/lionfoods.nl\/es\/wp-json\/wp\/v2\/media?parent=5838"}],"curies":[{"name":"wp","href":"https:\/\/api.w.org\/{rel}","templated":true}]}}