{"id":5870,"date":"2024-04-02T14:10:41","date_gmt":"2024-04-02T13:10:41","guid":{"rendered":"https:\/\/lionfoods.nl\/product\/"},"modified":"2025-10-14T13:59:04","modified_gmt":"2025-10-14T12:59:04","slug":"product","status":"publish","type":"page","link":"https:\/\/lionfoods.nl\/es\/product\/","title":{"rendered":"Producten"},"content":{"rendered":"<p>Dit is de homepage<\/p>\n","protected":false},"excerpt":{"rendered":"<p>Dit is de homepage<\/p>\n","protected":false},"author":1,"featured_media":0,"parent":0,"menu_order":35,"comment_status":"closed","ping_status":"closed","template":"","meta":{"_acf_changed":false,"footnotes":""},"class_list":["post-5870","page","type-page","status-publish","hentry"],"acf":{"flexible_content":[{"acf_fc_layout":"pageheader_default","header_media":"image","color_overlay":"rgba(0,0,0,0.3)","hovering_content":false,"platform_choice":"image","video":"","upload_video_file":null,"desktop":{"header_size":"small","fullscreen":null,"large":"{\"original_image\":\"4902\",\"cropped_image\":\"4902\"}","small":"{\"original_image\":\"4902\",\"cropped_image\":\"4902\"}"},"mobile":{"header_size":"small","fullscreen":null,"large":"{\"original_image\":\"4902\",\"cropped_image\":{\"image\":\"2024\/04\/top-onions-studio-17-05-23-1_450x420_acf_cropped.jpg\",\"preview\":\"2024\/04\/preview_top-onions-studio-17-05-23-1_450x420_acf_cropped.jpg\"}}","small":"{\"original_image\":\"4902\",\"cropped_image\":{\"image\":\"2024\/08\/top-onions-studio-17-05-23-1_450x210_acf_cropped.jpg\",\"preview\":\"2024\/08\/preview_top-onions-studio-17-05-23-1_450x210_acf_cropped.jpg\"}}"},"pre_title":"","header_title":"","header_intro":"","header_btn-primary":{"header_btn-color":"is-primary","header_btn":""},"header_btn-secondary":{"header_btn-color":"is-primary","header_btn":""},"header_btn-video":{"header_btn-color":"is-primary","header_btn":""},"layout_custom_css":""},{"acf_fc_layout":"feature","pre_title":"","title":"Nuestros productos","intro":"En Lion Foods, producimos las mejores cebollas fritas crujientes (CFO) y cebollas fritas francesas (FFO) del mundo. Nuestras cebollas crujientes son el complemento perfecto para una variedad de platos, desde hamburguesas y perritos calientes hasta ensaladas y especialidades asi\u00e1ticas.\r\n\r\nTrabajamos exclusivamente con cebollas de cosecha local de los Pa\u00edses Bajos y B\u00e9lgica, lo que nos permite controlar toda la cadena de suministro y garantizar la m\u00e1xima calidad. Nuestro cuidadoso proceso de fritura mantiene las cebollas deliciosamente crujientes y conserva su aut\u00e9ntico sabor.\r\n\r\nAdem\u00e1s de nuestra marca propia, King's Harvest, tambi\u00e9n somos uno de los mayores productores de cebollas fritas de marca blanca, tanto para minoristas como para la restauraci\u00f3n. Gracias a nuestras flexibles instalaciones de producci\u00f3n y a nuestras opciones de personalizaci\u00f3n, podemos ofrecer a nuestros clientes productos de alta calidad en diversas opciones de envasado y especificaciones.\r\n\r\n\u00a1Calidad, sabor y sostenibilidad: eso es lo que representa Lion Foods!","buttons":null,"media":{"choice":"image","toggle":false,"chosen_element":"","attributes":{"horizontal":"","vertical":"","custom_style_element_size":false,"min_element_size":"","style_element_size":50,"max_element_size":""},"image":"{\"original_image\":\"5746\",\"cropped_image\":{\"image\":\"2025\/03\/Gebakken-uitjes_USPs_ENG-1_x_acf_cropped.jpg\",\"preview\":\"2025\/03\/preview_Gebakken-uitjes_USPs_ENG-1_x_acf_cropped.jpg\"}}","platform":"vimeo","autoplay_toggle":false,"vimeo":"","youtube":"","upload_video_file":null},"type":"left","vertical_alignment":"top","heading_type":"h2","heading":"h2","text_color":"","padding":{"top":"m","bottom":"m"},"layout_bg_show_image":false,"background_color":"","layout_bg_overlay":"","layout_bg_image_desktop":null,"layout_bg_position_desktop":"center","layout_bg_image_mobile":null,"layout_bg_position_mobile":"center","title-transition":{"has_transition":false,"transition_type":"none","transition_offset":"","transition_delay":0},"intro-transition":{"has_transition":false,"transition_type":"none","transition_offset":"","transition_delay":0},"image-transition":{"has_transition":false,"transition_type":"none","transition_offset":"","transition_delay":0},"buttons-transition":{"has_transition":false,"transition_type":"none","transition_offset":"","transition_delay":0},"layout_custom_css":""},{"acf_fc_layout":"grid","pre_title":"","title":"Nuestras marcas","intro":"","layout_columns":"two","photo_format":"rectangle","show_readmore_link":true,"blocks":[{"image":"{\"original_image\":\"5602\",\"cropped_image\":{\"image\":\"2025\/02\/Crispy-Fried-Onions-400gr-1-1_579x353_acf_cropped.png\",\"preview\":\"2025\/02\/preview_Crispy-Fried-Onions-400gr-1-1_579x353_acf_cropped.png\"}}","title":"King Harvest","intro":"Empaques para venta minorista y servicios de alimentaci\u00f3n en varios idiomas. Si desea distribuirlos, cont\u00e1ctenos.","link":{"title":"Por favor cont\u00e1ctenos","url":"https:\/\/lionfoods.nl\/es\/contact\/","target":""}},{"image":"{\"original_image\":\"5407\",\"cropped_image\":{\"image\":\"2024\/08\/TOP-fried-onions-1_579x353_acf_cropped.jpg\",\"preview\":\"2024\/08\/preview_TOP-fried-onions-1_579x353_acf_cropped.jpg\"}}","title":"Private label","intro":"\u00bfSon nuestras cebollas crujientes la adici\u00f3n perfecta a su gama de productos? Estaremos encantados de explorar las posibilidades. Nuestros especialistas est\u00e1n listos para ayudarle.","link":{"title":"Por favor cont\u00e1ctenos","url":"https:\/\/lionfoods.nl\/es\/contact\/","target":""}}],"heading_type":"h2","heading":"h1","layout_text_align":"centered","background_color":"#f4f4f4","text_color":"","padding":{"top":"m","bottom":"m"},"pre-title-transition":{"has_transition":false,"transition_type":"none","transition_offset":0,"transition_delay":0},"title-transition":{"has_transition":false,"transition_type":"none","transition_offset":"","transition_delay":0},"intro-transition":{"has_transition":false,"transition_type":"none","transition_offset":"","transition_delay":0},"text-transition":{"has_transition":false,"transition_type":"none","transition_offset":"","transition_delay":0},"layout_custom_css":""},{"acf_fc_layout":"team","pre_title":"","title":"Por favor cont\u00e1ctenos","intro":"","view_format":"grid","layout_columns":"three","photo_format":"rectangle","blocks":[{"image":"{\"original_image\":\"5550\",\"cropped_image\":{\"image\":\"2025\/02\/Max_752x458_acf_cropped.jpg\",\"preview\":\"2025\/02\/preview_Max_752x458_acf_cropped.jpg\"}}","name":"Max van Hoek","role":"Export Sales Manager","info":"","email":"m.vanhoek@lionfoods.nl","phone":"+31(0)6 22 82 46 66","linkedin":"","link":""},{"image":"{\"original_image\":\"5554\",\"cropped_image\":{\"image\":\"2025\/02\/Cas_752x458_acf_cropped.jpg\",\"preview\":\"2025\/02\/preview_Cas_752x458_acf_cropped.jpg\"}}","name":"Cas Uijtenhaak","role":"Export Sales Manager","info":"","email":"c.uijtenhaak@lionfoods.nl","phone":"+31(0)6 20 63 41 36","linkedin":"","link":""},{"image":"{\"original_image\":\"5558\",\"cropped_image\":{\"image\":\"2025\/02\/Arie_752x458_acf_cropped.jpg\",\"preview\":\"2025\/02\/preview_Arie_752x458_acf_cropped.jpg\"}}","name":"Arie Pronk","role":"Export Sales Manager","info":"","email":"a.pronk@lionfoods.nl","phone":"+31(0)6 22 38 77 23","linkedin":"","link":""},{"image":"{\"original_image\":\"5562\",\"cropped_image\":{\"image\":\"2025\/02\/Rogier_752x458_acf_cropped.jpg\",\"preview\":\"2025\/02\/preview_Rogier_752x458_acf_cropped.jpg\"}}","name":"Rogier Janssen","role":"Export Sales Manager","info":"","email":"r.janssen@lionfoods.nl","phone":"+55 119 953 099 01","linkedin":"","link":""}],"heading_type":"h2","heading":"h2","layout_text_align":"centered","text_color":"","padding":{"top":"m","bottom":"m"},"layout_bg_show_image":false,"background_color":"","layout_bg_overlay":"","layout_bg_image_desktop":null,"layout_bg_position_desktop":"center","layout_bg_image_mobile":null,"layout_bg_position_mobile":"center","pre-title-transition":{"has_transition":false,"transition_type":"none","transition_offset":0,"transition_delay":0},"title-transition":{"has_transition":false,"transition_type":"none","transition_offset":"","transition_delay":0},"intro-transition":{"has_transition":false,"transition_type":"none","transition_offset":"","transition_delay":0},"text-transition":{"has_transition":false,"transition_type":"none","transition_offset":"","transition_delay":0},"layout_custom_css":""}]},"yoast_head":"<!-- This site is optimized with the Yoast SEO plugin v27.0 - https:\/\/yoast.com\/product\/yoast-seo-wordpress\/ -->\n<title>Producten - Lion Foods<\/title>\n<meta name=\"robots\" content=\"index, follow, max-snippet:-1, max-image-preview:large, max-video-preview:-1\" \/>\n<link rel=\"canonical\" href=\"https:\/\/lionfoods.nl\/es\/product\/\" \/>\n<meta property=\"og:locale\" content=\"es_ES\" \/>\n<meta property=\"og:type\" content=\"article\" \/>\n<meta property=\"og:title\" content=\"Compozer: Bouw je website in \u00e9\u00e9n dag!\" \/>\n<meta property=\"og:description\" content=\"Dit is de homepage\" \/>\n<meta property=\"og:url\" content=\"https:\/\/lionfoods.nl\/es\/product\/\" \/>\n<meta property=\"og:site_name\" content=\"Lion Foods\" \/>\n<meta property=\"article:modified_time\" content=\"2025-10-14T12:59:04+00:00\" \/>\n<meta name=\"twitter:card\" content=\"summary_large_image\" \/>\n<meta name=\"twitter:title\" content=\"Compozer: Bouw je website in \u00e9\u00e9n dag!\" \/>\n<meta name=\"twitter:label1\" content=\"Est. reading time\" \/>\n\t<meta name=\"twitter:data1\" content=\"2 minutes\" \/>\n<script type=\"application\/ld+json\" class=\"yoast-schema-graph\">{\"@context\":\"https:\/\/schema.org\",\"@graph\":[{\"@type\":\"WebPage\",\"@id\":\"https:\/\/lionfoods.nl\/es\/product\/\",\"url\":\"https:\/\/lionfoods.nl\/es\/product\/\",\"name\":\"Producten - Lion Foods\",\"isPartOf\":{\"@id\":\"https:\/\/lionfoods.nl\/#website\"},\"datePublished\":\"2024-04-02T13:10:41+00:00\",\"dateModified\":\"2025-10-14T12:59:04+00:00\",\"breadcrumb\":{\"@id\":\"https:\/\/lionfoods.nl\/es\/product\/#breadcrumb\"},\"inLanguage\":\"es-ES\",\"potentialAction\":[{\"@type\":\"ReadAction\",\"target\":[\"https:\/\/lionfoods.nl\/es\/product\/\"]}]},{\"@type\":\"BreadcrumbList\",\"@id\":\"https:\/\/lionfoods.nl\/es\/product\/#breadcrumb\",\"itemListElement\":[{\"@type\":\"ListItem\",\"position\":1,\"name\":\"Home\",\"item\":\"https:\/\/lionfoods.nl\/es\/\"},{\"@type\":\"ListItem\",\"position\":2,\"name\":\"Producten\"}]},{\"@type\":\"WebSite\",\"@id\":\"https:\/\/lionfoods.nl\/#website\",\"url\":\"https:\/\/lionfoods.nl\/\",\"name\":\"Lion Foods\",\"description\":\"\",\"publisher\":{\"@id\":\"https:\/\/lionfoods.nl\/#organization\"},\"potentialAction\":[{\"@type\":\"SearchAction\",\"target\":{\"@type\":\"EntryPoint\",\"urlTemplate\":\"https:\/\/lionfoods.nl\/?s={search_term_string}\"},\"query-input\":{\"@type\":\"PropertyValueSpecification\",\"valueRequired\":true,\"valueName\":\"search_term_string\"}}],\"inLanguage\":\"es-ES\"},{\"@type\":\"Organization\",\"@id\":\"https:\/\/lionfoods.nl\/#organization\",\"name\":\"Compozer\",\"url\":\"https:\/\/lionfoods.nl\/\",\"logo\":{\"@type\":\"ImageObject\",\"inLanguage\":\"es-ES\",\"@id\":\"https:\/\/lionfoods.nl\/#\/schema\/logo\/image\/\",\"url\":\"https:\/\/www.compozer.nl\/app\/uploads\/2021\/11\/logo-compozer_3.svg\",\"contentUrl\":\"https:\/\/www.compozer.nl\/app\/uploads\/2021\/11\/logo-compozer_3.svg\",\"width\":718,\"height\":257,\"caption\":\"Compozer\"},\"image\":{\"@id\":\"https:\/\/lionfoods.nl\/#\/schema\/logo\/image\/\"},\"sameAs\":[\"https:\/\/www.linkedin.com\/company\/compozer-nl\/\"]}]}<\/script>\n<!-- \/ Yoast SEO plugin. -->","yoast_head_json":{"title":"Producten - Lion Foods","robots":{"index":"index","follow":"follow","max-snippet":"max-snippet:-1","max-image-preview":"max-image-preview:large","max-video-preview":"max-video-preview:-1"},"canonical":"https:\/\/lionfoods.nl\/es\/product\/","og_locale":"es_ES","og_type":"article","og_title":"Compozer: Bouw je website in \u00e9\u00e9n dag!","og_description":"Dit is de homepage","og_url":"https:\/\/lionfoods.nl\/es\/product\/","og_site_name":"Lion Foods","article_modified_time":"2025-10-14T12:59:04+00:00","twitter_card":"summary_large_image","twitter_title":"Compozer: Bouw je website in \u00e9\u00e9n dag!","twitter_misc":{"Est. reading time":"2 minutes"},"schema":{"@context":"https:\/\/schema.org","@graph":[{"@type":"WebPage","@id":"https:\/\/lionfoods.nl\/es\/product\/","url":"https:\/\/lionfoods.nl\/es\/product\/","name":"Producten - Lion Foods","isPartOf":{"@id":"https:\/\/lionfoods.nl\/#website"},"datePublished":"2024-04-02T13:10:41+00:00","dateModified":"2025-10-14T12:59:04+00:00","breadcrumb":{"@id":"https:\/\/lionfoods.nl\/es\/product\/#breadcrumb"},"inLanguage":"es-ES","potentialAction":[{"@type":"ReadAction","target":["https:\/\/lionfoods.nl\/es\/product\/"]}]},{"@type":"BreadcrumbList","@id":"https:\/\/lionfoods.nl\/es\/product\/#breadcrumb","itemListElement":[{"@type":"ListItem","position":1,"name":"Home","item":"https:\/\/lionfoods.nl\/es\/"},{"@type":"ListItem","position":2,"name":"Producten"}]},{"@type":"WebSite","@id":"https:\/\/lionfoods.nl\/#website","url":"https:\/\/lionfoods.nl\/","name":"Lion Foods","description":"","publisher":{"@id":"https:\/\/lionfoods.nl\/#organization"},"potentialAction":[{"@type":"SearchAction","target":{"@type":"EntryPoint","urlTemplate":"https:\/\/lionfoods.nl\/?s={search_term_string}"},"query-input":{"@type":"PropertyValueSpecification","valueRequired":true,"valueName":"search_term_string"}}],"inLanguage":"es-ES"},{"@type":"Organization","@id":"https:\/\/lionfoods.nl\/#organization","name":"Compozer","url":"https:\/\/lionfoods.nl\/","logo":{"@type":"ImageObject","inLanguage":"es-ES","@id":"https:\/\/lionfoods.nl\/#\/schema\/logo\/image\/","url":"https:\/\/www.compozer.nl\/app\/uploads\/2021\/11\/logo-compozer_3.svg","contentUrl":"https:\/\/www.compozer.nl\/app\/uploads\/2021\/11\/logo-compozer_3.svg","width":718,"height":257,"caption":"Compozer"},"image":{"@id":"https:\/\/lionfoods.nl\/#\/schema\/logo\/image\/"},"sameAs":["https:\/\/www.linkedin.com\/company\/compozer-nl\/"]}]}},"_links":{"self":[{"href":"https:\/\/lionfoods.nl\/es\/wp-json\/wp\/v2\/pages\/5870","targetHints":{"allow":["GET"]}}],"collection":[{"href":"https:\/\/lionfoods.nl\/es\/wp-json\/wp\/v2\/pages"}],"about":[{"href":"https:\/\/lionfoods.nl\/es\/wp-json\/wp\/v2\/types\/page"}],"author":[{"embeddable":true,"href":"https:\/\/lionfoods.nl\/es\/wp-json\/wp\/v2\/users\/1"}],"replies":[{"embeddable":true,"href":"https:\/\/lionfoods.nl\/es\/wp-json\/wp\/v2\/comments?post=5870"}],"version-history":[{"count":3,"href":"https:\/\/lionfoods.nl\/es\/wp-json\/wp\/v2\/pages\/5870\/revisions"}],"predecessor-version":[{"id":5997,"href":"https:\/\/lionfoods.nl\/es\/wp-json\/wp\/v2\/pages\/5870\/revisions\/5997"}],"wp:attachment":[{"href":"https:\/\/lionfoods.nl\/es\/wp-json\/wp\/v2\/media?parent=5870"}],"curies":[{"name":"wp","href":"https:\/\/api.w.org\/{rel}","templated":true}]}}