{"id":5812,"date":"2018-12-13T11:09:31","date_gmt":"2018-12-13T10:09:31","guid":{"rendered":"https:\/\/lionfoods.nl\/bouw-je-website-in-een-dag\/"},"modified":"2025-07-31T12:35:57","modified_gmt":"2025-07-31T11:35:57","slug":"bouw-je-website-in-een-dag","status":"publish","type":"page","link":"https:\/\/lionfoods.nl\/fr\/","title":{"rendered":"Home"},"content":{"rendered":"<p>Dit is de homepage<\/p>\n","protected":false},"excerpt":{"rendered":"<p>Dit is de homepage<\/p>\n","protected":false},"author":1,"featured_media":0,"parent":0,"menu_order":45,"comment_status":"closed","ping_status":"closed","template":"","meta":{"_acf_changed":false,"footnotes":""},"class_list":["post-5812","page","type-page","status-publish","hentry"],"acf":{"flexible_content":[{"acf_fc_layout":"pageheader_default","header_media":"video","color_overlay":"rgba(0,0,0,0.3)","hovering_content":false,"platform_choice":"file","video":"rNlK2F2fsr0","upload_video_file":5567,"desktop":{"header_size":"large","fullscreen":null,"large":"{\"original_image\":\"4725\",\"cropped_image\":\"4725\"}","small":null},"mobile":{"header_size":"large","fullscreen":null,"large":"{\"original_image\":\"4725\",\"cropped_image\":{\"image\":\"2024\/04\/d3-shutterstock_583805455-1-1_450x420_acf_cropped.jpg\",\"preview\":\"2024\/04\/preview_d3-shutterstock_583805455-1-1_450x420_acf_cropped.jpg\"}}","small":null},"pre_title":"","header_title":" Oignons frits : cultiv\u00e9s localement, appr\u00e9ci\u00e9s dans le monde entier !","header_intro":"","header_btn-primary":{"header_btn-color":"is-primary","header_btn":{"title":"Nos produits","url":"https:\/\/lionfoods.compozer.nl\/product\/","target":""}},"header_btn-secondary":{"header_btn-color":"is-primary","header_btn":""},"header_btn-video":{"header_btn-color":"is-primary","header_btn":""},"layout_custom_css":""},{"acf_fc_layout":"feature","pre_title":"","title":"","intro":"Nos oignons frits sont disponibles dans plus de 80 pays sous diff\u00e9rentes marques. Lion Foods est le partenaire id\u00e9al des professionnels de la distribution, de la restauration et de l'industrie agroalimentaire.\r\n\r\nGr\u00e2ce \u00e0 nos ann\u00e9es de d\u00e9veloppement, d'am\u00e9lioration et d'expertise, nous sommes devenus le partenaire privil\u00e9gi\u00e9 des professionnels de l'alimentation du monde entier. Gr\u00e2ce \u00e0 notre approche personnalis\u00e9e, notre \u00e9quipe se fera un plaisir de vous accompagner dans la cr\u00e9ation de votre propre marque propre pour votre march\u00e9 local.\r\n\r\nLion Foods est un fournisseur agr\u00e9\u00e9 de plusieurs marques de restauration rapide ; nous disposons de toutes les informations n\u00e9cessaires pour accompagner les d\u00e9veloppeurs de produits dans leurs nouvelles cr\u00e9ations.\r\n\r\nNous misons sur les partenariats \u00e0 long terme et un accompagnement personnalis\u00e9.","buttons":null,"media":{"choice":"image","toggle":false,"chosen_element":"","attributes":{"horizontal":"","vertical":"","custom_style_element_size":false,"min_element_size":"","style_element_size":50,"max_element_size":""},"image":"{\"original_image\":\"5403\",\"cropped_image\":{\"image\":\"2025\/02\/Gebakken-uitjes-v2_x_acf_cropped.jpg\",\"preview\":\"2025\/02\/preview_Gebakken-uitjes-v2_x_acf_cropped.jpg\"}}","platform":"vimeo","autoplay_toggle":false,"vimeo":"","youtube":"","upload_video_file":null},"type":"left","vertical_alignment":"top","heading_type":"h2","heading":"h2","text_color":"","padding":{"top":"m","bottom":"m"},"layout_bg_show_image":false,"background_color":"","layout_bg_overlay":"","layout_bg_image_desktop":null,"layout_bg_position_desktop":"center","layout_bg_image_mobile":null,"layout_bg_position_mobile":"center","title-transition":{"has_transition":false,"transition_type":"none","transition_offset":"","transition_delay":0},"intro-transition":{"has_transition":false,"transition_type":"none","transition_offset":"","transition_delay":0},"image-transition":{"has_transition":false,"transition_type":"none","transition_offset":"","transition_delay":0},"buttons-transition":{"has_transition":false,"transition_type":"none","transition_offset":"","transition_delay":0},"layout_custom_css":""},{"acf_fc_layout":"feature","pre_title":"","title":"Partenariat mondial et marque priv\u00e9e","intro":"Nos oignons frits croustillants sont pr\u00e9sents dans les supermarch\u00e9s, les cuisines et les restaurants du monde entier. Des restaurants locaux aux plus grandes cha\u00eenes de burgers du monde, nous proposons une qualit\u00e9 premium dans plus de 80 pays.\r\n\r\nForts de nombreuses ann\u00e9es d'expertise, nous accompagnons les chefs et les professionnels de la restauration dans l'int\u00e9gration de nos produits dans leurs plats. Qu'il s'agisse d'une garniture parfaitement croustillante ou d'une touche gourmande, Lion Foods est le partenaire id\u00e9al pour vos oignons croustillants.\r\n\r\nNous proposons nos propres emballages, mais une marque distributeur est \u00e9galement possible.","buttons":null,"media":{"choice":"image","toggle":false,"chosen_element":"","attributes":{"horizontal":"","vertical":"","custom_style_element_size":false,"min_element_size":"","style_element_size":50,"max_element_size":""},"image":"{\"original_image\":\"5461\",\"cropped_image\":{\"image\":\"2024\/08\/TOP-onion-24-jan-575_x_acf_cropped-1.jpg\",\"preview\":\"2024\/08\/preview_TOP-onion-24-jan-575_x_acf_cropped-1.jpg\"}}","platform":"vimeo","autoplay_toggle":false,"vimeo":"","youtube":"","upload_video_file":null},"type":"right","vertical_alignment":"top","heading_type":"h2","heading":"h2","text_color":"","padding":{"top":"m","bottom":"m"},"layout_bg_show_image":false,"background_color":"","layout_bg_overlay":"","layout_bg_image_desktop":null,"layout_bg_position_desktop":"center","layout_bg_image_mobile":null,"layout_bg_position_mobile":"center","title-transition":{"has_transition":false,"transition_type":"none","transition_offset":"","transition_delay":0},"intro-transition":{"has_transition":false,"transition_type":"none","transition_offset":"","transition_delay":0},"image-transition":{"has_transition":false,"transition_type":"none","transition_offset":"","transition_delay":0},"buttons-transition":{"has_transition":false,"transition_type":"none","transition_offset":"","transition_delay":0},"layout_custom_css":""},{"acf_fc_layout":"feature","pre_title":"","title":"Les plus hautes exigences en mati\u00e8re de qualit\u00e9","intro":"Chez Lion Foods, nous ne produisons que le meilleur. Forts de plus de 25 ans d'exp\u00e9rience dans le domaine des oignons frits, nous savons exactement ce qu'il faut pour un croquant et une saveur parfaits. Nos produits r\u00e9pondent aux normes de qualit\u00e9 et de s\u00e9curit\u00e9 alimentaire les plus strictes. Nous sommes certifi\u00e9s IFS, BRCGS et RSPO.\r\n\r\nLa qualit\u00e9 ne s'arr\u00eate pas aux certifications. Nous continuons d'innover et d'investir dans les derni\u00e8res technologies pour optimiser nos processus et vous offrir les meilleurs produits.\r\n\r\nChoisissez la qualit\u00e9 premium. Choisissez Lion Foods.","buttons":null,"media":{"choice":"image","toggle":false,"chosen_element":"","attributes":{"horizontal":"","vertical":"","custom_style_element_size":false,"min_element_size":"","style_element_size":50,"max_element_size":""},"image":"{\"original_image\":\"4926\",\"cropped_image\":{\"image\":\"2025\/02\/EKF-OnionSpec-HR-20170413-004-e1738853044149_x_acf_cropped.jpg\",\"preview\":\"2025\/02\/preview_EKF-OnionSpec-HR-20170413-004-e1738853044149_x_acf_cropped.jpg\"}}","platform":"vimeo","autoplay_toggle":false,"vimeo":"","youtube":"","upload_video_file":null},"type":"left","vertical_alignment":"top","heading_type":"h2","heading":"h2","text_color":"","padding":{"top":"m","bottom":"m"},"layout_bg_show_image":false,"background_color":"","layout_bg_overlay":"","layout_bg_image_desktop":null,"layout_bg_position_desktop":"center","layout_bg_image_mobile":null,"layout_bg_position_mobile":"center","title-transition":{"has_transition":false,"transition_type":"none","transition_offset":"","transition_delay":0},"intro-transition":{"has_transition":false,"transition_type":"none","transition_offset":"","transition_delay":0},"image-transition":{"has_transition":false,"transition_type":"none","transition_offset":"","transition_delay":0},"buttons-transition":{"has_transition":false,"transition_type":"none","transition_offset":"","transition_delay":0},"layout_custom_css":""}]},"yoast_head":"<!-- This site is optimized with the Yoast SEO plugin v27.0 - https:\/\/yoast.com\/product\/yoast-seo-wordpress\/ -->\n<title>Home - Lion Foods<\/title>\n<meta name=\"robots\" content=\"index, follow, max-snippet:-1, max-image-preview:large, max-video-preview:-1\" \/>\n<link rel=\"canonical\" href=\"https:\/\/lionfoods.nl\/fr\/\" \/>\n<meta property=\"og:locale\" content=\"fr_FR\" \/>\n<meta property=\"og:type\" content=\"article\" \/>\n<meta property=\"og:title\" content=\"Compozer: Bouw je website in \u00e9\u00e9n dag!\" \/>\n<meta property=\"og:description\" content=\"Dit is de homepage\" \/>\n<meta property=\"og:url\" content=\"https:\/\/lionfoods.nl\/fr\/\" \/>\n<meta property=\"og:site_name\" content=\"Lion Foods\" \/>\n<meta property=\"article:modified_time\" content=\"2025-07-31T11:35:57+00:00\" \/>\n<meta name=\"twitter:card\" content=\"summary_large_image\" \/>\n<meta name=\"twitter:title\" content=\"Compozer: Bouw je website in \u00e9\u00e9n dag!\" \/>\n<meta name=\"twitter:label1\" content=\"Est. reading time\" \/>\n\t<meta name=\"twitter:data1\" content=\"2 minutes\" \/>\n<script type=\"application\/ld+json\" class=\"yoast-schema-graph\">{\"@context\":\"https:\/\/schema.org\",\"@graph\":[{\"@type\":\"WebPage\",\"@id\":\"https:\/\/lionfoods.nl\/fr\/\",\"url\":\"https:\/\/lionfoods.nl\/fr\/\",\"name\":\"Home - Lion Foods\",\"isPartOf\":{\"@id\":\"https:\/\/lionfoods.nl\/#website\"},\"datePublished\":\"2018-12-13T10:09:31+00:00\",\"dateModified\":\"2025-07-31T11:35:57+00:00\",\"breadcrumb\":{\"@id\":\"https:\/\/lionfoods.nl\/fr\/#breadcrumb\"},\"inLanguage\":\"fr-FR\",\"potentialAction\":[{\"@type\":\"ReadAction\",\"target\":[\"https:\/\/lionfoods.nl\/fr\/\"]}]},{\"@type\":\"BreadcrumbList\",\"@id\":\"https:\/\/lionfoods.nl\/fr\/#breadcrumb\",\"itemListElement\":[{\"@type\":\"ListItem\",\"position\":1,\"name\":\"Home\",\"item\":\"https:\/\/lionfoods.nl\/fr\/\"},{\"@type\":\"ListItem\",\"position\":2,\"name\":\"Home\"}]},{\"@type\":\"WebSite\",\"@id\":\"https:\/\/lionfoods.nl\/#website\",\"url\":\"https:\/\/lionfoods.nl\/\",\"name\":\"Lion Foods\",\"description\":\"\",\"publisher\":{\"@id\":\"https:\/\/lionfoods.nl\/#organization\"},\"potentialAction\":[{\"@type\":\"SearchAction\",\"target\":{\"@type\":\"EntryPoint\",\"urlTemplate\":\"https:\/\/lionfoods.nl\/?s={search_term_string}\"},\"query-input\":{\"@type\":\"PropertyValueSpecification\",\"valueRequired\":true,\"valueName\":\"search_term_string\"}}],\"inLanguage\":\"fr-FR\"},{\"@type\":\"Organization\",\"@id\":\"https:\/\/lionfoods.nl\/#organization\",\"name\":\"Compozer\",\"url\":\"https:\/\/lionfoods.nl\/\",\"logo\":{\"@type\":\"ImageObject\",\"inLanguage\":\"fr-FR\",\"@id\":\"https:\/\/lionfoods.nl\/#\/schema\/logo\/image\/\",\"url\":\"https:\/\/www.compozer.nl\/app\/uploads\/2021\/11\/logo-compozer_3.svg\",\"contentUrl\":\"https:\/\/www.compozer.nl\/app\/uploads\/2021\/11\/logo-compozer_3.svg\",\"width\":718,\"height\":257,\"caption\":\"Compozer\"},\"image\":{\"@id\":\"https:\/\/lionfoods.nl\/#\/schema\/logo\/image\/\"},\"sameAs\":[\"https:\/\/www.linkedin.com\/company\/compozer-nl\/\"]}]}<\/script>\n<!-- \/ Yoast SEO plugin. -->","yoast_head_json":{"title":"Home - Lion Foods","robots":{"index":"index","follow":"follow","max-snippet":"max-snippet:-1","max-image-preview":"max-image-preview:large","max-video-preview":"max-video-preview:-1"},"canonical":"https:\/\/lionfoods.nl\/fr\/","og_locale":"fr_FR","og_type":"article","og_title":"Compozer: Bouw je website in \u00e9\u00e9n dag!","og_description":"Dit is de homepage","og_url":"https:\/\/lionfoods.nl\/fr\/","og_site_name":"Lion Foods","article_modified_time":"2025-07-31T11:35:57+00:00","twitter_card":"summary_large_image","twitter_title":"Compozer: Bouw je website in \u00e9\u00e9n dag!","twitter_misc":{"Est. reading time":"2 minutes"},"schema":{"@context":"https:\/\/schema.org","@graph":[{"@type":"WebPage","@id":"https:\/\/lionfoods.nl\/fr\/","url":"https:\/\/lionfoods.nl\/fr\/","name":"Home - Lion Foods","isPartOf":{"@id":"https:\/\/lionfoods.nl\/#website"},"datePublished":"2018-12-13T10:09:31+00:00","dateModified":"2025-07-31T11:35:57+00:00","breadcrumb":{"@id":"https:\/\/lionfoods.nl\/fr\/#breadcrumb"},"inLanguage":"fr-FR","potentialAction":[{"@type":"ReadAction","target":["https:\/\/lionfoods.nl\/fr\/"]}]},{"@type":"BreadcrumbList","@id":"https:\/\/lionfoods.nl\/fr\/#breadcrumb","itemListElement":[{"@type":"ListItem","position":1,"name":"Home","item":"https:\/\/lionfoods.nl\/fr\/"},{"@type":"ListItem","position":2,"name":"Home"}]},{"@type":"WebSite","@id":"https:\/\/lionfoods.nl\/#website","url":"https:\/\/lionfoods.nl\/","name":"Lion Foods","description":"","publisher":{"@id":"https:\/\/lionfoods.nl\/#organization"},"potentialAction":[{"@type":"SearchAction","target":{"@type":"EntryPoint","urlTemplate":"https:\/\/lionfoods.nl\/?s={search_term_string}"},"query-input":{"@type":"PropertyValueSpecification","valueRequired":true,"valueName":"search_term_string"}}],"inLanguage":"fr-FR"},{"@type":"Organization","@id":"https:\/\/lionfoods.nl\/#organization","name":"Compozer","url":"https:\/\/lionfoods.nl\/","logo":{"@type":"ImageObject","inLanguage":"fr-FR","@id":"https:\/\/lionfoods.nl\/#\/schema\/logo\/image\/","url":"https:\/\/www.compozer.nl\/app\/uploads\/2021\/11\/logo-compozer_3.svg","contentUrl":"https:\/\/www.compozer.nl\/app\/uploads\/2021\/11\/logo-compozer_3.svg","width":718,"height":257,"caption":"Compozer"},"image":{"@id":"https:\/\/lionfoods.nl\/#\/schema\/logo\/image\/"},"sameAs":["https:\/\/www.linkedin.com\/company\/compozer-nl\/"]}]}},"_links":{"self":[{"href":"https:\/\/lionfoods.nl\/fr\/wp-json\/wp\/v2\/pages\/5812","targetHints":{"allow":["GET"]}}],"collection":[{"href":"https:\/\/lionfoods.nl\/fr\/wp-json\/wp\/v2\/pages"}],"about":[{"href":"https:\/\/lionfoods.nl\/fr\/wp-json\/wp\/v2\/types\/page"}],"author":[{"embeddable":true,"href":"https:\/\/lionfoods.nl\/fr\/wp-json\/wp\/v2\/users\/1"}],"replies":[{"embeddable":true,"href":"https:\/\/lionfoods.nl\/fr\/wp-json\/wp\/v2\/comments?post=5812"}],"version-history":[{"count":5,"href":"https:\/\/lionfoods.nl\/fr\/wp-json\/wp\/v2\/pages\/5812\/revisions"}],"predecessor-version":[{"id":5989,"href":"https:\/\/lionfoods.nl\/fr\/wp-json\/wp\/v2\/pages\/5812\/revisions\/5989"}],"wp:attachment":[{"href":"https:\/\/lionfoods.nl\/fr\/wp-json\/wp\/v2\/media?parent=5812"}],"curies":[{"name":"wp","href":"https:\/\/api.w.org\/{rel}","templated":true}]}}