{"id":5830,"date":"2024-08-16T08:28:35","date_gmt":"2024-08-16T07:28:35","guid":{"rendered":"https:\/\/lionfoods.nl\/ffo\/"},"modified":"2025-07-30T14:43:06","modified_gmt":"2025-07-30T13:43:06","slug":"ffo","status":"publish","type":"page","link":"https:\/\/lionfoods.nl\/fr\/ffo\/","title":{"rendered":"FFO"},"content":{"rendered":"","protected":false},"excerpt":{"rendered":"","protected":false},"author":1,"featured_media":0,"parent":0,"menu_order":8,"comment_status":"closed","ping_status":"closed","template":"","meta":{"_acf_changed":false,"footnotes":""},"class_list":["post-5830","page","type-page","status-publish","hentry"],"acf":{"flexible_content":[{"acf_fc_layout":"pageheader_default","header_media":"image","color_overlay":"rgba(0,0,0,0.1)","hovering_content":true,"platform_choice":"image","video":"","upload_video_file":null,"desktop":{"header_size":"large","fullscreen":null,"large":"{\"original_image\":\"5010\",\"cropped_image\":{\"image\":\"2024\/08\/Top-Onions-food-sept-2023-281_1600x700_acf_cropped.jpg\",\"preview\":\"2024\/08\/preview_Top-Onions-food-sept-2023-281_1600x700_acf_cropped.jpg\"}}","small":"{\"original_image\":\"4725\",\"cropped_image\":\"4725\"}"},"mobile":{"header_size":"large","fullscreen":null,"large":"{\"original_image\":\"5010\",\"cropped_image\":{\"image\":\"2024\/08\/Top-Onions-food-sept-2023-281_450x420_acf_cropped.jpg\",\"preview\":\"2024\/08\/preview_Top-Onions-food-sept-2023-281_450x420_acf_cropped.jpg\"}}","small":"{\"original_image\":\"4725\",\"cropped_image\":{\"image\":\"2024\/08\/d3-shutterstock_583805455-1-1_450x210_acf_cropped.jpg\",\"preview\":\"2024\/08\/preview_d3-shutterstock_583805455-1-1_450x210_acf_cropped.jpg\"}}"},"pre_title":"","header_title":"FFO","header_intro":"Les oignons frits sont une d\u00e9licieuse variante des c\u00e9l\u00e8bres oignons frits. Avec des morceaux l\u00e9g\u00e8rement plus gros, une saveur douce et aromatique et une texture l\u00e9g\u00e8re. Et bien s\u00fbr, croustillants. Ingr\u00e9dient indispensable du \u00ab green bean cocotte \u00bb, un plat am\u00e9ricain typique, ils sont \u00e9galement d\u00e9licieux dans de nombreux autres plats, notamment sur les hot-dogs, les hamburgers, les salades, les soupes, les sandwichs et bien plus encore ! Une garniture fantastique, les possibilit\u00e9s sont presque infinies. Les oignons frits sont conditionn\u00e9s en barquettes et en sacs de 120 grammes \u00e0 10 kg. Gr\u00e2ce \u00e0 nos diff\u00e9rents points de vente dans le monde entier, nous garantissons la disponibilit\u00e9 des oignons et r\u00e9pondons rapidement aux demandes de nos clients.","header_btn-primary":{"header_btn-color":"is-primary","header_btn":""},"header_btn-secondary":{"header_btn-color":"is-primary","header_btn":""},"header_btn-video":{"header_btn-color":"is-primary","header_btn":""},"layout_custom_css":""},{"acf_fc_layout":"wysiwyg_sidebar","pre_title":"","title":"","intro":"Envie d'agr\u00e9menter vos plats avec de d\u00e9licieux oignons frits ? Ou souhaitez-vous vendre des oignons frits de haute qualit\u00e9 aux restaurants ou aux supermarch\u00e9s ? Lion Foods fournit des oignons frits provenant des Pays-Bas.\r\n\r\nApportez une touche d'originalit\u00e9 \u00e0 vos plats avec des oignons frits.\r\n\r\nLes oignons frits Lion Foods sont toujours pr\u00eats \u00e0 l'emploi. Cela vous offre, \u00e0 vous et \u00e0 vos clients, un confort suppl\u00e9mentaire pour pr\u00e9parer de d\u00e9licieux plats. Les oignons frits agr\u00e9mentent \u00e9galement de nombreux plats (asiatiques), comme les hot-dogs et les hamburgers. Ils rehaussent \u00e9galement la saveur des salades, soupes, sandwichs et bien plus encore ! Une garniture fantastique : les possibilit\u00e9s sont presque infinies.\r\n\r\nCommander des oignons frits chez Lion Foods : les avantages\r\n\r\nNous fournissons des oignons frits de la plus haute qualit\u00e9, car une grande partie de ceux que nous utilisons sont cultiv\u00e9s par Lion Foods. Cela nous permet de garantir une excellente qualit\u00e9 et un approvisionnement fiable. Une fois r\u00e9colt\u00e9s, les oignons sont pel\u00e9s, lav\u00e9s et hach\u00e9s. Pour un croustillant optimal, ils sont pan\u00e9s puis transform\u00e9s. Le r\u00e9sultat final est un produit sans colorants, ar\u00f4mes ni parfums artificiels. 100 % naturel !\r\n\r\nDiff\u00e9rentes vari\u00e9t\u00e9s d'oignons frits pour chaque plat\r\n\r\nNous produisons \u00e9galement nos oignons frits de mani\u00e8re biologique et sans gluten.\r\n\r\nNos produits sont appr\u00e9ci\u00e9s dans le monde entier et sont propos\u00e9s aux clients de la restauration, de l'industrie et de la distribution. Notre organisation robuste et flexible nous permet de r\u00e9pondre \u00e0 tous vos besoins.","content":"Wilt u uw gerechten verrijken met heerlijke French fried onions? Of wilt u French fried onions van kwaliteit verkopen aan bijvoorbeeld restaurants of supermarkten? Lion Foods levert de French fried onions van Nederlandse bodem.\r\n<h3>Geef gerechten iets extra\u2019s met French fried onions<\/h3>\r\nDe French fried onions van Lion Foods zijn altijd direct te gebruiken. Dit biedt u of uw klanten extra gemak bij het klaarmaken van de lekkerste gerechten. Hiernaast zijn French fried onions bij veel (Aziatische) gerechten een lekkere toevoeging. Denk bijvoorbeeld aan hotdogs en hamburgers. Ze verhogen ook de smaak van salades, soepen, belegde broodjes en nog veel meer! Een fantastische topping, de mogelijkheden zijn bijna onbeperkt.\r\n<h3>Gebakken uitjes bestellen bij Lion Foods: de voordelen<\/h3>\r\nWij leveren de beste kwaliteit gebakken uitjes, doordat veel van de uien die we gebruiken zijn door Lion Foods zelf geteeld. Hierdoor kunnen we garant staan voor een goede kwaliteit en leveringszekerheid. Eenmaal geoogst worden de uien ontdaan van de schil, gewassen en gesneden. Om een maximaal krokant resultaat te behalen worden de gesneden uien door een beslag gehaald en gaan ze verder het bereidingsproces in. Het eindresultaat is een product zonder kleur-, geur- of smaakstoffen. 100% natuurlijk!\r\n<h3>Diverse soorten gebakken uitjes voor elk gerecht<\/h3>\r\nWe produceren onze French fried onions ook biologisch en glutenvrij.\r\n\r\nOnze producten worden over de hele wereld gewaardeerd en worden geleverd aan klanten in Foodservice, Industrie en Retail. Door onze solide en flexibele organisatie zijn wij in staat om aan al uw wensen te voldoen.","heading_type":"h2","heading":"h2","layout_text_align":"centered","text_color":"","padding":{"top":"m","bottom":"m"},"layout_bg_show_image":false,"background_color":"","layout_bg_overlay":"","layout_bg_image_desktop":null,"layout_bg_position_desktop":"center","layout_bg_image_mobile":null,"layout_bg_position_mobile":"center","pre-title-transition":{"has_transition":false,"transition_type":"none","transition_offset":0,"transition_delay":0},"title-transition":{"has_transition":false,"transition_type":"none","transition_offset":"","transition_delay":0},"intro-transition":{"has_transition":false,"transition_type":"none","transition_offset":"","transition_delay":0},"text-transition":{"has_transition":false,"transition_type":"none","transition_offset":"","transition_delay":0},"layout_custom_css":""}]},"yoast_head":"<!-- This site is optimized with the Yoast SEO plugin v27.0 - https:\/\/yoast.com\/product\/yoast-seo-wordpress\/ -->\n<title>FFO - Lion Foods<\/title>\n<meta name=\"robots\" content=\"index, follow, max-snippet:-1, max-image-preview:large, max-video-preview:-1\" \/>\n<link rel=\"canonical\" href=\"https:\/\/lionfoods.nl\/fr\/ffo\/\" \/>\n<meta property=\"og:locale\" content=\"fr_FR\" \/>\n<meta property=\"og:type\" content=\"article\" \/>\n<meta property=\"og:title\" content=\"FFO - Lion Foods\" \/>\n<meta property=\"og:url\" content=\"https:\/\/lionfoods.nl\/fr\/ffo\/\" \/>\n<meta property=\"og:site_name\" content=\"Lion Foods\" \/>\n<meta property=\"article:modified_time\" content=\"2025-07-30T13:43:06+00:00\" \/>\n<meta name=\"twitter:card\" content=\"summary_large_image\" \/>\n<meta name=\"twitter:label1\" content=\"Est. reading time\" \/>\n\t<meta name=\"twitter:data1\" content=\"3 minutes\" \/>\n<script type=\"application\/ld+json\" class=\"yoast-schema-graph\">{\"@context\":\"https:\/\/schema.org\",\"@graph\":[{\"@type\":\"WebPage\",\"@id\":\"https:\/\/lionfoods.nl\/fr\/ffo\/\",\"url\":\"https:\/\/lionfoods.nl\/fr\/ffo\/\",\"name\":\"FFO - Lion Foods\",\"isPartOf\":{\"@id\":\"https:\/\/lionfoods.nl\/#website\"},\"datePublished\":\"2024-08-16T07:28:35+00:00\",\"dateModified\":\"2025-07-30T13:43:06+00:00\",\"breadcrumb\":{\"@id\":\"https:\/\/lionfoods.nl\/fr\/ffo\/#breadcrumb\"},\"inLanguage\":\"fr-FR\",\"potentialAction\":[{\"@type\":\"ReadAction\",\"target\":[\"https:\/\/lionfoods.nl\/fr\/ffo\/\"]}]},{\"@type\":\"BreadcrumbList\",\"@id\":\"https:\/\/lionfoods.nl\/fr\/ffo\/#breadcrumb\",\"itemListElement\":[{\"@type\":\"ListItem\",\"position\":1,\"name\":\"Home\",\"item\":\"https:\/\/lionfoods.nl\/fr\/\"},{\"@type\":\"ListItem\",\"position\":2,\"name\":\"FFO\"}]},{\"@type\":\"WebSite\",\"@id\":\"https:\/\/lionfoods.nl\/#website\",\"url\":\"https:\/\/lionfoods.nl\/\",\"name\":\"Lion Foods\",\"description\":\"\",\"publisher\":{\"@id\":\"https:\/\/lionfoods.nl\/#organization\"},\"potentialAction\":[{\"@type\":\"SearchAction\",\"target\":{\"@type\":\"EntryPoint\",\"urlTemplate\":\"https:\/\/lionfoods.nl\/?s={search_term_string}\"},\"query-input\":{\"@type\":\"PropertyValueSpecification\",\"valueRequired\":true,\"valueName\":\"search_term_string\"}}],\"inLanguage\":\"fr-FR\"},{\"@type\":\"Organization\",\"@id\":\"https:\/\/lionfoods.nl\/#organization\",\"name\":\"Compozer\",\"url\":\"https:\/\/lionfoods.nl\/\",\"logo\":{\"@type\":\"ImageObject\",\"inLanguage\":\"fr-FR\",\"@id\":\"https:\/\/lionfoods.nl\/#\/schema\/logo\/image\/\",\"url\":\"https:\/\/www.compozer.nl\/app\/uploads\/2021\/11\/logo-compozer_3.svg\",\"contentUrl\":\"https:\/\/www.compozer.nl\/app\/uploads\/2021\/11\/logo-compozer_3.svg\",\"width\":718,\"height\":257,\"caption\":\"Compozer\"},\"image\":{\"@id\":\"https:\/\/lionfoods.nl\/#\/schema\/logo\/image\/\"},\"sameAs\":[\"https:\/\/www.linkedin.com\/company\/compozer-nl\/\"]}]}<\/script>\n<!-- \/ Yoast SEO plugin. -->","yoast_head_json":{"title":"FFO - Lion Foods","robots":{"index":"index","follow":"follow","max-snippet":"max-snippet:-1","max-image-preview":"max-image-preview:large","max-video-preview":"max-video-preview:-1"},"canonical":"https:\/\/lionfoods.nl\/fr\/ffo\/","og_locale":"fr_FR","og_type":"article","og_title":"FFO - Lion Foods","og_url":"https:\/\/lionfoods.nl\/fr\/ffo\/","og_site_name":"Lion Foods","article_modified_time":"2025-07-30T13:43:06+00:00","twitter_card":"summary_large_image","twitter_misc":{"Est. reading time":"3 minutes"},"schema":{"@context":"https:\/\/schema.org","@graph":[{"@type":"WebPage","@id":"https:\/\/lionfoods.nl\/fr\/ffo\/","url":"https:\/\/lionfoods.nl\/fr\/ffo\/","name":"FFO - Lion Foods","isPartOf":{"@id":"https:\/\/lionfoods.nl\/#website"},"datePublished":"2024-08-16T07:28:35+00:00","dateModified":"2025-07-30T13:43:06+00:00","breadcrumb":{"@id":"https:\/\/lionfoods.nl\/fr\/ffo\/#breadcrumb"},"inLanguage":"fr-FR","potentialAction":[{"@type":"ReadAction","target":["https:\/\/lionfoods.nl\/fr\/ffo\/"]}]},{"@type":"BreadcrumbList","@id":"https:\/\/lionfoods.nl\/fr\/ffo\/#breadcrumb","itemListElement":[{"@type":"ListItem","position":1,"name":"Home","item":"https:\/\/lionfoods.nl\/fr\/"},{"@type":"ListItem","position":2,"name":"FFO"}]},{"@type":"WebSite","@id":"https:\/\/lionfoods.nl\/#website","url":"https:\/\/lionfoods.nl\/","name":"Lion Foods","description":"","publisher":{"@id":"https:\/\/lionfoods.nl\/#organization"},"potentialAction":[{"@type":"SearchAction","target":{"@type":"EntryPoint","urlTemplate":"https:\/\/lionfoods.nl\/?s={search_term_string}"},"query-input":{"@type":"PropertyValueSpecification","valueRequired":true,"valueName":"search_term_string"}}],"inLanguage":"fr-FR"},{"@type":"Organization","@id":"https:\/\/lionfoods.nl\/#organization","name":"Compozer","url":"https:\/\/lionfoods.nl\/","logo":{"@type":"ImageObject","inLanguage":"fr-FR","@id":"https:\/\/lionfoods.nl\/#\/schema\/logo\/image\/","url":"https:\/\/www.compozer.nl\/app\/uploads\/2021\/11\/logo-compozer_3.svg","contentUrl":"https:\/\/www.compozer.nl\/app\/uploads\/2021\/11\/logo-compozer_3.svg","width":718,"height":257,"caption":"Compozer"},"image":{"@id":"https:\/\/lionfoods.nl\/#\/schema\/logo\/image\/"},"sameAs":["https:\/\/www.linkedin.com\/company\/compozer-nl\/"]}]}},"_links":{"self":[{"href":"https:\/\/lionfoods.nl\/fr\/wp-json\/wp\/v2\/pages\/5830","targetHints":{"allow":["GET"]}}],"collection":[{"href":"https:\/\/lionfoods.nl\/fr\/wp-json\/wp\/v2\/pages"}],"about":[{"href":"https:\/\/lionfoods.nl\/fr\/wp-json\/wp\/v2\/types\/page"}],"author":[{"embeddable":true,"href":"https:\/\/lionfoods.nl\/fr\/wp-json\/wp\/v2\/users\/1"}],"replies":[{"embeddable":true,"href":"https:\/\/lionfoods.nl\/fr\/wp-json\/wp\/v2\/comments?post=5830"}],"version-history":[{"count":1,"href":"https:\/\/lionfoods.nl\/fr\/wp-json\/wp\/v2\/pages\/5830\/revisions"}],"predecessor-version":[{"id":5942,"href":"https:\/\/lionfoods.nl\/fr\/wp-json\/wp\/v2\/pages\/5830\/revisions\/5942"}],"wp:attachment":[{"href":"https:\/\/lionfoods.nl\/fr\/wp-json\/wp\/v2\/media?parent=5830"}],"curies":[{"name":"wp","href":"https:\/\/api.w.org\/{rel}","templated":true}]}}