{"id":5834,"date":"2024-08-16T08:01:03","date_gmt":"2024-08-16T07:01:03","guid":{"rendered":"https:\/\/lionfoods.nl\/cfo\/"},"modified":"2025-07-30T14:46:51","modified_gmt":"2025-07-30T13:46:51","slug":"cfo","status":"publish","type":"page","link":"https:\/\/lionfoods.nl\/fr\/cfo\/","title":{"rendered":"CFO"},"content":{"rendered":"","protected":false},"excerpt":{"rendered":"","protected":false},"author":1,"featured_media":0,"parent":0,"menu_order":13,"comment_status":"closed","ping_status":"closed","template":"","meta":{"_acf_changed":false,"footnotes":""},"class_list":["post-5834","page","type-page","status-publish","hentry"],"acf":{"flexible_content":[{"acf_fc_layout":"pageheader_default","header_media":"image","color_overlay":"rgba(0,0,0,0.1)","hovering_content":true,"platform_choice":"image","video":"","upload_video_file":null,"desktop":{"header_size":"large","fullscreen":null,"large":"{\"original_image\":\"5004\",\"cropped_image\":{\"image\":\"2024\/08\/Top-Onions-food-sept-2023-113_1600x700_acf_cropped.jpg\",\"preview\":\"2024\/08\/preview_Top-Onions-food-sept-2023-113_1600x700_acf_cropped.jpg\"}}","small":"{\"original_image\":\"4725\",\"cropped_image\":\"4725\"}"},"mobile":{"header_size":"large","fullscreen":null,"large":"{\"original_image\":\"5004\",\"cropped_image\":{\"image\":\"2024\/08\/Top-Onions-food-sept-2023-113_450x420_acf_cropped.jpg\",\"preview\":\"2024\/08\/preview_Top-Onions-food-sept-2023-113_450x420_acf_cropped.jpg\"}}","small":"{\"original_image\":\"4725\",\"cropped_image\":{\"image\":\"2024\/08\/d3-shutterstock_583805455-1-1_450x210_acf_cropped.jpg\",\"preview\":\"2024\/08\/preview_d3-shutterstock_583805455-1-1_450x210_acf_cropped.jpg\"}}"},"pre_title":"","header_title":"CFO","header_intro":"De plus en plus de consommateurs d\u00e9couvrent nos oignons frits (CFO) comme le moyen id\u00e9al d'agr\u00e9menter leurs plats. Leur croquant caract\u00e9ristique et leur saveur aromatique ajoutent une touche d'originalit\u00e9. Du riz indon\u00e9sien \u00e0 une d\u00e9licieuse salade : chaque repas doit \u00eatre une petite f\u00eate. Pouvons-nous vous aider ? Vous souhaitez rehausser vos plats avec de d\u00e9licieux oignons frits ? Ou souhaitez-vous vendre des oignons frits de haute qualit\u00e9 aux restaurants ou aux supermarch\u00e9s, par exemple ? Lion Foods fournit les meilleurs oignons frits des Pays-Bas.","header_btn-primary":{"header_btn-color":"is-primary","header_btn":""},"header_btn-secondary":{"header_btn-color":"is-primary","header_btn":""},"header_btn-video":{"header_btn-color":"is-primary","header_btn":""},"layout_custom_css":""},{"acf_fc_layout":"wysiwyg_sidebar","pre_title":"","title":"","intro":"","content":"Envie d'agr\u00e9menter vos plats avec de d\u00e9licieux oignons frits ? Ou souhaitez-vous vendre des oignons frits de haute qualit\u00e9 aux restaurants ou aux supermarch\u00e9s ? Lion Foods vous propose les meilleurs oignons frits des Pays-Bas.\r\n\r\nRehaussez vos plats avec des oignons frits.\r\n\r\nLes oignons frits Lion Foods sont toujours pr\u00eats \u00e0 l'emploi. Cela vous offre, \u00e0 vous et \u00e0 vos clients, un confort suppl\u00e9mentaire pour pr\u00e9parer de d\u00e9licieux plats. Les oignons frits agr\u00e9mentent \u00e9galement de nombreux plats, comme les salades, les soupes, les rago\u00fbts ou les plats de riz. Avec des oignons frits, vous pouvez r\u00e9ussir de nombreux plats.\r\n\r\nCommander des oignons frits chez Lion Foods : les avantages\r\n\r\nNous fournissons des oignons frits de la plus haute qualit\u00e9 car :\r\n\r\nNous ma\u00eetrisons l'int\u00e9gralit\u00e9 du processus de production, de la culture de l'oignon au produit final. Vous achetez donc toujours des oignons frits de la plus haute qualit\u00e9 chez nous.\r\n\r\nLes oignons r\u00e9pondent aux normes de qualit\u00e9 requises. Des audits r\u00e9guliers nous permettent de garantir que tous nos produits, y compris les oignons frits, sont contr\u00f4l\u00e9s.\r\n\r\nNos produits sont v\u00e9ganes ou halal. Lion Foods propose une grande vari\u00e9t\u00e9 d'oignons frits pour chaque plat.\r\n\r\nNos oignons frits sont toujours v\u00e9ganes et halal. Nous proposons \u00e9galement des oignons frits sans gluten, des oignons frits bio et des oignons au bacon. Avec les oignons Lion Foods, cr\u00e9ez ce que vous voulez.","heading_type":"h2","heading":"h2","layout_text_align":"centered","text_color":"","padding":{"top":"m","bottom":"m"},"layout_bg_show_image":false,"background_color":"","layout_bg_overlay":"","layout_bg_image_desktop":null,"layout_bg_position_desktop":"center","layout_bg_image_mobile":null,"layout_bg_position_mobile":"center","pre-title-transition":{"has_transition":false,"transition_type":"none","transition_offset":0,"transition_delay":0},"title-transition":{"has_transition":false,"transition_type":"none","transition_offset":"","transition_delay":0},"intro-transition":{"has_transition":false,"transition_type":"none","transition_offset":"","transition_delay":0},"text-transition":{"has_transition":false,"transition_type":"none","transition_offset":"","transition_delay":0},"layout_custom_css":""},{"acf_fc_layout":"gallery","images":[{"image":"{\"original_image\":5050,\"cropped_image\":{\"image\":\"2024\/08\/Top-Onions-food-sept-2023-443_1280x800_acf_cropped-1.jpg\",\"preview\":\"2024\/08\/preview_Top-Onions-food-sept-2023-443_1280x800_acf_cropped-1.jpg\"}}"},{"image":"{\"original_image\":5081,\"cropped_image\":{\"image\":\"2024\/08\/Top-Onions-food-sept-2023-1141_1280x800_acf_cropped-1.jpg\",\"preview\":\"2024\/08\/preview_Top-Onions-food-sept-2023-1141_1280x800_acf_cropped-1.jpg\"}}"},{"image":"{\"original_image\":5035,\"cropped_image\":{\"image\":\"2024\/08\/Top-Onions-food-sept-2023-515_1280x800_acf_cropped-1.jpg\",\"preview\":\"2024\/08\/preview_Top-Onions-food-sept-2023-515_1280x800_acf_cropped-1.jpg\"}}"},{"image":"{\"original_image\":5045,\"cropped_image\":{\"image\":\"2024\/08\/Top-Onions-food-sept-2023-679_1280x800_acf_cropped-1.jpg\",\"preview\":\"2024\/08\/preview_Top-Onions-food-sept-2023-679_1280x800_acf_cropped-1.jpg\"}}"},{"image":"{\"original_image\":\"5104\",\"cropped_image\":{\"image\":\"2024\/08\/Top-onion-group-fotoshoot-11-01-23-653_BEW_1280x800_acf_cropped.jpg\",\"preview\":\"2024\/08\/preview_Top-onion-group-fotoshoot-11-01-23-653_BEW_1280x800_acf_cropped.jpg\"}}"},{"image":"{\"original_image\":5065,\"cropped_image\":{\"image\":\"2024\/08\/Top-Onions-food-sept-2023-946_1280x800_acf_cropped-1.jpg\",\"preview\":\"2024\/08\/preview_Top-Onions-food-sept-2023-946_1280x800_acf_cropped-1.jpg\"}}"},{"image":"{\"original_image\":\"5504\",\"cropped_image\":{\"image\":\"2024\/08\/TOP-onions-Mexicaans-6_1280x800_acf_cropped.jpg\",\"preview\":\"2024\/08\/preview_TOP-onions-Mexicaans-6_1280x800_acf_cropped.jpg\"}}"},{"image":"{\"original_image\":\"5508\",\"cropped_image\":{\"image\":\"2024\/08\/TOP-onions-Mexicaans-14_1280x800_acf_cropped.jpg\",\"preview\":\"2024\/08\/preview_TOP-onions-Mexicaans-14_1280x800_acf_cropped.jpg\"}}"}],"show_nav_arrows":true,"item_count":"5","columns":"10","full_width":true,"show_pagination":false,"text_color":"","automatic_sliding":false,"automatic_time":2500,"padding":{"top":"m","bottom":"m"},"layout_bg_show_image":false,"background_color":"","layout_bg_overlay":"","layout_bg_image_desktop":null,"layout_bg_position_desktop":"center","layout_bg_image_mobile":null,"layout_bg_position_mobile":"center","image-transition":{"has_transition":false,"transition_type":"none","transition_offset":"","transition_delay":0},"layout_custom_css":""}]},"yoast_head":"<!-- This site is optimized with the Yoast SEO plugin v27.0 - https:\/\/yoast.com\/product\/yoast-seo-wordpress\/ -->\n<title>CFO - Lion Foods<\/title>\n<meta name=\"robots\" content=\"index, follow, max-snippet:-1, max-image-preview:large, max-video-preview:-1\" \/>\n<link rel=\"canonical\" href=\"https:\/\/lionfoods.nl\/fr\/cfo\/\" \/>\n<meta property=\"og:locale\" content=\"fr_FR\" \/>\n<meta property=\"og:type\" content=\"article\" \/>\n<meta property=\"og:title\" content=\"CFO - Lion Foods\" \/>\n<meta property=\"og:url\" content=\"https:\/\/lionfoods.nl\/fr\/cfo\/\" \/>\n<meta property=\"og:site_name\" content=\"Lion Foods\" \/>\n<meta property=\"article:modified_time\" content=\"2025-07-30T13:46:51+00:00\" \/>\n<meta name=\"twitter:card\" content=\"summary_large_image\" \/>\n<meta name=\"twitter:label1\" content=\"Est. reading time\" \/>\n\t<meta name=\"twitter:data1\" content=\"2 minutes\" \/>\n<script type=\"application\/ld+json\" class=\"yoast-schema-graph\">{\"@context\":\"https:\/\/schema.org\",\"@graph\":[{\"@type\":\"WebPage\",\"@id\":\"https:\/\/lionfoods.nl\/fr\/cfo\/\",\"url\":\"https:\/\/lionfoods.nl\/fr\/cfo\/\",\"name\":\"CFO - Lion Foods\",\"isPartOf\":{\"@id\":\"https:\/\/lionfoods.nl\/#website\"},\"datePublished\":\"2024-08-16T07:01:03+00:00\",\"dateModified\":\"2025-07-30T13:46:51+00:00\",\"breadcrumb\":{\"@id\":\"https:\/\/lionfoods.nl\/fr\/cfo\/#breadcrumb\"},\"inLanguage\":\"fr-FR\",\"potentialAction\":[{\"@type\":\"ReadAction\",\"target\":[\"https:\/\/lionfoods.nl\/fr\/cfo\/\"]}]},{\"@type\":\"BreadcrumbList\",\"@id\":\"https:\/\/lionfoods.nl\/fr\/cfo\/#breadcrumb\",\"itemListElement\":[{\"@type\":\"ListItem\",\"position\":1,\"name\":\"Home\",\"item\":\"https:\/\/lionfoods.nl\/fr\/\"},{\"@type\":\"ListItem\",\"position\":2,\"name\":\"CFO\"}]},{\"@type\":\"WebSite\",\"@id\":\"https:\/\/lionfoods.nl\/#website\",\"url\":\"https:\/\/lionfoods.nl\/\",\"name\":\"Lion Foods\",\"description\":\"\",\"publisher\":{\"@id\":\"https:\/\/lionfoods.nl\/#organization\"},\"potentialAction\":[{\"@type\":\"SearchAction\",\"target\":{\"@type\":\"EntryPoint\",\"urlTemplate\":\"https:\/\/lionfoods.nl\/?s={search_term_string}\"},\"query-input\":{\"@type\":\"PropertyValueSpecification\",\"valueRequired\":true,\"valueName\":\"search_term_string\"}}],\"inLanguage\":\"fr-FR\"},{\"@type\":\"Organization\",\"@id\":\"https:\/\/lionfoods.nl\/#organization\",\"name\":\"Compozer\",\"url\":\"https:\/\/lionfoods.nl\/\",\"logo\":{\"@type\":\"ImageObject\",\"inLanguage\":\"fr-FR\",\"@id\":\"https:\/\/lionfoods.nl\/#\/schema\/logo\/image\/\",\"url\":\"https:\/\/www.compozer.nl\/app\/uploads\/2021\/11\/logo-compozer_3.svg\",\"contentUrl\":\"https:\/\/www.compozer.nl\/app\/uploads\/2021\/11\/logo-compozer_3.svg\",\"width\":718,\"height\":257,\"caption\":\"Compozer\"},\"image\":{\"@id\":\"https:\/\/lionfoods.nl\/#\/schema\/logo\/image\/\"},\"sameAs\":[\"https:\/\/www.linkedin.com\/company\/compozer-nl\/\"]}]}<\/script>\n<!-- \/ Yoast SEO plugin. -->","yoast_head_json":{"title":"CFO - Lion Foods","robots":{"index":"index","follow":"follow","max-snippet":"max-snippet:-1","max-image-preview":"max-image-preview:large","max-video-preview":"max-video-preview:-1"},"canonical":"https:\/\/lionfoods.nl\/fr\/cfo\/","og_locale":"fr_FR","og_type":"article","og_title":"CFO - Lion Foods","og_url":"https:\/\/lionfoods.nl\/fr\/cfo\/","og_site_name":"Lion Foods","article_modified_time":"2025-07-30T13:46:51+00:00","twitter_card":"summary_large_image","twitter_misc":{"Est. reading time":"2 minutes"},"schema":{"@context":"https:\/\/schema.org","@graph":[{"@type":"WebPage","@id":"https:\/\/lionfoods.nl\/fr\/cfo\/","url":"https:\/\/lionfoods.nl\/fr\/cfo\/","name":"CFO - Lion Foods","isPartOf":{"@id":"https:\/\/lionfoods.nl\/#website"},"datePublished":"2024-08-16T07:01:03+00:00","dateModified":"2025-07-30T13:46:51+00:00","breadcrumb":{"@id":"https:\/\/lionfoods.nl\/fr\/cfo\/#breadcrumb"},"inLanguage":"fr-FR","potentialAction":[{"@type":"ReadAction","target":["https:\/\/lionfoods.nl\/fr\/cfo\/"]}]},{"@type":"BreadcrumbList","@id":"https:\/\/lionfoods.nl\/fr\/cfo\/#breadcrumb","itemListElement":[{"@type":"ListItem","position":1,"name":"Home","item":"https:\/\/lionfoods.nl\/fr\/"},{"@type":"ListItem","position":2,"name":"CFO"}]},{"@type":"WebSite","@id":"https:\/\/lionfoods.nl\/#website","url":"https:\/\/lionfoods.nl\/","name":"Lion Foods","description":"","publisher":{"@id":"https:\/\/lionfoods.nl\/#organization"},"potentialAction":[{"@type":"SearchAction","target":{"@type":"EntryPoint","urlTemplate":"https:\/\/lionfoods.nl\/?s={search_term_string}"},"query-input":{"@type":"PropertyValueSpecification","valueRequired":true,"valueName":"search_term_string"}}],"inLanguage":"fr-FR"},{"@type":"Organization","@id":"https:\/\/lionfoods.nl\/#organization","name":"Compozer","url":"https:\/\/lionfoods.nl\/","logo":{"@type":"ImageObject","inLanguage":"fr-FR","@id":"https:\/\/lionfoods.nl\/#\/schema\/logo\/image\/","url":"https:\/\/www.compozer.nl\/app\/uploads\/2021\/11\/logo-compozer_3.svg","contentUrl":"https:\/\/www.compozer.nl\/app\/uploads\/2021\/11\/logo-compozer_3.svg","width":718,"height":257,"caption":"Compozer"},"image":{"@id":"https:\/\/lionfoods.nl\/#\/schema\/logo\/image\/"},"sameAs":["https:\/\/www.linkedin.com\/company\/compozer-nl\/"]}]}},"_links":{"self":[{"href":"https:\/\/lionfoods.nl\/fr\/wp-json\/wp\/v2\/pages\/5834","targetHints":{"allow":["GET"]}}],"collection":[{"href":"https:\/\/lionfoods.nl\/fr\/wp-json\/wp\/v2\/pages"}],"about":[{"href":"https:\/\/lionfoods.nl\/fr\/wp-json\/wp\/v2\/types\/page"}],"author":[{"embeddable":true,"href":"https:\/\/lionfoods.nl\/fr\/wp-json\/wp\/v2\/users\/1"}],"replies":[{"embeddable":true,"href":"https:\/\/lionfoods.nl\/fr\/wp-json\/wp\/v2\/comments?post=5834"}],"version-history":[{"count":2,"href":"https:\/\/lionfoods.nl\/fr\/wp-json\/wp\/v2\/pages\/5834\/revisions"}],"predecessor-version":[{"id":5944,"href":"https:\/\/lionfoods.nl\/fr\/wp-json\/wp\/v2\/pages\/5834\/revisions\/5944"}],"wp:attachment":[{"href":"https:\/\/lionfoods.nl\/fr\/wp-json\/wp\/v2\/media?parent=5834"}],"curies":[{"name":"wp","href":"https:\/\/api.w.org\/{rel}","templated":true}]}}