{"id":5864,"date":"2024-04-02T14:10:41","date_gmt":"2024-04-02T13:10:41","guid":{"rendered":"https:\/\/lionfoods.nl\/product\/"},"modified":"2025-10-14T13:56:51","modified_gmt":"2025-10-14T12:56:51","slug":"product","status":"publish","type":"page","link":"https:\/\/lionfoods.nl\/fr\/product\/","title":{"rendered":"Produits"},"content":{"rendered":"<p>Dit is de homepage<\/p>\n","protected":false},"excerpt":{"rendered":"<p>Dit is de homepage<\/p>\n","protected":false},"author":1,"featured_media":0,"parent":0,"menu_order":35,"comment_status":"closed","ping_status":"closed","template":"","meta":{"_acf_changed":false,"footnotes":""},"class_list":["post-5864","page","type-page","status-publish","hentry"],"acf":{"flexible_content":[{"acf_fc_layout":"pageheader_default","header_media":"image","color_overlay":"rgba(0,0,0,0.3)","hovering_content":false,"platform_choice":"image","video":"","upload_video_file":null,"desktop":{"header_size":"small","fullscreen":null,"large":"{\"original_image\":\"4902\",\"cropped_image\":\"4902\"}","small":"{\"original_image\":\"4902\",\"cropped_image\":\"4902\"}"},"mobile":{"header_size":"small","fullscreen":null,"large":"{\"original_image\":\"4902\",\"cropped_image\":{\"image\":\"2024\/04\/top-onions-studio-17-05-23-1_450x420_acf_cropped.jpg\",\"preview\":\"2024\/04\/preview_top-onions-studio-17-05-23-1_450x420_acf_cropped.jpg\"}}","small":"{\"original_image\":\"4902\",\"cropped_image\":{\"image\":\"2024\/08\/top-onions-studio-17-05-23-1_450x210_acf_cropped.jpg\",\"preview\":\"2024\/08\/preview_top-onions-studio-17-05-23-1_450x210_acf_cropped.jpg\"}}"},"pre_title":"","header_title":"","header_intro":"","header_btn-primary":{"header_btn-color":"is-primary","header_btn":""},"header_btn-secondary":{"header_btn-color":"is-primary","header_btn":""},"header_btn-video":{"header_btn-color":"is-primary","header_btn":""},"layout_custom_css":""},{"acf_fc_layout":"feature","pre_title":"","title":"Nous produisons","intro":"Chez Lion Foods, nous produisons les meilleurs oignons frits croustillants (CFO) et oignons frits fran\u00e7ais (FFO) dans notre r\u00e9gion. Ils sont parfaits pour \u00e9voquer une vari\u00e9t\u00e9 de plats, des hamburgers aux hot-dogs en passant par les salades et les sp\u00e9cialit\u00e9s asiatiques.\r\n\r\nLorsque des travaux sont effectu\u00e9s avec des personnes g\u00e9olocalis\u00e9es aux Pays-Bas et en Belgique, nous avons l'intention de vous assurer que vous \u00eates en mesure de garantir une certaine qualit\u00e9. La porte est zorgvuldige bakproces blijven de uien heerlijk krokant et behouden ze hun authentique smaak.\r\n\r\nParmi les produits exclusifs de King's Harvest, nous avons un des grands producteurs de marque priv\u00e9e qui fabriquent des produits pour le commerce de d\u00e9tail et la restauration. Dankzij onze flexibele productiefaciliteiten and maatwerkopties kunnen wij klanten voorzien van hoogwaardige producten in diverse verpackkingen and speciates.\r\n\r\nKwaliteit, smaak en duurzaamheid \u2013 c'est ce que Lion Foods a \u00e0 offrir !","buttons":null,"media":{"choice":"image","toggle":false,"chosen_element":"","attributes":{"horizontal":"","vertical":"","custom_style_element_size":false,"min_element_size":"","style_element_size":50,"max_element_size":""},"image":"{\"original_image\":\"5746\",\"cropped_image\":{\"image\":\"2025\/03\/Gebakken-uitjes_USPs_ENG-1_x_acf_cropped.jpg\",\"preview\":\"2025\/03\/preview_Gebakken-uitjes_USPs_ENG-1_x_acf_cropped.jpg\"}}","platform":"vimeo","autoplay_toggle":false,"vimeo":"","youtube":"","upload_video_file":null},"type":"left","vertical_alignment":"top","heading_type":"h2","heading":"h2","text_color":"","padding":{"top":"m","bottom":"m"},"layout_bg_show_image":false,"background_color":"","layout_bg_overlay":"","layout_bg_image_desktop":null,"layout_bg_position_desktop":"center","layout_bg_image_mobile":null,"layout_bg_position_mobile":"center","title-transition":{"has_transition":false,"transition_type":"none","transition_offset":"","transition_delay":0},"intro-transition":{"has_transition":false,"transition_type":"none","transition_offset":"","transition_delay":0},"image-transition":{"has_transition":false,"transition_type":"none","transition_offset":"","transition_delay":0},"buttons-transition":{"has_transition":false,"transition_type":"none","transition_offset":"","transition_delay":0},"layout_custom_css":""},{"acf_fc_layout":"grid","pre_title":"","title":" Nos marques","intro":"","layout_columns":"two","photo_format":"rectangle","show_readmore_link":true,"blocks":[{"image":"{\"original_image\":\"5602\",\"cropped_image\":{\"image\":\"2025\/02\/Crispy-Fried-Onions-400gr-1-1_579x353_acf_cropped.png\",\"preview\":\"2025\/02\/preview_Crispy-Fried-Onions-400gr-1-1_579x353_acf_cropped.png\"}}","title":"King Harvest","intro":"Emballages de vente au d\u00e9tail et services alimentaires en plusieurs langues. Si vous souhaitez les distribuer, veuillez nous contacter.","link":{"title":"Veuillez nous contacter","url":"https:\/\/lionfoods.nl\/fr\/contact\/","target":""}},{"image":"{\"original_image\":\"5407\",\"cropped_image\":{\"image\":\"2024\/08\/TOP-fried-onions-1_579x353_acf_cropped.jpg\",\"preview\":\"2024\/08\/preview_TOP-fried-onions-1_579x353_acf_cropped.jpg\"}}","title":" Marque priv\u00e9e","intro":"Nos oignons croustillants sont-ils un compl\u00e9ment id\u00e9al \u00e0 votre gamme de produits ? Nous serions ravis d'explorer les possibilit\u00e9s. Nos sp\u00e9cialistes sont l\u00e0 pour vous aider.","link":{"title":"Veuillez nous contacter","url":"https:\/\/lionfoods.nl\/fr\/contact\/","target":""}}],"heading_type":"h2","heading":"h1","layout_text_align":"centered","background_color":"#f4f4f4","text_color":"","padding":{"top":"m","bottom":"m"},"pre-title-transition":{"has_transition":false,"transition_type":"none","transition_offset":0,"transition_delay":0},"title-transition":{"has_transition":false,"transition_type":"none","transition_offset":"","transition_delay":0},"intro-transition":{"has_transition":false,"transition_type":"none","transition_offset":"","transition_delay":0},"text-transition":{"has_transition":false,"transition_type":"none","transition_offset":"","transition_delay":0},"layout_custom_css":""},{"acf_fc_layout":"team","pre_title":"","title":" Veuillez nous contacter","intro":"","view_format":"grid","layout_columns":"three","photo_format":"rectangle","blocks":[{"image":"{\"original_image\":\"5550\",\"cropped_image\":{\"image\":\"2025\/02\/Max_752x458_acf_cropped.jpg\",\"preview\":\"2025\/02\/preview_Max_752x458_acf_cropped.jpg\"}}","name":"Max van Hoek","role":"Export Sales Manager","info":"","email":"m.vanhoek@lionfoods.nl","phone":"+31(0)6 22 82 46 66","linkedin":"","link":""},{"image":"{\"original_image\":\"5554\",\"cropped_image\":{\"image\":\"2025\/02\/Cas_752x458_acf_cropped.jpg\",\"preview\":\"2025\/02\/preview_Cas_752x458_acf_cropped.jpg\"}}","name":"Cas Uijtenhaak","role":"Export Sales Manager","info":"","email":"c.uijtenhaak@lionfoods.nl","phone":"+31(0)6 20 63 41 36","linkedin":"","link":""},{"image":"{\"original_image\":\"5558\",\"cropped_image\":{\"image\":\"2025\/02\/Arie_752x458_acf_cropped.jpg\",\"preview\":\"2025\/02\/preview_Arie_752x458_acf_cropped.jpg\"}}","name":"Arie Pronk","role":"Export Sales Manager","info":"","email":"a.pronk@lionfoods.nl","phone":"+31(0)6 22 38 77 23","linkedin":"","link":""},{"image":"{\"original_image\":\"5562\",\"cropped_image\":{\"image\":\"2025\/02\/Rogier_752x458_acf_cropped.jpg\",\"preview\":\"2025\/02\/preview_Rogier_752x458_acf_cropped.jpg\"}}","name":"Rogier Janssen","role":"Export Sales Manager","info":"","email":"r.janssen@lionfoods.nl","phone":"+55 119 953 099 01","linkedin":"","link":""}],"heading_type":"h2","heading":"h2","layout_text_align":"centered","text_color":"","padding":{"top":"m","bottom":"m"},"layout_bg_show_image":false,"background_color":"","layout_bg_overlay":"","layout_bg_image_desktop":null,"layout_bg_position_desktop":"center","layout_bg_image_mobile":null,"layout_bg_position_mobile":"center","pre-title-transition":{"has_transition":false,"transition_type":"none","transition_offset":0,"transition_delay":0},"title-transition":{"has_transition":false,"transition_type":"none","transition_offset":"","transition_delay":0},"intro-transition":{"has_transition":false,"transition_type":"none","transition_offset":"","transition_delay":0},"text-transition":{"has_transition":false,"transition_type":"none","transition_offset":"","transition_delay":0},"layout_custom_css":""}]},"yoast_head":"<!-- This site is optimized with the Yoast SEO plugin v27.0 - https:\/\/yoast.com\/product\/yoast-seo-wordpress\/ -->\n<title>Produits - Lion Foods<\/title>\n<meta name=\"robots\" content=\"index, follow, max-snippet:-1, max-image-preview:large, max-video-preview:-1\" \/>\n<link rel=\"canonical\" href=\"https:\/\/lionfoods.nl\/fr\/product\/\" \/>\n<meta property=\"og:locale\" content=\"fr_FR\" \/>\n<meta property=\"og:type\" content=\"article\" \/>\n<meta property=\"og:title\" content=\"Compozer: Bouw je website in \u00e9\u00e9n dag!\" \/>\n<meta property=\"og:description\" content=\"Dit is de homepage\" \/>\n<meta property=\"og:url\" content=\"https:\/\/lionfoods.nl\/fr\/product\/\" \/>\n<meta property=\"og:site_name\" content=\"Lion Foods\" \/>\n<meta property=\"article:modified_time\" content=\"2025-10-14T12:56:51+00:00\" \/>\n<meta name=\"twitter:card\" content=\"summary_large_image\" \/>\n<meta name=\"twitter:title\" content=\"Compozer: Bouw je website in \u00e9\u00e9n dag!\" \/>\n<meta name=\"twitter:label1\" content=\"Est. reading time\" \/>\n\t<meta name=\"twitter:data1\" content=\"2 minutes\" \/>\n<script type=\"application\/ld+json\" class=\"yoast-schema-graph\">{\"@context\":\"https:\/\/schema.org\",\"@graph\":[{\"@type\":\"WebPage\",\"@id\":\"https:\/\/lionfoods.nl\/fr\/product\/\",\"url\":\"https:\/\/lionfoods.nl\/fr\/product\/\",\"name\":\"Produits - Lion Foods\",\"isPartOf\":{\"@id\":\"https:\/\/lionfoods.nl\/#website\"},\"datePublished\":\"2024-04-02T13:10:41+00:00\",\"dateModified\":\"2025-10-14T12:56:51+00:00\",\"breadcrumb\":{\"@id\":\"https:\/\/lionfoods.nl\/fr\/product\/#breadcrumb\"},\"inLanguage\":\"fr-FR\",\"potentialAction\":[{\"@type\":\"ReadAction\",\"target\":[\"https:\/\/lionfoods.nl\/fr\/product\/\"]}]},{\"@type\":\"BreadcrumbList\",\"@id\":\"https:\/\/lionfoods.nl\/fr\/product\/#breadcrumb\",\"itemListElement\":[{\"@type\":\"ListItem\",\"position\":1,\"name\":\"Home\",\"item\":\"https:\/\/lionfoods.nl\/fr\/\"},{\"@type\":\"ListItem\",\"position\":2,\"name\":\"Produits\"}]},{\"@type\":\"WebSite\",\"@id\":\"https:\/\/lionfoods.nl\/#website\",\"url\":\"https:\/\/lionfoods.nl\/\",\"name\":\"Lion Foods\",\"description\":\"\",\"publisher\":{\"@id\":\"https:\/\/lionfoods.nl\/#organization\"},\"potentialAction\":[{\"@type\":\"SearchAction\",\"target\":{\"@type\":\"EntryPoint\",\"urlTemplate\":\"https:\/\/lionfoods.nl\/?s={search_term_string}\"},\"query-input\":{\"@type\":\"PropertyValueSpecification\",\"valueRequired\":true,\"valueName\":\"search_term_string\"}}],\"inLanguage\":\"fr-FR\"},{\"@type\":\"Organization\",\"@id\":\"https:\/\/lionfoods.nl\/#organization\",\"name\":\"Compozer\",\"url\":\"https:\/\/lionfoods.nl\/\",\"logo\":{\"@type\":\"ImageObject\",\"inLanguage\":\"fr-FR\",\"@id\":\"https:\/\/lionfoods.nl\/#\/schema\/logo\/image\/\",\"url\":\"https:\/\/www.compozer.nl\/app\/uploads\/2021\/11\/logo-compozer_3.svg\",\"contentUrl\":\"https:\/\/www.compozer.nl\/app\/uploads\/2021\/11\/logo-compozer_3.svg\",\"width\":718,\"height\":257,\"caption\":\"Compozer\"},\"image\":{\"@id\":\"https:\/\/lionfoods.nl\/#\/schema\/logo\/image\/\"},\"sameAs\":[\"https:\/\/www.linkedin.com\/company\/compozer-nl\/\"]}]}<\/script>\n<!-- \/ Yoast SEO plugin. -->","yoast_head_json":{"title":"Produits - Lion Foods","robots":{"index":"index","follow":"follow","max-snippet":"max-snippet:-1","max-image-preview":"max-image-preview:large","max-video-preview":"max-video-preview:-1"},"canonical":"https:\/\/lionfoods.nl\/fr\/product\/","og_locale":"fr_FR","og_type":"article","og_title":"Compozer: Bouw je website in \u00e9\u00e9n dag!","og_description":"Dit is de homepage","og_url":"https:\/\/lionfoods.nl\/fr\/product\/","og_site_name":"Lion Foods","article_modified_time":"2025-10-14T12:56:51+00:00","twitter_card":"summary_large_image","twitter_title":"Compozer: Bouw je website in \u00e9\u00e9n dag!","twitter_misc":{"Est. reading time":"2 minutes"},"schema":{"@context":"https:\/\/schema.org","@graph":[{"@type":"WebPage","@id":"https:\/\/lionfoods.nl\/fr\/product\/","url":"https:\/\/lionfoods.nl\/fr\/product\/","name":"Produits - Lion Foods","isPartOf":{"@id":"https:\/\/lionfoods.nl\/#website"},"datePublished":"2024-04-02T13:10:41+00:00","dateModified":"2025-10-14T12:56:51+00:00","breadcrumb":{"@id":"https:\/\/lionfoods.nl\/fr\/product\/#breadcrumb"},"inLanguage":"fr-FR","potentialAction":[{"@type":"ReadAction","target":["https:\/\/lionfoods.nl\/fr\/product\/"]}]},{"@type":"BreadcrumbList","@id":"https:\/\/lionfoods.nl\/fr\/product\/#breadcrumb","itemListElement":[{"@type":"ListItem","position":1,"name":"Home","item":"https:\/\/lionfoods.nl\/fr\/"},{"@type":"ListItem","position":2,"name":"Produits"}]},{"@type":"WebSite","@id":"https:\/\/lionfoods.nl\/#website","url":"https:\/\/lionfoods.nl\/","name":"Lion Foods","description":"","publisher":{"@id":"https:\/\/lionfoods.nl\/#organization"},"potentialAction":[{"@type":"SearchAction","target":{"@type":"EntryPoint","urlTemplate":"https:\/\/lionfoods.nl\/?s={search_term_string}"},"query-input":{"@type":"PropertyValueSpecification","valueRequired":true,"valueName":"search_term_string"}}],"inLanguage":"fr-FR"},{"@type":"Organization","@id":"https:\/\/lionfoods.nl\/#organization","name":"Compozer","url":"https:\/\/lionfoods.nl\/","logo":{"@type":"ImageObject","inLanguage":"fr-FR","@id":"https:\/\/lionfoods.nl\/#\/schema\/logo\/image\/","url":"https:\/\/www.compozer.nl\/app\/uploads\/2021\/11\/logo-compozer_3.svg","contentUrl":"https:\/\/www.compozer.nl\/app\/uploads\/2021\/11\/logo-compozer_3.svg","width":718,"height":257,"caption":"Compozer"},"image":{"@id":"https:\/\/lionfoods.nl\/#\/schema\/logo\/image\/"},"sameAs":["https:\/\/www.linkedin.com\/company\/compozer-nl\/"]}]}},"_links":{"self":[{"href":"https:\/\/lionfoods.nl\/fr\/wp-json\/wp\/v2\/pages\/5864","targetHints":{"allow":["GET"]}}],"collection":[{"href":"https:\/\/lionfoods.nl\/fr\/wp-json\/wp\/v2\/pages"}],"about":[{"href":"https:\/\/lionfoods.nl\/fr\/wp-json\/wp\/v2\/types\/page"}],"author":[{"embeddable":true,"href":"https:\/\/lionfoods.nl\/fr\/wp-json\/wp\/v2\/users\/1"}],"replies":[{"embeddable":true,"href":"https:\/\/lionfoods.nl\/fr\/wp-json\/wp\/v2\/comments?post=5864"}],"version-history":[{"count":7,"href":"https:\/\/lionfoods.nl\/fr\/wp-json\/wp\/v2\/pages\/5864\/revisions"}],"predecessor-version":[{"id":5994,"href":"https:\/\/lionfoods.nl\/fr\/wp-json\/wp\/v2\/pages\/5864\/revisions\/5994"}],"wp:attachment":[{"href":"https:\/\/lionfoods.nl\/fr\/wp-json\/wp\/v2\/media?parent=5864"}],"curies":[{"name":"wp","href":"https:\/\/api.w.org\/{rel}","templated":true}]}}